{"id":1122580,"date":"2020-04-09T17:16:25","date_gmt":"2020-04-09T21:16:25","guid":{"rendered":""},"modified":"2023-12-05T10:54:21","modified_gmt":"2023-12-05T15:54:21","slug":"parcours-guides-accueil","status":"publish","type":"page","link":"https:\/\/stepstojustice.ca\/fr\/parcours-guides-accueil\/","title":{"rendered":"Parcours guid\u00e9s"},"content":{"rendered":"<!-- AddThis Advanced Settings generic via filter on the_content --><!-- AddThis Share Buttons generic via filter on the_content -->","protected":false},"excerpt":{"rendered":"<p><!-- AddThis Advanced Settings generic via filter on get_the_excerpt --><!-- AddThis Share Buttons generic via filter on get_the_excerpt --><\/p>\n","protected":false},"author":3,"featured_media":0,"parent":0,"menu_order":0,"comment_status":"closed","ping_status":"closed","template":"template-pathways.php","meta":{"ub_ctt_via":"","inline_featured_image":false,"footnotes":""},"class_list":["post-1122580","page","type-page","status-publish","hentry"],"featured_image_src":null,"yoast_head":"<!-- This site is optimized with the Yoast SEO Premium plugin v23.9 (Yoast SEO v23.9) - https:\/\/yoast.com\/wordpress\/plugins\/seo\/ -->\n<title>Parcours guid\u00e9s - Justice pas-\u00e0-pas<\/title>\n<meta name=\"description\" content=\"Vous pouvez utiliser les questionnaires gratuits en ligne pour remplir des formulaires judiciaires, r\u00e9diger des lettres et identifier vos prochaines \u00e9tapes.\" \/>\n<meta name=\"robots\" content=\"index, follow, max-snippet:-1, max-image-preview:large, max-video-preview:-1\" \/>\n<link rel=\"canonical\" href=\"https:\/\/stepstojustice.ca\/fr\/parcours-guides-accueil\/\" \/>\n<meta property=\"og:locale\" content=\"fr_FR\" \/>\n<meta property=\"og:type\" content=\"article\" \/>\n<meta property=\"og:title\" content=\"Parcours guid\u00e9s - Justice pas-\u00e0-pas\" \/>\n<meta property=\"og:description\" content=\"Vous pouvez utiliser les questionnaires gratuits en ligne pour remplir des formulaires judiciaires, r\u00e9diger des lettres et identifier vos prochaines \u00e9tapes.\" \/>\n<meta property=\"og:url\" content=\"https:\/\/stepstojustice.ca\/fr\/parcours-guides-accueil\/\" \/>\n<meta property=\"og:site_name\" content=\"Justice pas-\u00e0-pas\" \/>\n<meta property=\"article:publisher\" content=\"https:\/\/www.facebook.com\/CLEOLegalRights\/\" \/>\n<meta property=\"article:modified_time\" content=\"2023-12-05T15:54:21+00:00\" \/>\n<meta property=\"og:image\" content=\"https:\/\/stepstojustice.ca\/wp-content\/uploads\/Steps-to-Justice-logo.jpg\" \/>\n\t<meta property=\"og:image:width\" content=\"1200\" \/>\n\t<meta property=\"og:image:height\" content=\"650\" \/>\n\t<meta property=\"og:image:type\" content=\"image\/jpeg\" \/>\n<meta name=\"twitter:card\" content=\"summary_large_image\" \/>\n<meta name=\"twitter:site\" content=\"@CLEOLegalRights\" \/>\n<script type=\"application\/ld+json\" class=\"yoast-schema-graph\">{\"@context\":\"https:\/\/schema.org\",\"@graph\":[{\"@type\":\"WebPage\",\"@id\":\"https:\/\/stepstojustice.ca\/fr\/parcours-guides-accueil\/\",\"url\":\"https:\/\/stepstojustice.ca\/fr\/parcours-guides-accueil\/\",\"name\":\"Parcours guid\u00e9s - Justice pas-\u00e0-pas\",\"isPartOf\":{\"@id\":\"https:\/\/stepstojustice.ca\/fr\/#website\"},\"datePublished\":\"2020-04-09T21:16:25+00:00\",\"dateModified\":\"2023-12-05T15:54:21+00:00\",\"description\":\"Vous pouvez utiliser les questionnaires gratuits en ligne pour remplir des formulaires judiciaires, r\u00e9diger des lettres et identifier vos prochaines \u00e9tapes.\",\"breadcrumb\":{\"@id\":\"https:\/\/stepstojustice.ca\/fr\/parcours-guides-accueil\/#breadcrumb\"},\"inLanguage\":\"fr-FR\",\"potentialAction\":[{\"@type\":\"ReadAction\",\"target\":[\"https:\/\/stepstojustice.ca\/fr\/parcours-guides-accueil\/\"]}]},{\"@type\":\"BreadcrumbList\",\"@id\":\"https:\/\/stepstojustice.ca\/fr\/parcours-guides-accueil\/#breadcrumb\",\"itemListElement\":[{\"@type\":\"ListItem\",\"position\":1,\"name\":\"Home\",\"item\":\"https:\/\/stepstojustice.ca\/fr\/\"},{\"@type\":\"ListItem\",\"position\":2,\"name\":\"Parcours guid\u00e9s\"}]},{\"@type\":\"WebSite\",\"@id\":\"https:\/\/stepstojustice.ca\/fr\/#website\",\"url\":\"https:\/\/stepstojustice.ca\/fr\/\",\"name\":\"Justice pas-\u00e0-pas\",\"description\":\"Step-by-step information about legal problems\",\"publisher\":{\"@id\":\"https:\/\/stepstojustice.ca\/fr\/#organization\"},\"potentialAction\":[{\"@type\":\"SearchAction\",\"target\":{\"@type\":\"EntryPoint\",\"urlTemplate\":\"https:\/\/stepstojustice.ca\/fr\/?s={search_term_string}\"},\"query-input\":{\"@type\":\"PropertyValueSpecification\",\"valueRequired\":true,\"valueName\":\"search_term_string\"}}],\"inLanguage\":\"fr-FR\"},{\"@type\":\"Organization\",\"@id\":\"https:\/\/stepstojustice.ca\/fr\/#organization\",\"name\":\"Justice pas-\u00e0-pas\",\"url\":\"https:\/\/stepstojustice.ca\/fr\/\",\"logo\":{\"@type\":\"ImageObject\",\"inLanguage\":\"fr-FR\",\"@id\":\"https:\/\/stepstojustice.ca\/fr\/#\/schema\/logo\/image\/\",\"url\":\"https:\/\/stepstojustice.ca\/wp-content\/uploads\/2020\/10\/logo-s2j.png\",\"contentUrl\":\"https:\/\/stepstojustice.ca\/wp-content\/uploads\/2020\/10\/logo-s2j.png\",\"width\":1000,\"height\":146,\"caption\":\"Justice pas-\u00e0-pas\"},\"image\":{\"@id\":\"https:\/\/stepstojustice.ca\/fr\/#\/schema\/logo\/image\/\"},\"sameAs\":[\"https:\/\/www.facebook.com\/CLEOLegalRights\/\",\"https:\/\/x.com\/CLEOLegalRights\",\"https:\/\/www.instagram.com\/communitylegaleducationon\/\"]}]}<\/script>\n<!-- \/ Yoast SEO Premium plugin. -->","yoast_head_json":{"title":"Parcours guid\u00e9s - Justice pas-\u00e0-pas","description":"Vous pouvez utiliser les questionnaires gratuits en ligne pour remplir des formulaires judiciaires, r\u00e9diger des lettres et identifier vos prochaines \u00e9tapes.","robots":{"index":"index","follow":"follow","max-snippet":"max-snippet:-1","max-image-preview":"max-image-preview:large","max-video-preview":"max-video-preview:-1"},"canonical":"https:\/\/stepstojustice.ca\/fr\/parcours-guides-accueil\/","og_locale":"fr_FR","og_type":"article","og_title":"Parcours guid\u00e9s - Justice pas-\u00e0-pas","og_description":"Vous pouvez utiliser les questionnaires gratuits en ligne pour remplir des formulaires judiciaires, r\u00e9diger des lettres et identifier vos prochaines \u00e9tapes.","og_url":"https:\/\/stepstojustice.ca\/fr\/parcours-guides-accueil\/","og_site_name":"Justice pas-\u00e0-pas","article_publisher":"https:\/\/www.facebook.com\/CLEOLegalRights\/","article_modified_time":"2023-12-05T15:54:21+00:00","og_image":[{"width":1200,"height":650,"url":"https:\/\/stepstojustice.ca\/wp-content\/uploads\/Steps-to-Justice-logo.jpg","type":"image\/jpeg"}],"twitter_card":"summary_large_image","twitter_site":"@CLEOLegalRights","schema":{"@context":"https:\/\/schema.org","@graph":[{"@type":"WebPage","@id":"https:\/\/stepstojustice.ca\/fr\/parcours-guides-accueil\/","url":"https:\/\/stepstojustice.ca\/fr\/parcours-guides-accueil\/","name":"Parcours guid\u00e9s - Justice pas-\u00e0-pas","isPartOf":{"@id":"https:\/\/stepstojustice.ca\/fr\/#website"},"datePublished":"2020-04-09T21:16:25+00:00","dateModified":"2023-12-05T15:54:21+00:00","description":"Vous pouvez utiliser les questionnaires gratuits en ligne pour remplir des formulaires judiciaires, r\u00e9diger des lettres et identifier vos prochaines \u00e9tapes.","breadcrumb":{"@id":"https:\/\/stepstojustice.ca\/fr\/parcours-guides-accueil\/#breadcrumb"},"inLanguage":"fr-FR","potentialAction":[{"@type":"ReadAction","target":["https:\/\/stepstojustice.ca\/fr\/parcours-guides-accueil\/"]}]},{"@type":"BreadcrumbList","@id":"https:\/\/stepstojustice.ca\/fr\/parcours-guides-accueil\/#breadcrumb","itemListElement":[{"@type":"ListItem","position":1,"name":"Home","item":"https:\/\/stepstojustice.ca\/fr\/"},{"@type":"ListItem","position":2,"name":"Parcours guid\u00e9s"}]},{"@type":"WebSite","@id":"https:\/\/stepstojustice.ca\/fr\/#website","url":"https:\/\/stepstojustice.ca\/fr\/","name":"Justice pas-\u00e0-pas","description":"Step-by-step information about legal problems","publisher":{"@id":"https:\/\/stepstojustice.ca\/fr\/#organization"},"potentialAction":[{"@type":"SearchAction","target":{"@type":"EntryPoint","urlTemplate":"https:\/\/stepstojustice.ca\/fr\/?s={search_term_string}"},"query-input":{"@type":"PropertyValueSpecification","valueRequired":true,"valueName":"search_term_string"}}],"inLanguage":"fr-FR"},{"@type":"Organization","@id":"https:\/\/stepstojustice.ca\/fr\/#organization","name":"Justice pas-\u00e0-pas","url":"https:\/\/stepstojustice.ca\/fr\/","logo":{"@type":"ImageObject","inLanguage":"fr-FR","@id":"https:\/\/stepstojustice.ca\/fr\/#\/schema\/logo\/image\/","url":"https:\/\/stepstojustice.ca\/wp-content\/uploads\/2020\/10\/logo-s2j.png","contentUrl":"https:\/\/stepstojustice.ca\/wp-content\/uploads\/2020\/10\/logo-s2j.png","width":1000,"height":146,"caption":"Justice pas-\u00e0-pas"},"image":{"@id":"https:\/\/stepstojustice.ca\/fr\/#\/schema\/logo\/image\/"},"sameAs":["https:\/\/www.facebook.com\/CLEOLegalRights\/","https:\/\/x.com\/CLEOLegalRights","https:\/\/www.instagram.com\/communitylegaleducationon\/"]}]}},"meta_box":{"contact_shortcode":"","contact_address":"","contact_address_details":"","contact_map":{"latitude":"","longitude":"","zoom":""},"remove_map":"","contact_company_name":"","contact_company_phones":[],"contact_company_email":"","contact_textarea":"","contact_other_text_block":"","contact_other_locations_show":"","contact_other_locations_title":"","contact_other_locations_type":"","contact_other_locations":[],"contact_gmaps_zoom_control":"","contact_gmaps_map_type_control":"","contact_gmaps_scaleControl":"","contact_gmaps_streetViewControl":"","contact_gmaps_rotateControl":"","contact_gmaps_fullscreenControl":"","location_gmaps_zoom_control":"","location_gmaps_map_type_control":"","location_gmaps_scaleControl":"","location_gmaps_streetViewControl":"","location_gmaps_rotateControl":"","location_gmaps_fullscreenControl":"","menu_page_links_type":"","menu_page_links":[],"menu_page_links_bottom_content":"","external_links_type":"","external_links":[],"external_sublinks":[],"private_staff_information_blocks":[],"private_staff_links_title":"","private_staff_links":[],"legal_topic_menu":[],"sb_display_type":"","sb_people_block":[],"homepage_partners_title":"","homepage_partners_button_text":"","homepage_partners_button_url":"","homepage_partners_menu":"","homepage_gp_title":"","homepage_gp_description":"","homepage_gp_menu":"","homepage_announcements_title":"","homepage_announcements_button_text":"","homepage_announcements_button_url":"","announcements":[],"homepage_topics_menu":"","homepage_position_of_illustration":"","homepage_top_section_title":"","homepage_top_section_description":"","homepage_top_section_search_placeholder":"","header_subtitle":"Remplir les formules judiciaires","header_image":[{"width":240,"height":128,"file":"guided-pathways-image.webp","filesize":19168,"sizes":{"thumbnail":{"file":"guided-pathways-image-240x128.webp","width":240,"height":128,"mime-type":"image\/webp","filesize":8092,"url":"https:\/\/stepstojustice.ca\/wp-content\/uploads\/guided-pathways-image-240x128.webp"},"half-thumb":{"file":"guided-pathways-image-100x53.webp","width":100,"height":53,"mime-type":"image\/webp","filesize":2950,"url":"https:\/\/stepstojustice.ca\/wp-content\/uploads\/guided-pathways-image-100x53.webp"},"logotype":{"file":"guided-pathways-image-112x60.webp","width":112,"height":60,"mime-type":"image\/webp","filesize":3388,"url":"https:\/\/stepstojustice.ca\/wp-content\/uploads\/guided-pathways-image-112x60.webp"},"news-small":{"file":"guided-pathways-image-465x300.webp","width":465,"height":300,"mime-type":"image\/webp","filesize":18164,"url":"https:\/\/stepstojustice.ca\/wp-content\/uploads\/guided-pathways-image-465x300.webp"},"contact-big-block":{"file":"guided-pathways-image-200x200.webp","width":200,"height":200,"mime-type":"image\/webp","filesize":6470,"url":"https:\/\/stepstojustice.ca\/wp-content\/uploads\/guided-pathways-image-200x200.webp"},"target-audience":{"file":"guided-pathways-image-550x360.webp","width":550,"height":360,"mime-type":"image\/webp","filesize":21632,"url":"https:\/\/stepstojustice.ca\/wp-content\/uploads\/guided-pathways-image-550x360.webp"},"blog-image":{"file":"guided-pathways-image-190x102.webp","width":190,"height":102,"mime-type":"image\/webp","filesize":6222,"url":"https:\/\/stepstojustice.ca\/wp-content\/uploads\/guided-pathways-image-190x102.webp"},"events-list-image":{"file":"guided-pathways-image-540x240.webp","width":540,"height":240,"mime-type":"image\/webp","filesize":16778,"url":"https:\/\/stepstojustice.ca\/wp-content\/uploads\/guided-pathways-image-540x240.webp"},"ex-image":{"file":"guided-pathways-image-318x170.webp","width":318,"height":170,"mime-type":"image\/webp","filesize":11078,"url":"https:\/\/stepstojustice.ca\/wp-content\/uploads\/guided-pathways-image-318x170.webp"},"board-list":{"file":"guided-pathways-image-311x166.webp","width":311,"height":166,"mime-type":"image\/webp","filesize":10636,"url":"https:\/\/stepstojustice.ca\/wp-content\/uploads\/guided-pathways-image-311x166.webp"},"board-column":{"file":"guided-pathways-image-670x358.webp","width":670,"height":358,"mime-type":"image\/webp","filesize":24026,"url":"https:\/\/stepstojustice.ca\/wp-content\/uploads\/guided-pathways-image-670x358.webp"},"menu-page-link":{"file":"guided-pathways-image-325x210.webp","width":325,"height":210,"mime-type":"image\/webp","filesize":12264,"url":"https:\/\/stepstojustice.ca\/wp-content\/uploads\/guided-pathways-image-325x210.webp"},"footer-social-link-image":{"file":"guided-pathways-image-30x16.webp","width":30,"height":16,"mime-type":"image\/webp","filesize":802,"url":"https:\/\/stepstojustice.ca\/wp-content\/uploads\/guided-pathways-image-30x16.webp"},"menu-24x24":{"file":"guided-pathways-image-24x13.webp","width":24,"height":13,"mime-type":"image\/webp","filesize":666,"url":"https:\/\/stepstojustice.ca\/wp-content\/uploads\/guided-pathways-image-24x13.webp"},"menu-36x36":{"file":"guided-pathways-image-36x19.webp","width":36,"height":19,"mime-type":"image\/webp","filesize":936,"url":"https:\/\/stepstojustice.ca\/wp-content\/uploads\/guided-pathways-image-36x19.webp"},"menu-48x48":{"file":"guided-pathways-image-48x26.webp","width":48,"height":26,"mime-type":"image\/webp","filesize":1320,"url":"https:\/\/stepstojustice.ca\/wp-content\/uploads\/guided-pathways-image-48x26.webp"}},"image_meta":{"aperture":"0","credit":"","camera":"","caption":"","created_timestamp":"0","copyright":"","focal_length":"0","iso":"0","shutter_speed":"0","title":"","orientation":"0","keywords":[]},"ID":"1251014","name":"guided-pathways-image.webp","path":"\/home\/stepstojustice\/public_html\/wp-content\/uploads\/guided-pathways-image.webp","url":"https:\/\/stepstojustice.ca\/wp-content\/uploads\/guided-pathways-image-240x128.webp","full_url":"https:\/\/stepstojustice.ca\/wp-content\/uploads\/guided-pathways-image.webp","title":"guided-pathways-image","caption":"","description":"","alt":"","srcset":"https:\/\/stepstojustice.ca\/wp-content\/uploads\/guided-pathways-image-240x128.webp 240w, https:\/\/stepstojustice.ca\/wp-content\/uploads\/guided-pathways-image-100x53.webp 100w, https:\/\/stepstojustice.ca\/wp-content\/uploads\/guided-pathways-image-112x60.webp 112w, https:\/\/stepstojustice.ca\/wp-content\/uploads\/guided-pathways-image-190x102.webp 190w, https:\/\/stepstojustice.ca\/wp-content\/uploads\/guided-pathways-image-318x170.webp 318w, https:\/\/stepstojustice.ca\/wp-content\/uploads\/guided-pathways-image-311x166.webp 311w, https:\/\/stepstojustice.ca\/wp-content\/uploads\/guided-pathways-image-670x358.webp 670w, https:\/\/stepstojustice.ca\/wp-content\/uploads\/guided-pathways-image-30x16.webp 30w, https:\/\/stepstojustice.ca\/wp-content\/uploads\/guided-pathways-image-24x13.webp 24w, https:\/\/stepstojustice.ca\/wp-content\/uploads\/guided-pathways-image-36x19.webp 36w, https:\/\/stepstojustice.ca\/wp-content\/uploads\/guided-pathways-image-48x26.webp 48w, https:\/\/stepstojustice.ca\/wp-content\/uploads\/guided-pathways-image.webp 743w"}],"header_content":"<p class=\"text\">Vous pouvez utiliser les questionnaires gratuits en ligne de CLEO pour remplir des formulaires judiciaires, r\u00e9diger des lettres et identifier vos prochaines \u00e9tapes.<\/p>\n<p class=\"text\">Les Parcours guid\u00e9s vous posent des questions, puis inscrivent vos r\u00e9ponses dans les formulaires et les lettres requis. Lorsque vous avez termin\u00e9, vous pouvez enregistrer et imprimer vos documents.<\/p>\n","page_icon":[]},"_links":{"self":[{"href":"https:\/\/stepstojustice.ca\/fr\/wp-json\/wp\/v2\/pages\/1122580","targetHints":{"allow":["GET"]}}],"collection":[{"href":"https:\/\/stepstojustice.ca\/fr\/wp-json\/wp\/v2\/pages"}],"about":[{"href":"https:\/\/stepstojustice.ca\/fr\/wp-json\/wp\/v2\/types\/page"}],"author":[{"embeddable":true,"href":"https:\/\/stepstojustice.ca\/fr\/wp-json\/wp\/v2\/users\/3"}],"replies":[{"embeddable":true,"href":"https:\/\/stepstojustice.ca\/fr\/wp-json\/wp\/v2\/comments?post=1122580"}],"version-history":[{"count":5,"href":"https:\/\/stepstojustice.ca\/fr\/wp-json\/wp\/v2\/pages\/1122580\/revisions"}],"predecessor-version":[{"id":1259637,"href":"https:\/\/stepstojustice.ca\/fr\/wp-json\/wp\/v2\/pages\/1122580\/revisions\/1259637"}],"wp:attachment":[{"href":"https:\/\/stepstojustice.ca\/fr\/wp-json\/wp\/v2\/media?parent=1122580"}],"curies":[{"name":"wp","href":"https:\/\/api.w.org\/{rel}","templated":true}]}}