{"id":1122597,"date":"2018-08-09T15:04:39","date_gmt":"2018-08-09T19:04:39","guid":{"rendered":""},"modified":"2018-08-09T15:06:13","modified_gmt":"2018-08-09T15:06:13","slug":"incorporer-un-sous-sujet-page-compl\u00e8te-0","status":"publish","type":"page","link":"https:\/\/stepstojustice.ca\/fr\/incorporer-un-sous-sujet-page-compl\u00e8te-0\/","title":{"rendered":"Incorporer un sous-sujet (page compl\u00e8te)"},"content":{"rendered":"<p>La page compl\u00e8te s\u2019adapte aux dimensions de l\u2019endroit o\u00f9 vous l\u2019incorporez sur votre site Web. Les liens sont cliquables, donc vos visiteurs demeurent sur votre site. L\u2019encadr\u00e9, qui est plus petit, occupe moins de surface sur la page, et les liens s\u2019ouvrent dans une nouvelle fen\u00eatre, sur le site Justice pas-\u00e0-pas. Le contenu de Justice pas-\u00e0-pas peut \u00eatre incorpor\u00e9 en deux tailles et en deux couleurs.<\/p>\n<div id=\"s2j-container\">&nbsp;<\/div>\n<p><script type=\"text\/javascript\">\n(function(w,d,s,u,o){w[\"S2jObject\"]=o;w[o]=w[o]||function(){(w[o].q=w[o].q||[]).push(arguments)},w[o].l=1*new Date();var js,fjs=d.getElementsByTagName(s)[0];js=d.createElement(s);js.src=u;fjs.parentNode.insertBefore(js,fjs);})(window,document,\"script\",\"https:\/\/stepstojustice.ca\/sites\/all\/themes\/s2j_bootstrap\/widget\/widget.js\",\"s2j\");s2j(\"ODIz\",\"ODky\",\"\",\"b24=\",\"s2j-container\",\"\",\"ZnI=\");<\/script><\/p>\n<p>\n<!-- AddThis Advanced Settings generic via filter on the_content --><!-- AddThis Share Buttons generic via filter on the_content -->","protected":false},"excerpt":{"rendered":"<p>La page compl\u00e8te s\u2019adapte aux dimensions de l\u2019endroit o\u00f9 vous l\u2019incorporez sur votre site Web. Les liens sont cliquables, donc vos visiteurs demeurent sur votre site. L\u2019encadr\u00e9, qui est plus petit, occupe moins de surface sur la page, et les liens s\u2019ouvrent dans une nouvelle fen\u00eatre, sur le site Justice pas-\u00e0-pas.<!-- AddThis Advanced Settings generic via filter on get_the_excerpt --><!-- AddThis Share Buttons generic via filter on get_the_excerpt --><\/p>\n","protected":false},"author":3,"featured_media":0,"parent":0,"menu_order":0,"comment_status":"open","ping_status":"open","template":"","meta":{"ub_ctt_via":"","inline_featured_image":false,"footnotes":""},"class_list":["post-1122597","page","type-page","status-publish","hentry"],"featured_image_src":null,"yoast_head":"<!-- This site is optimized with the Yoast SEO Premium plugin v23.9 (Yoast SEO v23.9) - https:\/\/yoast.com\/wordpress\/plugins\/seo\/ -->\n<title>Incorporer un sous-sujet (page compl\u00e8te) - Justice pas-\u00e0-pas<\/title>\n<meta name=\"description\" content=\"La page compl\u00e8te s\u2019adapte aux dimensions de l\u2019endroit o\u00f9 vous l\u2019incorporez sur votre site Web. Les liens sont cliquables, donc vos visiteurs demeurent sur\" \/>\n<meta name=\"robots\" content=\"index, follow, max-snippet:-1, max-image-preview:large, max-video-preview:-1\" \/>\n<link rel=\"canonical\" href=\"https:\/\/stepstojustice.ca\/fr\/incorporer-un-sous-sujet-page-compl\u00e8te-0\/\" \/>\n<meta property=\"og:locale\" content=\"fr_FR\" \/>\n<meta property=\"og:type\" content=\"article\" \/>\n<meta property=\"og:title\" content=\"Incorporer un sous-sujet (page compl\u00e8te) - Justice pas-\u00e0-pas\" \/>\n<meta property=\"og:description\" content=\"La page compl\u00e8te s\u2019adapte aux dimensions de l\u2019endroit o\u00f9 vous l\u2019incorporez sur votre site Web. Les liens sont cliquables, donc vos visiteurs demeurent sur\" \/>\n<meta property=\"og:url\" content=\"https:\/\/stepstojustice.ca\/fr\/incorporer-un-sous-sujet-page-compl\u00e8te-0\/\" \/>\n<meta property=\"og:site_name\" content=\"Justice pas-\u00e0-pas\" \/>\n<meta property=\"article:publisher\" content=\"https:\/\/www.facebook.com\/CLEOLegalRights\/\" \/>\n<meta property=\"article:modified_time\" content=\"2018-08-09T15:06:13+00:00\" \/>\n<meta property=\"og:image\" content=\"https:\/\/stepstojustice.ca\/wp-content\/uploads\/Steps-to-Justice-logo.jpg\" \/>\n\t<meta property=\"og:image:width\" content=\"1200\" \/>\n\t<meta property=\"og:image:height\" content=\"650\" \/>\n\t<meta property=\"og:image:type\" content=\"image\/jpeg\" \/>\n<meta name=\"twitter:card\" content=\"summary_large_image\" \/>\n<meta name=\"twitter:site\" content=\"@CLEOLegalRights\" \/>\n<script type=\"application\/ld+json\" class=\"yoast-schema-graph\">{\"@context\":\"https:\/\/schema.org\",\"@graph\":[{\"@type\":\"WebPage\",\"@id\":\"https:\/\/stepstojustice.ca\/fr\/incorporer-un-sous-sujet-page-compl\u00e8te-0\/\",\"url\":\"https:\/\/stepstojustice.ca\/fr\/incorporer-un-sous-sujet-page-compl\u00e8te-0\/\",\"name\":\"Incorporer un sous-sujet (page compl\u00e8te) - Justice pas-\u00e0-pas\",\"isPartOf\":{\"@id\":\"https:\/\/stepstojustice.ca\/fr\/#website\"},\"datePublished\":\"-0001-11-30T00:00:00+00:00\",\"dateModified\":\"2018-08-09T15:06:13+00:00\",\"description\":\"La page compl\u00e8te s\u2019adapte aux dimensions de l\u2019endroit o\u00f9 vous l\u2019incorporez sur votre site Web. Les liens sont cliquables, donc vos visiteurs demeurent sur\",\"breadcrumb\":{\"@id\":\"https:\/\/stepstojustice.ca\/fr\/incorporer-un-sous-sujet-page-compl\u00e8te-0\/#breadcrumb\"},\"inLanguage\":\"fr-FR\",\"potentialAction\":[{\"@type\":\"ReadAction\",\"target\":[\"https:\/\/stepstojustice.ca\/fr\/incorporer-un-sous-sujet-page-compl\u00e8te-0\/\"]}]},{\"@type\":\"BreadcrumbList\",\"@id\":\"https:\/\/stepstojustice.ca\/fr\/incorporer-un-sous-sujet-page-compl\u00e8te-0\/#breadcrumb\",\"itemListElement\":[{\"@type\":\"ListItem\",\"position\":1,\"name\":\"Home\",\"item\":\"https:\/\/stepstojustice.ca\/fr\/\"},{\"@type\":\"ListItem\",\"position\":2,\"name\":\"Incorporer un sous-sujet (page compl\u00e8te)\"}]},{\"@type\":\"WebSite\",\"@id\":\"https:\/\/stepstojustice.ca\/fr\/#website\",\"url\":\"https:\/\/stepstojustice.ca\/fr\/\",\"name\":\"Justice pas-\u00e0-pas\",\"description\":\"Step-by-step information about legal problems\",\"publisher\":{\"@id\":\"https:\/\/stepstojustice.ca\/fr\/#organization\"},\"potentialAction\":[{\"@type\":\"SearchAction\",\"target\":{\"@type\":\"EntryPoint\",\"urlTemplate\":\"https:\/\/stepstojustice.ca\/fr\/?s={search_term_string}\"},\"query-input\":{\"@type\":\"PropertyValueSpecification\",\"valueRequired\":true,\"valueName\":\"search_term_string\"}}],\"inLanguage\":\"fr-FR\"},{\"@type\":\"Organization\",\"@id\":\"https:\/\/stepstojustice.ca\/fr\/#organization\",\"name\":\"Justice pas-\u00e0-pas\",\"url\":\"https:\/\/stepstojustice.ca\/fr\/\",\"logo\":{\"@type\":\"ImageObject\",\"inLanguage\":\"fr-FR\",\"@id\":\"https:\/\/stepstojustice.ca\/fr\/#\/schema\/logo\/image\/\",\"url\":\"https:\/\/stepstojustice.ca\/wp-content\/uploads\/2020\/10\/logo-s2j.png\",\"contentUrl\":\"https:\/\/stepstojustice.ca\/wp-content\/uploads\/2020\/10\/logo-s2j.png\",\"width\":1000,\"height\":146,\"caption\":\"Justice pas-\u00e0-pas\"},\"image\":{\"@id\":\"https:\/\/stepstojustice.ca\/fr\/#\/schema\/logo\/image\/\"},\"sameAs\":[\"https:\/\/www.facebook.com\/CLEOLegalRights\/\",\"https:\/\/x.com\/CLEOLegalRights\",\"https:\/\/www.instagram.com\/communitylegaleducationon\/\"]}]}<\/script>\n<!-- \/ Yoast SEO Premium plugin. -->","yoast_head_json":{"title":"Incorporer un sous-sujet (page compl\u00e8te) - Justice pas-\u00e0-pas","description":"La page compl\u00e8te s\u2019adapte aux dimensions de l\u2019endroit o\u00f9 vous l\u2019incorporez sur votre site Web. Les liens sont cliquables, donc vos visiteurs demeurent sur","robots":{"index":"index","follow":"follow","max-snippet":"max-snippet:-1","max-image-preview":"max-image-preview:large","max-video-preview":"max-video-preview:-1"},"canonical":"https:\/\/stepstojustice.ca\/fr\/incorporer-un-sous-sujet-page-compl\u00e8te-0\/","og_locale":"fr_FR","og_type":"article","og_title":"Incorporer un sous-sujet (page compl\u00e8te) - Justice pas-\u00e0-pas","og_description":"La page compl\u00e8te s\u2019adapte aux dimensions de l\u2019endroit o\u00f9 vous l\u2019incorporez sur votre site Web. Les liens sont cliquables, donc vos visiteurs demeurent sur","og_url":"https:\/\/stepstojustice.ca\/fr\/incorporer-un-sous-sujet-page-compl\u00e8te-0\/","og_site_name":"Justice pas-\u00e0-pas","article_publisher":"https:\/\/www.facebook.com\/CLEOLegalRights\/","article_modified_time":"2018-08-09T15:06:13+00:00","og_image":[{"width":1200,"height":650,"url":"https:\/\/stepstojustice.ca\/wp-content\/uploads\/Steps-to-Justice-logo.jpg","type":"image\/jpeg"}],"twitter_card":"summary_large_image","twitter_site":"@CLEOLegalRights","schema":{"@context":"https:\/\/schema.org","@graph":[{"@type":"WebPage","@id":"https:\/\/stepstojustice.ca\/fr\/incorporer-un-sous-sujet-page-compl\u00e8te-0\/","url":"https:\/\/stepstojustice.ca\/fr\/incorporer-un-sous-sujet-page-compl\u00e8te-0\/","name":"Incorporer un sous-sujet (page compl\u00e8te) - Justice pas-\u00e0-pas","isPartOf":{"@id":"https:\/\/stepstojustice.ca\/fr\/#website"},"datePublished":"-0001-11-30T00:00:00+00:00","dateModified":"2018-08-09T15:06:13+00:00","description":"La page compl\u00e8te s\u2019adapte aux dimensions de l\u2019endroit o\u00f9 vous l\u2019incorporez sur votre site Web. Les liens sont cliquables, donc vos visiteurs demeurent sur","breadcrumb":{"@id":"https:\/\/stepstojustice.ca\/fr\/incorporer-un-sous-sujet-page-compl\u00e8te-0\/#breadcrumb"},"inLanguage":"fr-FR","potentialAction":[{"@type":"ReadAction","target":["https:\/\/stepstojustice.ca\/fr\/incorporer-un-sous-sujet-page-compl\u00e8te-0\/"]}]},{"@type":"BreadcrumbList","@id":"https:\/\/stepstojustice.ca\/fr\/incorporer-un-sous-sujet-page-compl\u00e8te-0\/#breadcrumb","itemListElement":[{"@type":"ListItem","position":1,"name":"Home","item":"https:\/\/stepstojustice.ca\/fr\/"},{"@type":"ListItem","position":2,"name":"Incorporer un sous-sujet (page compl\u00e8te)"}]},{"@type":"WebSite","@id":"https:\/\/stepstojustice.ca\/fr\/#website","url":"https:\/\/stepstojustice.ca\/fr\/","name":"Justice pas-\u00e0-pas","description":"Step-by-step information about legal problems","publisher":{"@id":"https:\/\/stepstojustice.ca\/fr\/#organization"},"potentialAction":[{"@type":"SearchAction","target":{"@type":"EntryPoint","urlTemplate":"https:\/\/stepstojustice.ca\/fr\/?s={search_term_string}"},"query-input":{"@type":"PropertyValueSpecification","valueRequired":true,"valueName":"search_term_string"}}],"inLanguage":"fr-FR"},{"@type":"Organization","@id":"https:\/\/stepstojustice.ca\/fr\/#organization","name":"Justice pas-\u00e0-pas","url":"https:\/\/stepstojustice.ca\/fr\/","logo":{"@type":"ImageObject","inLanguage":"fr-FR","@id":"https:\/\/stepstojustice.ca\/fr\/#\/schema\/logo\/image\/","url":"https:\/\/stepstojustice.ca\/wp-content\/uploads\/2020\/10\/logo-s2j.png","contentUrl":"https:\/\/stepstojustice.ca\/wp-content\/uploads\/2020\/10\/logo-s2j.png","width":1000,"height":146,"caption":"Justice pas-\u00e0-pas"},"image":{"@id":"https:\/\/stepstojustice.ca\/fr\/#\/schema\/logo\/image\/"},"sameAs":["https:\/\/www.facebook.com\/CLEOLegalRights\/","https:\/\/x.com\/CLEOLegalRights","https:\/\/www.instagram.com\/communitylegaleducationon\/"]}]}},"meta_box":{"contact_shortcode":"","contact_address":"","contact_address_details":"","contact_map":{"latitude":"","longitude":"","zoom":""},"remove_map":"","contact_company_name":"","contact_company_phones":[],"contact_company_email":"","contact_textarea":"","contact_other_text_block":"","contact_other_locations_show":"","contact_other_locations_title":"","contact_other_locations_type":"","contact_other_locations":[],"contact_gmaps_zoom_control":"","contact_gmaps_map_type_control":"","contact_gmaps_scaleControl":"","contact_gmaps_streetViewControl":"","contact_gmaps_rotateControl":"","contact_gmaps_fullscreenControl":"","location_gmaps_zoom_control":"","location_gmaps_map_type_control":"","location_gmaps_scaleControl":"","location_gmaps_streetViewControl":"","location_gmaps_rotateControl":"","location_gmaps_fullscreenControl":"","menu_page_links_type":"","menu_page_links":[],"menu_page_links_bottom_content":"","external_links_type":"","external_links":[],"external_sublinks":[],"private_staff_information_blocks":[],"private_staff_links_title":"","private_staff_links":[],"legal_topic_menu":[],"sb_display_type":"","sb_people_block":[],"homepage_partners_title":"","homepage_partners_button_text":"","homepage_partners_button_url":"","homepage_partners_menu":"","homepage_gp_title":"","homepage_gp_description":"","homepage_gp_menu":"","homepage_announcements_title":"","homepage_announcements_button_text":"","homepage_announcements_button_url":"","announcements":[],"homepage_topics_menu":"","homepage_position_of_illustration":"","homepage_top_section_title":"","homepage_top_section_description":"","homepage_top_section_search_placeholder":"","header_subtitle":"","header_image":[],"header_content":"","page_icon":[]},"_links":{"self":[{"href":"https:\/\/stepstojustice.ca\/fr\/wp-json\/wp\/v2\/pages\/1122597","targetHints":{"allow":["GET"]}}],"collection":[{"href":"https:\/\/stepstojustice.ca\/fr\/wp-json\/wp\/v2\/pages"}],"about":[{"href":"https:\/\/stepstojustice.ca\/fr\/wp-json\/wp\/v2\/types\/page"}],"author":[{"embeddable":true,"href":"https:\/\/stepstojustice.ca\/fr\/wp-json\/wp\/v2\/users\/3"}],"replies":[{"embeddable":true,"href":"https:\/\/stepstojustice.ca\/fr\/wp-json\/wp\/v2\/comments?post=1122597"}],"version-history":[{"count":0,"href":"https:\/\/stepstojustice.ca\/fr\/wp-json\/wp\/v2\/pages\/1122597\/revisions"}],"wp:attachment":[{"href":"https:\/\/stepstojustice.ca\/fr\/wp-json\/wp\/v2\/media?parent=1122597"}],"curies":[{"name":"wp","href":"https:\/\/api.w.org\/{rel}","templated":true}]}}