{"id":1122598,"date":"2018-06-18T15:38:18","date_gmt":"2018-06-18T19:38:18","guid":{"rendered":""},"modified":"2022-09-21T03:03:08","modified_gmt":"2022-09-21T07:03:08","slug":"ajoutez-nos-boutons-graphiques-a-votre-site-web","status":"publish","type":"page","link":"https:\/\/stepstojustice.ca\/fr\/pour-incorporer-et-diffuser-du-contenu\/ajoutez-nos-boutons-graphiques-a-votre-site-web\/","title":{"rendered":"Ajouter sur votre site Web des boutons Justice pas-\u00e0-pas"},"content":{"rendered":"<p>Nos boutons graphiques dirigeront vos visiteurs vers le site Justice pas-\u00e0-pas.<\/p>\n<p>Vous pouvez ajouter un bouton g\u00e9n\u00e9ral qui m\u00e8nera \u00e0 la page d\u2019accueil de Justice pas-\u00e0-pas, ou des boutons qui m\u00e8neront vers des sujets juridiques pr\u00e9cis. Vous avez le choix entre la version en couleurs avec fond blanc et la version en couleurs avec fond bleu (voir plus bas).<\/p>\n<p>Remplissez les champs ci-dessous et choisissez votre option. Cliquez sur \u00ab\u00a0Obtenir le bouton\u00a0\u00bb pour g\u00e9n\u00e9rer le code \u00e0 copier-coller dans le code source de votre page Web.<\/p>\n<p><a href=\"\/fr\/nous-joindre\/\">Contactez-nous<\/a> si vous avez des questions.<\/p>\n<div class=\"embed-button\">\n                    <div class=\"form\">\n                        <h2 class=\"h3\">Exemples de boutons<\/h2>\n                        <div class=\"buttons-grid\">\n                            <div class=\"item\">\n                                <img decoding=\"async\" src=\"\/\/stepstojustice.ca\/sites\/all\/themes\/s2j_bootstrap\/s2j_assets\/share\/s2j-web-button-legal-white-fr.png\" alt=\"\">\n                            <\/div>\n                            <!--div class=\"item\">\n                                <img decoding=\"async\" src=\"\/\/stepstojustice.ca\/sites\/all\/themes\/s2j_bootstrap\/s2j_assets\/share\/s2j-web-button-family-blue-fr.png\" alt=\"\">\n                            <\/div-->\n                        <\/div><div class=\"wpforms-container wpforms-container-full form\" id=\"wpforms-1242833\"><form id=\"wpforms-form-1242833\" class=\"wpforms-validate wpforms-form wpforms-ajax-form\" data-formid=\"1242833\" method=\"post\" enctype=\"multipart\/form-data\" action=\"\/fr\/wp-json\/wp\/v2\/pages\/1122598\/\" data-token=\"f026d9fd36bb9dcc3148f42bf7d50085\" data-token-time=\"1777759656\"><noscript class=\"wpforms-error-noscript\">Please enable JavaScript in your browser to complete this form.<\/noscript><div class=\"wpforms-field-container\"><div id=\"wpforms-1242833-field_4-container\" class=\"wpforms-field wpforms-field-text button-organization\" data-field-id=\"4\"><label class=\"wpforms-field-label\" for=\"wpforms-1242833-field_4\">Ajoutez le nom de votre organisme ici : <span class=\"wpforms-required-label\">*<\/span><\/label><input type=\"text\" id=\"wpforms-1242833-field_4\" class=\"wpforms-field-medium wpforms-field-required\" name=\"wpforms[fields][4]\" required><\/div><div id=\"wpforms-1242833-field_6-container\" class=\"wpforms-field wpforms-field-url button-website\" data-field-id=\"6\"><label class=\"wpforms-field-label\" for=\"wpforms-1242833-field_6\">L&#039;adresse URL de votre site : <span class=\"wpforms-required-label\">*<\/span><\/label><input type=\"url\" id=\"wpforms-1242833-field_6\" class=\"wpforms-field-medium wpforms-field-required\" name=\"wpforms[fields][6]\" required><\/div><div id=\"wpforms-1242833-field_7-container\" class=\"wpforms-field wpforms-field-select button-topic wpforms-field-select-style-classic\" data-field-id=\"7\"><label class=\"wpforms-field-label\" for=\"wpforms-1242833-field_7\">S\u00e9lectionnez un sujet juridique : <span class=\"wpforms-required-label\">*<\/span><\/label><select id=\"wpforms-1242833-field_7\" class=\"wpforms-field-medium wpforms-field-required\" name=\"wpforms[fields][7]\" required=\"required\"><option value=\"Criminal Law\" >Criminal Law<\/option><option value=\"Family Law\" >Family Law<\/option><\/select><\/div><div id=\"wpforms-1242833-field_8-container\" class=\"wpforms-field wpforms-field-select button-language wpforms-field-select-style-classic\" data-field-id=\"8\"><label class=\"wpforms-field-label\" for=\"wpforms-1242833-field_8\">S\u00e9lectionnez une langue : <span class=\"wpforms-required-label\">*<\/span><\/label><select id=\"wpforms-1242833-field_8\" class=\"wpforms-field-medium wpforms-field-required\" name=\"wpforms[fields][8]\" required=\"required\"><option value=\"Choice 3\" >Choice 3<\/option><\/select><\/div><div id=\"wpforms-1242833-field_11-container\" class=\"wpforms-field wpforms-field-checkbox\" data-field-id=\"11\"><label class=\"wpforms-field-label wpforms-label-hide\">Checkboxes <span class=\"wpforms-required-label\">*<\/span><\/label><ul id=\"wpforms-1242833-field_11\" class=\"wpforms-field-required\"><li class=\"choice-1 depth-1\"><input type=\"checkbox\" id=\"wpforms-1242833-field_11_1\" name=\"wpforms[fields][11][]\" value=\"J&#039;accepte les &lt;a href=&quot;\/fr\/conditions-dutilisation\/&quot;&gt;termes et les conditions&lt;\/a&gt; qui suivent pour le partage de contenu.\" required ><label class=\"wpforms-field-label-inline\" for=\"wpforms-1242833-field_11_1\">J'accepte les <a href=\"\/fr\/conditions-dutilisation\/\">termes et les conditions<\/a> qui suivent pour le partage de contenu.<\/label><\/li><\/ul><\/div><\/div><!-- .wpforms-field-container --><div class=\"wpforms-recaptcha-container wpforms-is-recaptcha wpforms-is-recaptcha-type-v3\" ><input type=\"hidden\" name=\"wpforms[recaptcha]\" value=\"\"><\/div><div class=\"wpforms-submit-container\" ><input type=\"hidden\" name=\"wpforms[id]\" value=\"1242833\"><input type=\"hidden\" name=\"page_title\" value=\"\"><input type=\"hidden\" name=\"page_url\" value=\"https:\/\/stepstojustice.ca\/fr\/wp-json\/wp\/v2\/pages\/1122598\/\"><button type=\"submit\" name=\"wpforms[submit]\" id=\"wpforms-submit-1242833\" class=\"wpforms-submit embed-button-submit\" data-alt-text=\"Transmission...\" data-submit-text=\"Obtenir le bouton\" aria-live=\"assertive\" value=\"wpforms-submit\">Obtenir le bouton<\/button><img decoding=\"async\" src=\"https:\/\/stepstojustice.ca\/wp-content\/plugins\/wpforms\/assets\/images\/submit-spin.svg\" class=\"wpforms-submit-spinner\" style=\"display: none;\" width=\"26\" height=\"26\" alt=\"Loading\"><\/div><\/form><\/div>  <!-- .wpforms-container --><\/div>                \n                    <div class=\"preview-box\" style=\"display:none;\">\n                        <h5> Aper\u00e7u et code du bouton<\/h5>\n                        <div class=\"img-box\"><img decoding=\"async\" id=\"preview\" src=\"\/\/stepstojustice.ca\/sites\/all\/themes\/s2j_bootstrap\/s2j_assets\/share\/s2j-web-button-legal-white-fr.png\" alt=\"\"><\/div>\n                        <div class=\"field\">\n                            <label class=\"field-name\">Code pour votre site<\/label>\n                            <textarea id=\"code\" class=\"form-control\"><\/textarea>\n                        <\/div>\n                        <p>Cliquez sur le bouton ci-dessous pour copier le code du bouton dans votre presse-papiers, ensuite durant la modification d'une page sur votre site web, collez le code sur une page HTML ou dans le CMS.<\/p>\n                        <a href=\"\" class=\"btn-dark copy-to-clipboard\">\n                            <span>Copier dans le presse-papier<\/span>\n                            <svg aria-hidden=\"true\" width=\"24\" height=\"24\" viewBox=\"0 0 24 24\" fill=\"none\" xmlns=\"http:\/\/www.w3.org\/2000\/svg\">\n                                <path fill-rule=\"evenodd\" clip-rule=\"evenodd\" d=\"M0 0L2.86197e-07 24L24 24L24 -2.86197e-07L0 0Z\" stroke=\"white\" stroke-width=\"0\"><\/path>\n                                <path fill-rule=\"evenodd\" clip-rule=\"evenodd\" d=\"M7.83984 7.41L12.4198 12L7.83984 16.59L9.24984 18L15.2498 12L9.24984 6L7.83984 7.41Z\" fill=\"white\"><\/path>\n                                <mask id=\"mask11\" mask-type=\"alpha\" maskUnits=\"userSpaceOnUse\" x=\"7\" y=\"6\" width=\"9\" height=\"12\">\n                                <path fill-rule=\"evenodd\" clip-rule=\"evenodd\" d=\"M7.83984 7.41L12.4198 12L7.83984 16.59L9.24984 18L15.2498 12L9.24984 6L7.83984 7.41Z\" fill=\"white\"><\/path>\n                                <\/mask>\n                                <g mask=\"url(#mask11)\">\n                                <\/g>\n                            <\/svg>\n                        <\/a>\n                    <\/div>\n                <\/div>\n<!-- AddThis Advanced Settings generic via filter on the_content --><!-- AddThis Share Buttons generic via filter on the_content -->","protected":false},"excerpt":{"rendered":"<p>Nos boutons graphiques dirigeront vos visiteurs vers le site Justice pas-\u00e0-pas.<br \/>\nVous pouvez ajouter un bouton g\u00e9n\u00e9ral qui m\u00e8nera \u00e0 la page d\u2019accueil de Justice pas-\u00e0-pas, ou des boutons qui m\u00e8neront vers des sujets juridiques pr\u00e9cis. Vous avez le choix entre la version en couleurs avec fond blanc et la version en couleurs avec fond bleu (voir plus bas).<!-- AddThis Advanced Settings generic via filter on get_the_excerpt --><!-- AddThis Share Buttons generic via filter on get_the_excerpt --><\/p>\n","protected":false},"author":3,"featured_media":0,"parent":1122602,"menu_order":0,"comment_status":"closed","ping_status":"closed","template":"","meta":{"ub_ctt_via":"","inline_featured_image":false,"footnotes":""},"class_list":["post-1122598","page","type-page","status-publish","hentry"],"featured_image_src":null,"yoast_head":"<!-- This site is optimized with the Yoast SEO Premium plugin v23.9 (Yoast SEO v23.9) - https:\/\/yoast.com\/wordpress\/plugins\/seo\/ -->\n<title>Ajouter sur votre site Web des boutons Justice pas-\u00e0-pas - Justice pas-\u00e0-pas<\/title>\n<meta name=\"description\" content=\"Nos boutons graphiques dirigeront vos visiteurs vers le site Justice pas-\u00e0-pas. Vous pouvez ajouter un bouton g\u00e9n\u00e9ral qui m\u00e8nera \u00e0 la page d\u2019accueil de\" \/>\n<meta name=\"robots\" content=\"index, follow, max-snippet:-1, max-image-preview:large, max-video-preview:-1\" \/>\n<link rel=\"canonical\" href=\"https:\/\/stepstojustice.ca\/fr\/pour-incorporer-et-diffuser-du-contenu\/ajoutez-nos-boutons-graphiques-a-votre-site-web\/\" \/>\n<meta property=\"og:locale\" content=\"fr_FR\" \/>\n<meta property=\"og:type\" content=\"article\" \/>\n<meta property=\"og:title\" content=\"Ajouter sur votre site Web des boutons Justice pas-\u00e0-pas - Justice pas-\u00e0-pas\" \/>\n<meta property=\"og:description\" content=\"Nos boutons graphiques dirigeront vos visiteurs vers le site Justice pas-\u00e0-pas. Vous pouvez ajouter un bouton g\u00e9n\u00e9ral qui m\u00e8nera \u00e0 la page d\u2019accueil de\" \/>\n<meta property=\"og:url\" content=\"https:\/\/stepstojustice.ca\/fr\/pour-incorporer-et-diffuser-du-contenu\/ajoutez-nos-boutons-graphiques-a-votre-site-web\/\" \/>\n<meta property=\"og:site_name\" content=\"Justice pas-\u00e0-pas\" \/>\n<meta property=\"article:publisher\" content=\"https:\/\/www.facebook.com\/CLEOLegalRights\/\" \/>\n<meta property=\"article:modified_time\" content=\"2022-09-21T07:03:08+00:00\" \/>\n<meta property=\"og:image\" content=\"https:\/\/stepstojustice.ca\/wp-content\/uploads\/Steps-to-Justice-logo.jpg\" \/>\n\t<meta property=\"og:image:width\" content=\"1200\" \/>\n\t<meta property=\"og:image:height\" content=\"650\" \/>\n\t<meta property=\"og:image:type\" content=\"image\/jpeg\" \/>\n<meta name=\"twitter:card\" content=\"summary_large_image\" \/>\n<meta name=\"twitter:site\" content=\"@CLEOLegalRights\" \/>\n<meta name=\"twitter:label1\" content=\"Est. reading time\" \/>\n\t<meta name=\"twitter:data1\" content=\"1 minute\" \/>\n<script type=\"application\/ld+json\" class=\"yoast-schema-graph\">{\"@context\":\"https:\/\/schema.org\",\"@graph\":[{\"@type\":\"WebPage\",\"@id\":\"https:\/\/stepstojustice.ca\/fr\/pour-incorporer-et-diffuser-du-contenu\/ajoutez-nos-boutons-graphiques-a-votre-site-web\/\",\"url\":\"https:\/\/stepstojustice.ca\/fr\/pour-incorporer-et-diffuser-du-contenu\/ajoutez-nos-boutons-graphiques-a-votre-site-web\/\",\"name\":\"Ajouter sur votre site Web des boutons Justice pas-\u00e0-pas - Justice pas-\u00e0-pas\",\"isPartOf\":{\"@id\":\"https:\/\/stepstojustice.ca\/fr\/#website\"},\"datePublished\":\"2018-06-18T19:38:18+00:00\",\"dateModified\":\"2022-09-21T07:03:08+00:00\",\"description\":\"Nos boutons graphiques dirigeront vos visiteurs vers le site Justice pas-\u00e0-pas. Vous pouvez ajouter un bouton g\u00e9n\u00e9ral qui m\u00e8nera \u00e0 la page d\u2019accueil de\",\"breadcrumb\":{\"@id\":\"https:\/\/stepstojustice.ca\/fr\/pour-incorporer-et-diffuser-du-contenu\/ajoutez-nos-boutons-graphiques-a-votre-site-web\/#breadcrumb\"},\"inLanguage\":\"fr-FR\",\"potentialAction\":[{\"@type\":\"ReadAction\",\"target\":[\"https:\/\/stepstojustice.ca\/fr\/pour-incorporer-et-diffuser-du-contenu\/ajoutez-nos-boutons-graphiques-a-votre-site-web\/\"]}]},{\"@type\":\"BreadcrumbList\",\"@id\":\"https:\/\/stepstojustice.ca\/fr\/pour-incorporer-et-diffuser-du-contenu\/ajoutez-nos-boutons-graphiques-a-votre-site-web\/#breadcrumb\",\"itemListElement\":[{\"@type\":\"ListItem\",\"position\":1,\"name\":\"Home\",\"item\":\"https:\/\/stepstojustice.ca\/fr\/\"},{\"@type\":\"ListItem\",\"position\":2,\"name\":\"Pour incorporer et diffuser du contenu\",\"item\":\"https:\/\/stepstojustice.ca\/fr\/pour-incorporer-et-diffuser-du-contenu\/\"},{\"@type\":\"ListItem\",\"position\":3,\"name\":\"Ajouter sur votre site Web des boutons Justice pas-\u00e0-pas\"}]},{\"@type\":\"WebSite\",\"@id\":\"https:\/\/stepstojustice.ca\/fr\/#website\",\"url\":\"https:\/\/stepstojustice.ca\/fr\/\",\"name\":\"Justice pas-\u00e0-pas\",\"description\":\"Step-by-step information about legal problems\",\"publisher\":{\"@id\":\"https:\/\/stepstojustice.ca\/fr\/#organization\"},\"potentialAction\":[{\"@type\":\"SearchAction\",\"target\":{\"@type\":\"EntryPoint\",\"urlTemplate\":\"https:\/\/stepstojustice.ca\/fr\/?s={search_term_string}\"},\"query-input\":{\"@type\":\"PropertyValueSpecification\",\"valueRequired\":true,\"valueName\":\"search_term_string\"}}],\"inLanguage\":\"fr-FR\"},{\"@type\":\"Organization\",\"@id\":\"https:\/\/stepstojustice.ca\/fr\/#organization\",\"name\":\"Justice pas-\u00e0-pas\",\"url\":\"https:\/\/stepstojustice.ca\/fr\/\",\"logo\":{\"@type\":\"ImageObject\",\"inLanguage\":\"fr-FR\",\"@id\":\"https:\/\/stepstojustice.ca\/fr\/#\/schema\/logo\/image\/\",\"url\":\"https:\/\/stepstojustice.ca\/wp-content\/uploads\/2020\/10\/logo-s2j.png\",\"contentUrl\":\"https:\/\/stepstojustice.ca\/wp-content\/uploads\/2020\/10\/logo-s2j.png\",\"width\":1000,\"height\":146,\"caption\":\"Justice pas-\u00e0-pas\"},\"image\":{\"@id\":\"https:\/\/stepstojustice.ca\/fr\/#\/schema\/logo\/image\/\"},\"sameAs\":[\"https:\/\/www.facebook.com\/CLEOLegalRights\/\",\"https:\/\/x.com\/CLEOLegalRights\",\"https:\/\/www.instagram.com\/communitylegaleducationon\/\"]}]}<\/script>\n<!-- \/ Yoast SEO Premium plugin. -->","yoast_head_json":{"title":"Ajouter sur votre site Web des boutons Justice pas-\u00e0-pas - Justice pas-\u00e0-pas","description":"Nos boutons graphiques dirigeront vos visiteurs vers le site Justice pas-\u00e0-pas. Vous pouvez ajouter un bouton g\u00e9n\u00e9ral qui m\u00e8nera \u00e0 la page d\u2019accueil de","robots":{"index":"index","follow":"follow","max-snippet":"max-snippet:-1","max-image-preview":"max-image-preview:large","max-video-preview":"max-video-preview:-1"},"canonical":"https:\/\/stepstojustice.ca\/fr\/pour-incorporer-et-diffuser-du-contenu\/ajoutez-nos-boutons-graphiques-a-votre-site-web\/","og_locale":"fr_FR","og_type":"article","og_title":"Ajouter sur votre site Web des boutons Justice pas-\u00e0-pas - Justice pas-\u00e0-pas","og_description":"Nos boutons graphiques dirigeront vos visiteurs vers le site Justice pas-\u00e0-pas. Vous pouvez ajouter un bouton g\u00e9n\u00e9ral qui m\u00e8nera \u00e0 la page d\u2019accueil de","og_url":"https:\/\/stepstojustice.ca\/fr\/pour-incorporer-et-diffuser-du-contenu\/ajoutez-nos-boutons-graphiques-a-votre-site-web\/","og_site_name":"Justice pas-\u00e0-pas","article_publisher":"https:\/\/www.facebook.com\/CLEOLegalRights\/","article_modified_time":"2022-09-21T07:03:08+00:00","og_image":[{"width":1200,"height":650,"url":"https:\/\/stepstojustice.ca\/wp-content\/uploads\/Steps-to-Justice-logo.jpg","type":"image\/jpeg"}],"twitter_card":"summary_large_image","twitter_site":"@CLEOLegalRights","twitter_misc":{"Est. reading time":"1 minute"},"schema":{"@context":"https:\/\/schema.org","@graph":[{"@type":"WebPage","@id":"https:\/\/stepstojustice.ca\/fr\/pour-incorporer-et-diffuser-du-contenu\/ajoutez-nos-boutons-graphiques-a-votre-site-web\/","url":"https:\/\/stepstojustice.ca\/fr\/pour-incorporer-et-diffuser-du-contenu\/ajoutez-nos-boutons-graphiques-a-votre-site-web\/","name":"Ajouter sur votre site Web des boutons Justice pas-\u00e0-pas - Justice pas-\u00e0-pas","isPartOf":{"@id":"https:\/\/stepstojustice.ca\/fr\/#website"},"datePublished":"2018-06-18T19:38:18+00:00","dateModified":"2022-09-21T07:03:08+00:00","description":"Nos boutons graphiques dirigeront vos visiteurs vers le site Justice pas-\u00e0-pas. Vous pouvez ajouter un bouton g\u00e9n\u00e9ral qui m\u00e8nera \u00e0 la page d\u2019accueil de","breadcrumb":{"@id":"https:\/\/stepstojustice.ca\/fr\/pour-incorporer-et-diffuser-du-contenu\/ajoutez-nos-boutons-graphiques-a-votre-site-web\/#breadcrumb"},"inLanguage":"fr-FR","potentialAction":[{"@type":"ReadAction","target":["https:\/\/stepstojustice.ca\/fr\/pour-incorporer-et-diffuser-du-contenu\/ajoutez-nos-boutons-graphiques-a-votre-site-web\/"]}]},{"@type":"BreadcrumbList","@id":"https:\/\/stepstojustice.ca\/fr\/pour-incorporer-et-diffuser-du-contenu\/ajoutez-nos-boutons-graphiques-a-votre-site-web\/#breadcrumb","itemListElement":[{"@type":"ListItem","position":1,"name":"Home","item":"https:\/\/stepstojustice.ca\/fr\/"},{"@type":"ListItem","position":2,"name":"Pour incorporer et diffuser du contenu","item":"https:\/\/stepstojustice.ca\/fr\/pour-incorporer-et-diffuser-du-contenu\/"},{"@type":"ListItem","position":3,"name":"Ajouter sur votre site Web des boutons Justice pas-\u00e0-pas"}]},{"@type":"WebSite","@id":"https:\/\/stepstojustice.ca\/fr\/#website","url":"https:\/\/stepstojustice.ca\/fr\/","name":"Justice pas-\u00e0-pas","description":"Step-by-step information about legal problems","publisher":{"@id":"https:\/\/stepstojustice.ca\/fr\/#organization"},"potentialAction":[{"@type":"SearchAction","target":{"@type":"EntryPoint","urlTemplate":"https:\/\/stepstojustice.ca\/fr\/?s={search_term_string}"},"query-input":{"@type":"PropertyValueSpecification","valueRequired":true,"valueName":"search_term_string"}}],"inLanguage":"fr-FR"},{"@type":"Organization","@id":"https:\/\/stepstojustice.ca\/fr\/#organization","name":"Justice pas-\u00e0-pas","url":"https:\/\/stepstojustice.ca\/fr\/","logo":{"@type":"ImageObject","inLanguage":"fr-FR","@id":"https:\/\/stepstojustice.ca\/fr\/#\/schema\/logo\/image\/","url":"https:\/\/stepstojustice.ca\/wp-content\/uploads\/2020\/10\/logo-s2j.png","contentUrl":"https:\/\/stepstojustice.ca\/wp-content\/uploads\/2020\/10\/logo-s2j.png","width":1000,"height":146,"caption":"Justice pas-\u00e0-pas"},"image":{"@id":"https:\/\/stepstojustice.ca\/fr\/#\/schema\/logo\/image\/"},"sameAs":["https:\/\/www.facebook.com\/CLEOLegalRights\/","https:\/\/x.com\/CLEOLegalRights","https:\/\/www.instagram.com\/communitylegaleducationon\/"]}]}},"meta_box":{"contact_shortcode":"","contact_address":"","contact_address_details":"","contact_map":{"latitude":"","longitude":"","zoom":""},"remove_map":"","contact_company_name":"","contact_company_phones":[],"contact_company_email":"","contact_textarea":"","contact_other_text_block":"","contact_other_locations_show":"","contact_other_locations_title":"","contact_other_locations_type":"","contact_other_locations":[],"contact_gmaps_zoom_control":"","contact_gmaps_map_type_control":"","contact_gmaps_scaleControl":"","contact_gmaps_streetViewControl":"","contact_gmaps_rotateControl":"","contact_gmaps_fullscreenControl":"","location_gmaps_zoom_control":"","location_gmaps_map_type_control":"","location_gmaps_scaleControl":"","location_gmaps_streetViewControl":"","location_gmaps_rotateControl":"","location_gmaps_fullscreenControl":"","menu_page_links_type":"","menu_page_links":[],"menu_page_links_bottom_content":"","external_links_type":"","external_links":[],"external_sublinks":[],"private_staff_information_blocks":[],"private_staff_links_title":"","private_staff_links":[],"legal_topic_menu":[],"sb_display_type":"","sb_people_block":[],"homepage_partners_title":"","homepage_partners_button_text":"","homepage_partners_button_url":"","homepage_partners_menu":"","homepage_gp_title":"","homepage_gp_description":"","homepage_gp_menu":"","homepage_announcements_title":"","homepage_announcements_button_text":"","homepage_announcements_button_url":"","announcements":[],"homepage_topics_menu":"","homepage_position_of_illustration":"","homepage_top_section_title":"","homepage_top_section_description":"","homepage_top_section_search_placeholder":"","header_subtitle":"","header_image":[],"header_content":"","page_icon":[]},"_links":{"self":[{"href":"https:\/\/stepstojustice.ca\/fr\/wp-json\/wp\/v2\/pages\/1122598","targetHints":{"allow":["GET"]}}],"collection":[{"href":"https:\/\/stepstojustice.ca\/fr\/wp-json\/wp\/v2\/pages"}],"about":[{"href":"https:\/\/stepstojustice.ca\/fr\/wp-json\/wp\/v2\/types\/page"}],"author":[{"embeddable":true,"href":"https:\/\/stepstojustice.ca\/fr\/wp-json\/wp\/v2\/users\/3"}],"replies":[{"embeddable":true,"href":"https:\/\/stepstojustice.ca\/fr\/wp-json\/wp\/v2\/comments?post=1122598"}],"version-history":[{"count":3,"href":"https:\/\/stepstojustice.ca\/fr\/wp-json\/wp\/v2\/pages\/1122598\/revisions"}],"predecessor-version":[{"id":1242844,"href":"https:\/\/stepstojustice.ca\/fr\/wp-json\/wp\/v2\/pages\/1122598\/revisions\/1242844"}],"up":[{"embeddable":true,"href":"https:\/\/stepstojustice.ca\/fr\/wp-json\/wp\/v2\/pages\/1122602"}],"wp:attachment":[{"href":"https:\/\/stepstojustice.ca\/fr\/wp-json\/wp\/v2\/media?parent=1122598"}],"curies":[{"name":"wp","href":"https:\/\/api.w.org\/{rel}","templated":true}]}}