{"id":1122602,"date":"2018-06-18T15:33:12","date_gmt":"2018-06-18T19:33:12","guid":{"rendered":""},"modified":"2025-11-04T04:37:57","modified_gmt":"2025-11-04T09:37:57","slug":"pour-incorporer-et-diffuser-du-contenu","status":"publish","type":"page","link":"https:\/\/stepstojustice.ca\/fr\/pour-incorporer-et-diffuser-du-contenu\/","title":{"rendered":"Pour incorporer et diffuser du contenu"},"content":{"rendered":"<p>Utilisez gratuitement nos outils num\u00e9riques pour diffuser du contenu de Justice pas-\u00e0-pas sur votre site Web ou sur les r\u00e9seaux sociaux.<\/p>\n<div class=\"embed-and-share-page\">\n<div class=\"item-box\">\n<div class=\"item\">\n<h2>Incorporer du contenu de Justice pas-\u00e0-pas \u00e0 votre site Web<\/h2>\n<p>Publiez du contenu de Justice pas-\u00e0-pas directement sur votre site Web \u00e0 l\u2019aide de notre outil.<\/p>\n<p><img decoding=\"async\" src=\"\/wp-content\/uploads\/embed-and-share-content-preview-fr-1.png\" alt=\"Incorporer du contenu de Justice pas-\u00e0-pas \u00e0 votre site Web\" \/><br \/>\n<a class=\"btn btn--blue\" href=\"\/fr\/pour-incorporer-et-diffuser-du-contenu\/incorporer-du-contenu-de-justice-pas-a-pas-a-votre-site-web\/\">\u00c7a m\u2019int\u00e9resse<\/a><\/p>\n<\/div>\n<div class=\"item\">\n<h2>Ajouter des boutons menant vers Justice pas-\u00e0-pas<br class=\"\" \/><br class=\"\" \/><\/h2>\n<p>Nos boutons graphiques dirigeront vos visiteurs vers le site Justice pas-\u00e0-pas.<br class=\"\" \/><br class=\"\" \/><\/p>\n<p><img decoding=\"async\" src=\"\/sites\/all\/themes\/s2j_bootstrap\/s2j_assets\/share\/s2j-web-button-legal-blue-fr.png\" alt=\"Ajouter des boutons menant vers Justice pas-\u00e0-pas\" \/><br \/>\n<a class=\"btn btn--blue\" href=\"\/fr\/pour-incorporer-et-diffuser-du-contenu\/ajoutez-nos-boutons-graphiques-a-votre-site-web\/\">\u00c7a m\u2019int\u00e9resse<\/a><\/p>\n<\/div>\n<div class=\"item\">\n<h2>Ajouter des boutons graphiques qui renvoient vers les Parcours guid\u00e9s<\/h2>\n<p>Nos boutons graphiques vous permettent de diriger vos visiteurs vers le site des Parcours guid\u00e9s.<\/p>\n<p><img decoding=\"async\" src=\"\/sites\/all\/themes\/s2j_bootstrap\/s2j_assets\/share\/s2j-gp-fc-blue-fr.png\" alt=\"Ajouter des boutons graphiques qui renvoient vers les Parcours guid\u00e9s\" \/><br \/>\n<a class=\"btn btn--blue\" href=\"\/fr\/pour-incorporer-et-diffuser-du-contenu\/ajoutez-des-boutons-parcours-guides-a-votre-site-web\/\">\u00c7a m\u2019int\u00e9resse<\/a><\/p>\n<\/div>\n<\/div>\n<\/div>\n<!-- AddThis Advanced Settings generic via filter on the_content --><!-- AddThis Share Buttons generic via filter on the_content -->","protected":false},"excerpt":{"rendered":"<p>Utilisez gratuitement nos outils num\u00e9riques pour diffuser du contenu de Justice pas-\u00e0-pas sur votre site Web ou sur les r\u00e9seaux sociaux.<\/p>\n<p>Incorporer du contenu de Justice pas-\u00e0-pas \u00e0 votre site Web<br \/>\nPubliez du contenu de Justice pas-\u00e0-pas directement sur votre site Web \u00e0 l\u2019aide de notre outil.<br \/>\n<br \/>\n<a class=\"btn btn--blue\" href=\"\/fr\/pour-incorporer-et-diffuser-du-contenu\/incorporer-du-contenu-de-justice-pas-a-pas-a-votre-site-web\/\">\u00c7a m\u2019int\u00e9resse<\/a><\/p>\n<p>Ajouter des boutons menant vers Justice pas-\u00e0-pas<br class=\"\" \/><br class=\"\" \/><br \/>\nNos boutons graphiques dirigeront vos visiteurs vers le site Justice pas-\u00e0-pas.<!-- AddThis Advanced Settings generic via filter on get_the_excerpt --><!-- AddThis Share Buttons generic via filter on get_the_excerpt --><\/p>\n","protected":false},"author":3,"featured_media":0,"parent":0,"menu_order":0,"comment_status":"closed","ping_status":"closed","template":"","meta":{"ub_ctt_via":"","inline_featured_image":false,"footnotes":""},"class_list":["post-1122602","page","type-page","status-publish","hentry"],"featured_image_src":null,"yoast_head":"<!-- This site is optimized with the Yoast SEO Premium plugin v23.9 (Yoast SEO v23.9) - https:\/\/yoast.com\/wordpress\/plugins\/seo\/ -->\n<title>Pour incorporer et diffuser du contenu - Justice pas-\u00e0-pas<\/title>\n<meta name=\"description\" content=\"Utilisez gratuitement nos outils num\u00e9riques pour diffuser du contenu de Justice pas-\u00e0-pas sur votre site Web ou sur les r\u00e9seaux sociaux. Incorporer du\" \/>\n<meta name=\"robots\" content=\"index, follow, max-snippet:-1, max-image-preview:large, max-video-preview:-1\" \/>\n<link rel=\"canonical\" href=\"https:\/\/stepstojustice.ca\/fr\/pour-incorporer-et-diffuser-du-contenu\/\" \/>\n<meta property=\"og:locale\" content=\"fr_FR\" \/>\n<meta property=\"og:type\" content=\"article\" \/>\n<meta property=\"og:title\" content=\"Pour incorporer et diffuser du contenu - Justice pas-\u00e0-pas\" \/>\n<meta property=\"og:description\" content=\"Utilisez gratuitement nos outils num\u00e9riques pour diffuser du contenu de Justice pas-\u00e0-pas sur votre site Web ou sur les r\u00e9seaux sociaux. Incorporer du\" \/>\n<meta property=\"og:url\" content=\"https:\/\/stepstojustice.ca\/fr\/pour-incorporer-et-diffuser-du-contenu\/\" \/>\n<meta property=\"og:site_name\" content=\"Justice pas-\u00e0-pas\" \/>\n<meta property=\"article:publisher\" content=\"https:\/\/www.facebook.com\/CLEOLegalRights\/\" \/>\n<meta property=\"article:modified_time\" content=\"2025-11-04T09:37:57+00:00\" \/>\n<meta property=\"og:image\" content=\"https:\/\/stepstojustice.ca\/wp-content\/uploads\/Steps-to-Justice-logo.jpg\" \/>\n\t<meta property=\"og:image:width\" content=\"1200\" \/>\n\t<meta property=\"og:image:height\" content=\"650\" \/>\n\t<meta property=\"og:image:type\" content=\"image\/jpeg\" \/>\n<meta name=\"twitter:card\" content=\"summary_large_image\" \/>\n<meta name=\"twitter:site\" content=\"@CLEOLegalRights\" \/>\n<meta name=\"twitter:label1\" content=\"Est. reading time\" \/>\n\t<meta name=\"twitter:data1\" content=\"2 minutes\" \/>\n<script type=\"application\/ld+json\" class=\"yoast-schema-graph\">{\"@context\":\"https:\/\/schema.org\",\"@graph\":[{\"@type\":\"WebPage\",\"@id\":\"https:\/\/stepstojustice.ca\/fr\/pour-incorporer-et-diffuser-du-contenu\/\",\"url\":\"https:\/\/stepstojustice.ca\/fr\/pour-incorporer-et-diffuser-du-contenu\/\",\"name\":\"Pour incorporer et diffuser du contenu - Justice pas-\u00e0-pas\",\"isPartOf\":{\"@id\":\"https:\/\/stepstojustice.ca\/fr\/#website\"},\"datePublished\":\"2018-06-18T19:33:12+00:00\",\"dateModified\":\"2025-11-04T09:37:57+00:00\",\"description\":\"Utilisez gratuitement nos outils num\u00e9riques pour diffuser du contenu de Justice pas-\u00e0-pas sur votre site Web ou sur les r\u00e9seaux sociaux. Incorporer du\",\"breadcrumb\":{\"@id\":\"https:\/\/stepstojustice.ca\/fr\/pour-incorporer-et-diffuser-du-contenu\/#breadcrumb\"},\"inLanguage\":\"fr-FR\",\"potentialAction\":[{\"@type\":\"ReadAction\",\"target\":[\"https:\/\/stepstojustice.ca\/fr\/pour-incorporer-et-diffuser-du-contenu\/\"]}]},{\"@type\":\"BreadcrumbList\",\"@id\":\"https:\/\/stepstojustice.ca\/fr\/pour-incorporer-et-diffuser-du-contenu\/#breadcrumb\",\"itemListElement\":[{\"@type\":\"ListItem\",\"position\":1,\"name\":\"Home\",\"item\":\"https:\/\/stepstojustice.ca\/fr\/\"},{\"@type\":\"ListItem\",\"position\":2,\"name\":\"Pour incorporer et diffuser du contenu\"}]},{\"@type\":\"WebSite\",\"@id\":\"https:\/\/stepstojustice.ca\/fr\/#website\",\"url\":\"https:\/\/stepstojustice.ca\/fr\/\",\"name\":\"Justice pas-\u00e0-pas\",\"description\":\"Step-by-step information about legal problems\",\"publisher\":{\"@id\":\"https:\/\/stepstojustice.ca\/fr\/#organization\"},\"potentialAction\":[{\"@type\":\"SearchAction\",\"target\":{\"@type\":\"EntryPoint\",\"urlTemplate\":\"https:\/\/stepstojustice.ca\/fr\/?s={search_term_string}\"},\"query-input\":{\"@type\":\"PropertyValueSpecification\",\"valueRequired\":true,\"valueName\":\"search_term_string\"}}],\"inLanguage\":\"fr-FR\"},{\"@type\":\"Organization\",\"@id\":\"https:\/\/stepstojustice.ca\/fr\/#organization\",\"name\":\"Justice pas-\u00e0-pas\",\"url\":\"https:\/\/stepstojustice.ca\/fr\/\",\"logo\":{\"@type\":\"ImageObject\",\"inLanguage\":\"fr-FR\",\"@id\":\"https:\/\/stepstojustice.ca\/fr\/#\/schema\/logo\/image\/\",\"url\":\"https:\/\/stepstojustice.ca\/wp-content\/uploads\/2020\/10\/logo-s2j.png\",\"contentUrl\":\"https:\/\/stepstojustice.ca\/wp-content\/uploads\/2020\/10\/logo-s2j.png\",\"width\":1000,\"height\":146,\"caption\":\"Justice pas-\u00e0-pas\"},\"image\":{\"@id\":\"https:\/\/stepstojustice.ca\/fr\/#\/schema\/logo\/image\/\"},\"sameAs\":[\"https:\/\/www.facebook.com\/CLEOLegalRights\/\",\"https:\/\/x.com\/CLEOLegalRights\",\"https:\/\/www.instagram.com\/communitylegaleducationon\/\"]}]}<\/script>\n<!-- \/ Yoast SEO Premium plugin. -->","yoast_head_json":{"title":"Pour incorporer et diffuser du contenu - Justice pas-\u00e0-pas","description":"Utilisez gratuitement nos outils num\u00e9riques pour diffuser du contenu de Justice pas-\u00e0-pas sur votre site Web ou sur les r\u00e9seaux sociaux. Incorporer du","robots":{"index":"index","follow":"follow","max-snippet":"max-snippet:-1","max-image-preview":"max-image-preview:large","max-video-preview":"max-video-preview:-1"},"canonical":"https:\/\/stepstojustice.ca\/fr\/pour-incorporer-et-diffuser-du-contenu\/","og_locale":"fr_FR","og_type":"article","og_title":"Pour incorporer et diffuser du contenu - Justice pas-\u00e0-pas","og_description":"Utilisez gratuitement nos outils num\u00e9riques pour diffuser du contenu de Justice pas-\u00e0-pas sur votre site Web ou sur les r\u00e9seaux sociaux. Incorporer du","og_url":"https:\/\/stepstojustice.ca\/fr\/pour-incorporer-et-diffuser-du-contenu\/","og_site_name":"Justice pas-\u00e0-pas","article_publisher":"https:\/\/www.facebook.com\/CLEOLegalRights\/","article_modified_time":"2025-11-04T09:37:57+00:00","og_image":[{"width":1200,"height":650,"url":"https:\/\/stepstojustice.ca\/wp-content\/uploads\/Steps-to-Justice-logo.jpg","type":"image\/jpeg"}],"twitter_card":"summary_large_image","twitter_site":"@CLEOLegalRights","twitter_misc":{"Est. reading time":"2 minutes"},"schema":{"@context":"https:\/\/schema.org","@graph":[{"@type":"WebPage","@id":"https:\/\/stepstojustice.ca\/fr\/pour-incorporer-et-diffuser-du-contenu\/","url":"https:\/\/stepstojustice.ca\/fr\/pour-incorporer-et-diffuser-du-contenu\/","name":"Pour incorporer et diffuser du contenu - Justice pas-\u00e0-pas","isPartOf":{"@id":"https:\/\/stepstojustice.ca\/fr\/#website"},"datePublished":"2018-06-18T19:33:12+00:00","dateModified":"2025-11-04T09:37:57+00:00","description":"Utilisez gratuitement nos outils num\u00e9riques pour diffuser du contenu de Justice pas-\u00e0-pas sur votre site Web ou sur les r\u00e9seaux sociaux. Incorporer du","breadcrumb":{"@id":"https:\/\/stepstojustice.ca\/fr\/pour-incorporer-et-diffuser-du-contenu\/#breadcrumb"},"inLanguage":"fr-FR","potentialAction":[{"@type":"ReadAction","target":["https:\/\/stepstojustice.ca\/fr\/pour-incorporer-et-diffuser-du-contenu\/"]}]},{"@type":"BreadcrumbList","@id":"https:\/\/stepstojustice.ca\/fr\/pour-incorporer-et-diffuser-du-contenu\/#breadcrumb","itemListElement":[{"@type":"ListItem","position":1,"name":"Home","item":"https:\/\/stepstojustice.ca\/fr\/"},{"@type":"ListItem","position":2,"name":"Pour incorporer et diffuser du contenu"}]},{"@type":"WebSite","@id":"https:\/\/stepstojustice.ca\/fr\/#website","url":"https:\/\/stepstojustice.ca\/fr\/","name":"Justice pas-\u00e0-pas","description":"Step-by-step information about legal problems","publisher":{"@id":"https:\/\/stepstojustice.ca\/fr\/#organization"},"potentialAction":[{"@type":"SearchAction","target":{"@type":"EntryPoint","urlTemplate":"https:\/\/stepstojustice.ca\/fr\/?s={search_term_string}"},"query-input":{"@type":"PropertyValueSpecification","valueRequired":true,"valueName":"search_term_string"}}],"inLanguage":"fr-FR"},{"@type":"Organization","@id":"https:\/\/stepstojustice.ca\/fr\/#organization","name":"Justice pas-\u00e0-pas","url":"https:\/\/stepstojustice.ca\/fr\/","logo":{"@type":"ImageObject","inLanguage":"fr-FR","@id":"https:\/\/stepstojustice.ca\/fr\/#\/schema\/logo\/image\/","url":"https:\/\/stepstojustice.ca\/wp-content\/uploads\/2020\/10\/logo-s2j.png","contentUrl":"https:\/\/stepstojustice.ca\/wp-content\/uploads\/2020\/10\/logo-s2j.png","width":1000,"height":146,"caption":"Justice pas-\u00e0-pas"},"image":{"@id":"https:\/\/stepstojustice.ca\/fr\/#\/schema\/logo\/image\/"},"sameAs":["https:\/\/www.facebook.com\/CLEOLegalRights\/","https:\/\/x.com\/CLEOLegalRights","https:\/\/www.instagram.com\/communitylegaleducationon\/"]}]}},"meta_box":{"contact_shortcode":"","contact_address":"","contact_address_details":"","contact_map":{"latitude":"","longitude":"","zoom":""},"remove_map":"","contact_company_name":"","contact_company_phones":[],"contact_company_email":"","contact_textarea":"","contact_other_text_block":"","contact_other_locations_show":"","contact_other_locations_title":"","contact_other_locations_type":"","contact_other_locations":[],"contact_gmaps_zoom_control":"","contact_gmaps_map_type_control":"","contact_gmaps_scaleControl":"","contact_gmaps_streetViewControl":"","contact_gmaps_rotateControl":"","contact_gmaps_fullscreenControl":"","location_gmaps_zoom_control":"","location_gmaps_map_type_control":"","location_gmaps_scaleControl":"","location_gmaps_streetViewControl":"","location_gmaps_rotateControl":"","location_gmaps_fullscreenControl":"","menu_page_links_type":"","menu_page_links":[],"menu_page_links_bottom_content":"","external_links_type":"","external_links":[],"external_sublinks":[],"private_staff_information_blocks":[],"private_staff_links_title":"","private_staff_links":[],"legal_topic_menu":[],"sb_display_type":"","sb_people_block":[],"homepage_partners_title":"","homepage_partners_button_text":"","homepage_partners_button_url":"","homepage_partners_menu":"","homepage_gp_title":"","homepage_gp_description":"","homepage_gp_menu":"","homepage_announcements_title":"","homepage_announcements_button_text":"","homepage_announcements_button_url":"","announcements":[],"homepage_topics_menu":"","homepage_position_of_illustration":"","homepage_top_section_title":"","homepage_top_section_description":"","homepage_top_section_search_placeholder":"","header_subtitle":"","header_image":[],"header_content":"","page_icon":[]},"_links":{"self":[{"href":"https:\/\/stepstojustice.ca\/fr\/wp-json\/wp\/v2\/pages\/1122602","targetHints":{"allow":["GET"]}}],"collection":[{"href":"https:\/\/stepstojustice.ca\/fr\/wp-json\/wp\/v2\/pages"}],"about":[{"href":"https:\/\/stepstojustice.ca\/fr\/wp-json\/wp\/v2\/types\/page"}],"author":[{"embeddable":true,"href":"https:\/\/stepstojustice.ca\/fr\/wp-json\/wp\/v2\/users\/3"}],"replies":[{"embeddable":true,"href":"https:\/\/stepstojustice.ca\/fr\/wp-json\/wp\/v2\/comments?post=1122602"}],"version-history":[{"count":9,"href":"https:\/\/stepstojustice.ca\/fr\/wp-json\/wp\/v2\/pages\/1122602\/revisions"}],"predecessor-version":[{"id":1274134,"href":"https:\/\/stepstojustice.ca\/fr\/wp-json\/wp\/v2\/pages\/1122602\/revisions\/1274134"}],"wp:attachment":[{"href":"https:\/\/stepstojustice.ca\/fr\/wp-json\/wp\/v2\/media?parent=1122602"}],"curies":[{"name":"wp","href":"https:\/\/api.w.org\/{rel}","templated":true}]}}