{"id":1122618,"date":"2018-06-18T15:20:16","date_gmt":"2018-06-18T19:20:16","guid":{"rendered":""},"modified":"2025-11-10T10:33:53","modified_gmt":"2025-11-10T15:33:53","slug":"a-propos-justice-pas-a-pas","status":"publish","type":"page","link":"https:\/\/stepstojustice.ca\/fr\/a-propos-justice-pas-a-pas\/","title":{"rendered":"\u00c0 propos de Justice pas-\u00e0-pas"},"content":{"rendered":"<p>Vous avez un probl\u00e8me juridique et vous vivez en Ontario?<\/p>\n<p>Justice pas-\u00e0-pas contient de l\u2019information fiable et utile sur des probl\u00e8mes juridiques courants. Vous y trouverez notamment\u00a0:<\/p>\n<ul>\n<li>les \u00e9tapes \u00e0 suivre pour vous aider \u00e0 r\u00e9gler vos probl\u00e8mes;<\/li>\n<li>des outils pratiques, comme des listes de v\u00e9rification, des formulaires et des guides d\u2019auto-assistance;<\/li>\n<li>des renseignements sur les services juridiques et sociaux offerts en Ontario;<\/li>\n<li>un service de clavardage en direct et d\u2019aide par courriel, si vous ne trouvez pas r\u00e9ponse \u00e0 vos questions.<\/li>\n<\/ul>\n<h3>Pourquoi faire confiance \u00e0 Justice pas-\u00e0-pas?<\/h3>\n<p>Justice pas-\u00e0-pas regroupe un grand nombre d\u2019organismes importants du secteur de la justice, dont le minist\u00e8re du Procureur g\u00e9n\u00e9ral, Aide juridique Ontario, des cliniques juridiques communautaires, le Barreau de l\u2019Ontario, la Cour sup\u00e9rieure de justice, la Cour de justice de l\u2019Ontario et le Groupe d\u2019action sur l\u2019acc\u00e8s \u00e0 la justice, <a href=\"\/fr\/justice-pas-%C3%A0-pas-organisations-contribuantes\">entre autres<\/a>. Un groupe de conseillers de la langue fran\u00e7aise nous a aid\u00e9s \u00e0 d\u00e9velopper Justice pas-\u00e0-pas pour qu\u2019il refl\u00e8te les besoins de la population francophone de l\u2019Ontario.<\/p>\n<p>L&#8217;\u00e9quipe de r\u00e9dacteurs en langage clair de CLEO s&#8217;assure que le contenu est facile \u00e0 comprendre. Les partenaires\u00a0des secteurs juridique et communautaire qui travaillent quotidiennement avec la client\u00e8le cible s&#8217;assurent que cela est pratique\u00a0et refl\u00e8te les r\u00e9alit\u00e9s sur le terrain. De plus, notre \u00e9quipe d&#8217;experts : avocats et r\u00e9viseurs juridiques s&#8217;assurent que le contenu est exact et qu&#8217;il est mis \u00e0 jour lorsqu&#8217;une\u00a0loi est modifi\u00e9e. Consultez la date de r\u00e9vision \u00e0 la fin de chaque question pour voir quand elle a \u00e9t\u00e9 mise \u00e0 jour.<\/p>\n<h3>Utilisation par les organismes communautaires<\/h3>\n<h4>Incorporation du contenu<\/h4>\n<p>Vous pouvez\u00a0<a href=\"\/fr\/incorporer-du-contenu-de-justice-pas-%C3%A0-pas-%C3%A0-votre-site-web\">incorporer du contenu<\/a> de Justice pas-\u00e0-pas \u00e0 votre\u00a0propre site Web pour diriger vos visiteurs directement vers Justice pas-\u00e0-pas. Choisissez\u00a0quelle partie du site incorporer et comment la pr\u00e9senter. Toutes les r\u00e9visions du site Justice pas-\u00e0-pas seront automatiquement report\u00e9es sur votre\u00a0site.<\/p>\n<p>Vous pouvez aussi ajouter des boutons \u00ab\u00a0Justice pas-\u00e0-pas\u00a0\u00bb \u00e0 votre\u00a0site; d\u2019un simple clic, vos visiteurs seront donc redirig\u00e9s facilement vers le site Justice <span style=\"white-space: nowrap;\">pas-\u00e0-pas<\/span>.<\/p>\n<p>Et vous pouvez promouvoir\u00a0Justice pas-\u00e0-pas sur <a href=\"https:\/\/stepstojustice.ca\/fr\/utilisez-nos-images-et-messages-sur-les-m%C3%A9dias-sociaux\">Facebook et X<\/a>.<\/p>\n<h4>Obtenir des formations sur Justice pas-\u00e0-pas<\/h4>\n<p>Nous offrons\u00a0des s\u00e9ances de formation gratuite\u00a0aux travailleurs communautaires et aux autres intervenants de premi\u00e8re ligne, pour leur pr\u00e9senter le contenu de Justice pas-\u00e0-pas et leur montrer comment naviguer sur le site. <a href=\"mailto:info@cleo.on.ca\">Contactez nous<\/a> pour organiser une s\u00e9ance de formation ou un webinaire gratuit pour vous et vos coll\u00e8gues.<\/p>\n<h4>Commande de Signets et affiches<\/h4>\n<p>Nous avons des signets gratuits sur Justice pas-\u00e0-pas que vous pouvez remettre \u00e0 vos clients pour les aider \u00e0 retenir l\u2019adresse du site. Vous pouvez aussi demander des affiches gratuites, que vous pourrez accrocher dans votre bureau. <a href=\"https:\/\/stepstojustice.ca\/fr\/commander-des-signets-et-des-affiches-de-steps-justice\/\">Commandez ici<\/a>.<\/p>\n<!-- AddThis Advanced Settings generic via filter on the_content --><!-- AddThis Share Buttons generic via filter on the_content -->","protected":false},"excerpt":{"rendered":"<p>Vous avez un probl\u00e8me juridique et vous vivez en Ontario?<br \/>\nJustice pas-\u00e0-pas contient de l\u2019information fiable et utile sur des probl\u00e8mes juridiques courants. Vous y trouverez notamment\u00a0:<\/p>\n<p>les \u00e9tapes \u00e0 suivre pour vous aider \u00e0 r\u00e9gler vos probl\u00e8mes;<br \/>\ndes outils pratiques, comme des listes de v\u00e9rification, des formulaires et des guides d\u2019auto-assistance;<!-- AddThis Advanced Settings generic via filter on get_the_excerpt --><!-- AddThis Share Buttons generic via filter on get_the_excerpt --><\/p>\n","protected":false},"author":3,"featured_media":0,"parent":0,"menu_order":0,"comment_status":"closed","ping_status":"closed","template":"","meta":{"ub_ctt_via":"","inline_featured_image":false,"footnotes":""},"class_list":["post-1122618","page","type-page","status-publish","hentry"],"featured_image_src":null,"yoast_head":"<!-- This site is optimized with the Yoast SEO Premium plugin v23.9 (Yoast SEO v23.9) - https:\/\/yoast.com\/wordpress\/plugins\/seo\/ -->\n<title>\u00c0 propos de Justice pas-\u00e0-pas - Justice pas-\u00e0-pas<\/title>\n<meta name=\"description\" content=\"Vous avez un probl\u00e8me juridique et vous vivez en Ontario? Justice pas-\u00e0-pas contient de l\u2019information fiable et utile sur des probl\u00e8mes juridiques\" \/>\n<meta name=\"robots\" content=\"index, follow, max-snippet:-1, max-image-preview:large, max-video-preview:-1\" \/>\n<link rel=\"canonical\" href=\"https:\/\/stepstojustice.ca\/fr\/a-propos-justice-pas-a-pas\/\" \/>\n<meta property=\"og:locale\" content=\"fr_FR\" \/>\n<meta property=\"og:type\" content=\"article\" \/>\n<meta property=\"og:title\" content=\"\u00c0 propos de Justice pas-\u00e0-pas - Justice pas-\u00e0-pas\" \/>\n<meta property=\"og:description\" content=\"Vous avez un probl\u00e8me juridique et vous vivez en Ontario? Justice pas-\u00e0-pas contient de l\u2019information fiable et utile sur des probl\u00e8mes juridiques\" \/>\n<meta property=\"og:url\" content=\"https:\/\/stepstojustice.ca\/fr\/a-propos-justice-pas-a-pas\/\" \/>\n<meta property=\"og:site_name\" content=\"Justice pas-\u00e0-pas\" \/>\n<meta property=\"article:publisher\" content=\"https:\/\/www.facebook.com\/CLEOLegalRights\/\" \/>\n<meta property=\"article:modified_time\" content=\"2025-11-10T15:33:53+00:00\" \/>\n<meta property=\"og:image\" content=\"https:\/\/stepstojustice.ca\/wp-content\/uploads\/Steps-to-Justice-logo.jpg\" \/>\n\t<meta property=\"og:image:width\" content=\"1200\" \/>\n\t<meta property=\"og:image:height\" content=\"650\" \/>\n\t<meta property=\"og:image:type\" content=\"image\/jpeg\" \/>\n<meta name=\"twitter:card\" content=\"summary_large_image\" \/>\n<meta name=\"twitter:site\" content=\"@CLEOLegalRights\" \/>\n<meta name=\"twitter:label1\" content=\"Est. reading time\" \/>\n\t<meta name=\"twitter:data1\" content=\"2 minutes\" \/>\n<script type=\"application\/ld+json\" class=\"yoast-schema-graph\">{\"@context\":\"https:\/\/schema.org\",\"@graph\":[{\"@type\":\"WebPage\",\"@id\":\"https:\/\/stepstojustice.ca\/fr\/a-propos-justice-pas-a-pas\/\",\"url\":\"https:\/\/stepstojustice.ca\/fr\/a-propos-justice-pas-a-pas\/\",\"name\":\"\u00c0 propos de Justice pas-\u00e0-pas - Justice pas-\u00e0-pas\",\"isPartOf\":{\"@id\":\"https:\/\/stepstojustice.ca\/fr\/#website\"},\"datePublished\":\"2018-06-18T19:20:16+00:00\",\"dateModified\":\"2025-11-10T15:33:53+00:00\",\"description\":\"Vous avez un probl\u00e8me juridique et vous vivez en Ontario? Justice pas-\u00e0-pas contient de l\u2019information fiable et utile sur des probl\u00e8mes juridiques\",\"breadcrumb\":{\"@id\":\"https:\/\/stepstojustice.ca\/fr\/a-propos-justice-pas-a-pas\/#breadcrumb\"},\"inLanguage\":\"fr-FR\",\"potentialAction\":[{\"@type\":\"ReadAction\",\"target\":[\"https:\/\/stepstojustice.ca\/fr\/a-propos-justice-pas-a-pas\/\"]}]},{\"@type\":\"BreadcrumbList\",\"@id\":\"https:\/\/stepstojustice.ca\/fr\/a-propos-justice-pas-a-pas\/#breadcrumb\",\"itemListElement\":[{\"@type\":\"ListItem\",\"position\":1,\"name\":\"Home\",\"item\":\"https:\/\/stepstojustice.ca\/fr\/\"},{\"@type\":\"ListItem\",\"position\":2,\"name\":\"\u00c0 propos de Justice pas-\u00e0-pas\"}]},{\"@type\":\"WebSite\",\"@id\":\"https:\/\/stepstojustice.ca\/fr\/#website\",\"url\":\"https:\/\/stepstojustice.ca\/fr\/\",\"name\":\"Justice pas-\u00e0-pas\",\"description\":\"Step-by-step information about legal problems\",\"publisher\":{\"@id\":\"https:\/\/stepstojustice.ca\/fr\/#organization\"},\"potentialAction\":[{\"@type\":\"SearchAction\",\"target\":{\"@type\":\"EntryPoint\",\"urlTemplate\":\"https:\/\/stepstojustice.ca\/fr\/?s={search_term_string}\"},\"query-input\":{\"@type\":\"PropertyValueSpecification\",\"valueRequired\":true,\"valueName\":\"search_term_string\"}}],\"inLanguage\":\"fr-FR\"},{\"@type\":\"Organization\",\"@id\":\"https:\/\/stepstojustice.ca\/fr\/#organization\",\"name\":\"Justice pas-\u00e0-pas\",\"url\":\"https:\/\/stepstojustice.ca\/fr\/\",\"logo\":{\"@type\":\"ImageObject\",\"inLanguage\":\"fr-FR\",\"@id\":\"https:\/\/stepstojustice.ca\/fr\/#\/schema\/logo\/image\/\",\"url\":\"https:\/\/stepstojustice.ca\/wp-content\/uploads\/2020\/10\/logo-s2j.png\",\"contentUrl\":\"https:\/\/stepstojustice.ca\/wp-content\/uploads\/2020\/10\/logo-s2j.png\",\"width\":1000,\"height\":146,\"caption\":\"Justice pas-\u00e0-pas\"},\"image\":{\"@id\":\"https:\/\/stepstojustice.ca\/fr\/#\/schema\/logo\/image\/\"},\"sameAs\":[\"https:\/\/www.facebook.com\/CLEOLegalRights\/\",\"https:\/\/x.com\/CLEOLegalRights\",\"https:\/\/www.instagram.com\/communitylegaleducationon\/\"]}]}<\/script>\n<!-- \/ Yoast SEO Premium plugin. -->","yoast_head_json":{"title":"\u00c0 propos de Justice pas-\u00e0-pas - Justice pas-\u00e0-pas","description":"Vous avez un probl\u00e8me juridique et vous vivez en Ontario? Justice pas-\u00e0-pas contient de l\u2019information fiable et utile sur des probl\u00e8mes juridiques","robots":{"index":"index","follow":"follow","max-snippet":"max-snippet:-1","max-image-preview":"max-image-preview:large","max-video-preview":"max-video-preview:-1"},"canonical":"https:\/\/stepstojustice.ca\/fr\/a-propos-justice-pas-a-pas\/","og_locale":"fr_FR","og_type":"article","og_title":"\u00c0 propos de Justice pas-\u00e0-pas - Justice pas-\u00e0-pas","og_description":"Vous avez un probl\u00e8me juridique et vous vivez en Ontario? Justice pas-\u00e0-pas contient de l\u2019information fiable et utile sur des probl\u00e8mes juridiques","og_url":"https:\/\/stepstojustice.ca\/fr\/a-propos-justice-pas-a-pas\/","og_site_name":"Justice pas-\u00e0-pas","article_publisher":"https:\/\/www.facebook.com\/CLEOLegalRights\/","article_modified_time":"2025-11-10T15:33:53+00:00","og_image":[{"width":1200,"height":650,"url":"https:\/\/stepstojustice.ca\/wp-content\/uploads\/Steps-to-Justice-logo.jpg","type":"image\/jpeg"}],"twitter_card":"summary_large_image","twitter_site":"@CLEOLegalRights","twitter_misc":{"Est. reading time":"2 minutes"},"schema":{"@context":"https:\/\/schema.org","@graph":[{"@type":"WebPage","@id":"https:\/\/stepstojustice.ca\/fr\/a-propos-justice-pas-a-pas\/","url":"https:\/\/stepstojustice.ca\/fr\/a-propos-justice-pas-a-pas\/","name":"\u00c0 propos de Justice pas-\u00e0-pas - Justice pas-\u00e0-pas","isPartOf":{"@id":"https:\/\/stepstojustice.ca\/fr\/#website"},"datePublished":"2018-06-18T19:20:16+00:00","dateModified":"2025-11-10T15:33:53+00:00","description":"Vous avez un probl\u00e8me juridique et vous vivez en Ontario? Justice pas-\u00e0-pas contient de l\u2019information fiable et utile sur des probl\u00e8mes juridiques","breadcrumb":{"@id":"https:\/\/stepstojustice.ca\/fr\/a-propos-justice-pas-a-pas\/#breadcrumb"},"inLanguage":"fr-FR","potentialAction":[{"@type":"ReadAction","target":["https:\/\/stepstojustice.ca\/fr\/a-propos-justice-pas-a-pas\/"]}]},{"@type":"BreadcrumbList","@id":"https:\/\/stepstojustice.ca\/fr\/a-propos-justice-pas-a-pas\/#breadcrumb","itemListElement":[{"@type":"ListItem","position":1,"name":"Home","item":"https:\/\/stepstojustice.ca\/fr\/"},{"@type":"ListItem","position":2,"name":"\u00c0 propos de Justice pas-\u00e0-pas"}]},{"@type":"WebSite","@id":"https:\/\/stepstojustice.ca\/fr\/#website","url":"https:\/\/stepstojustice.ca\/fr\/","name":"Justice pas-\u00e0-pas","description":"Step-by-step information about legal problems","publisher":{"@id":"https:\/\/stepstojustice.ca\/fr\/#organization"},"potentialAction":[{"@type":"SearchAction","target":{"@type":"EntryPoint","urlTemplate":"https:\/\/stepstojustice.ca\/fr\/?s={search_term_string}"},"query-input":{"@type":"PropertyValueSpecification","valueRequired":true,"valueName":"search_term_string"}}],"inLanguage":"fr-FR"},{"@type":"Organization","@id":"https:\/\/stepstojustice.ca\/fr\/#organization","name":"Justice pas-\u00e0-pas","url":"https:\/\/stepstojustice.ca\/fr\/","logo":{"@type":"ImageObject","inLanguage":"fr-FR","@id":"https:\/\/stepstojustice.ca\/fr\/#\/schema\/logo\/image\/","url":"https:\/\/stepstojustice.ca\/wp-content\/uploads\/2020\/10\/logo-s2j.png","contentUrl":"https:\/\/stepstojustice.ca\/wp-content\/uploads\/2020\/10\/logo-s2j.png","width":1000,"height":146,"caption":"Justice pas-\u00e0-pas"},"image":{"@id":"https:\/\/stepstojustice.ca\/fr\/#\/schema\/logo\/image\/"},"sameAs":["https:\/\/www.facebook.com\/CLEOLegalRights\/","https:\/\/x.com\/CLEOLegalRights","https:\/\/www.instagram.com\/communitylegaleducationon\/"]}]}},"meta_box":{"contact_shortcode":"","contact_address":"","contact_address_details":"","contact_map":{"latitude":"","longitude":"","zoom":""},"remove_map":"","contact_company_name":"","contact_company_phones":[],"contact_company_email":"","contact_textarea":"","contact_other_text_block":"","contact_other_locations_show":"","contact_other_locations_title":"","contact_other_locations_type":"","contact_other_locations":[],"contact_gmaps_zoom_control":"","contact_gmaps_map_type_control":"","contact_gmaps_scaleControl":"","contact_gmaps_streetViewControl":"","contact_gmaps_rotateControl":"","contact_gmaps_fullscreenControl":"","location_gmaps_zoom_control":"","location_gmaps_map_type_control":"","location_gmaps_scaleControl":"","location_gmaps_streetViewControl":"","location_gmaps_rotateControl":"","location_gmaps_fullscreenControl":"","menu_page_links_type":"","menu_page_links":[],"menu_page_links_bottom_content":"","external_links_type":"","external_links":[],"external_sublinks":[],"private_staff_information_blocks":[],"private_staff_links_title":"","private_staff_links":[],"legal_topic_menu":[],"sb_display_type":"","sb_people_block":[],"homepage_partners_title":"","homepage_partners_button_text":"","homepage_partners_button_url":"","homepage_partners_menu":"","homepage_gp_title":"","homepage_gp_description":"","homepage_gp_menu":"","homepage_announcements_title":"","homepage_announcements_button_text":"","homepage_announcements_button_url":"","announcements":[],"homepage_topics_menu":"","homepage_position_of_illustration":"","homepage_top_section_title":"","homepage_top_section_description":"","homepage_top_section_search_placeholder":"","header_subtitle":"","header_image":[],"header_content":"","page_icon":[]},"_links":{"self":[{"href":"https:\/\/stepstojustice.ca\/fr\/wp-json\/wp\/v2\/pages\/1122618","targetHints":{"allow":["GET"]}}],"collection":[{"href":"https:\/\/stepstojustice.ca\/fr\/wp-json\/wp\/v2\/pages"}],"about":[{"href":"https:\/\/stepstojustice.ca\/fr\/wp-json\/wp\/v2\/types\/page"}],"author":[{"embeddable":true,"href":"https:\/\/stepstojustice.ca\/fr\/wp-json\/wp\/v2\/users\/3"}],"replies":[{"embeddable":true,"href":"https:\/\/stepstojustice.ca\/fr\/wp-json\/wp\/v2\/comments?post=1122618"}],"version-history":[{"count":5,"href":"https:\/\/stepstojustice.ca\/fr\/wp-json\/wp\/v2\/pages\/1122618\/revisions"}],"predecessor-version":[{"id":1274268,"href":"https:\/\/stepstojustice.ca\/fr\/wp-json\/wp\/v2\/pages\/1122618\/revisions\/1274268"}],"wp:attachment":[{"href":"https:\/\/stepstojustice.ca\/fr\/wp-json\/wp\/v2\/media?parent=1122618"}],"curies":[{"name":"wp","href":"https:\/\/api.w.org\/{rel}","templated":true}]}}