{"id":1122620,"date":"2018-10-05T09:41:02","date_gmt":"2018-10-05T13:41:02","guid":{"rendered":""},"modified":"2018-10-05T09:41:02","modified_gmt":"2018-10-05T09:41:02","slug":"si-vous-parlez-fran\u00e7ais","status":"publish","type":"page","link":"https:\/\/stepstojustice.ca\/fr\/si-vous-parlez-fran\u00e7ais\/","title":{"rendered":"Si vous parlez fran\u00e7ais"},"content":{"rendered":"<h3>Si vous parlez fran\u00e7ais<\/h3>\n<p>Il existe de nombreuses situations o\u00f9 vous avez droit \u00e0 des services gouvernementaux et \u00e0 des proc\u00e9dures juridiques en fran\u00e7ais. Ainsi, vous pouvez avoir droit \u00e0 ce qu\u2019une audience \u00e0 laquelle vous \u00eates partie soit tenue devant un d\u00e9cideur qui parle fran\u00e7ais. Si vous avez un probl\u00e8me juridique, vous pouvez demander \u00e0 un avocat ou \u00e0 un intervenant d\u2019une clinique juridique communautaire de vous informer des droits linguistiques li\u00e9s au fait de parler fran\u00e7ais.<\/p>\n<h3>If you speak French<\/h3>\n<p>In many cases, you have the right to government services and legal proceedings in French. This may include the right to hearings before French-speaking decision\u2011makers. If you have a legal problem, you can ask a lawyer or a community legal clinic about your French language rights.<\/p>\n<!-- AddThis Advanced Settings generic via filter on the_content --><!-- AddThis Share Buttons generic via filter on the_content -->","protected":false},"excerpt":{"rendered":"<p>Si vous parlez fran\u00e7ais<br \/>\nIl existe de nombreuses situations o\u00f9 vous avez droit \u00e0 des services gouvernementaux et \u00e0 des proc\u00e9dures juridiques en fran\u00e7ais. Ainsi, vous pouvez avoir droit \u00e0 ce qu\u2019une audience \u00e0 laquelle vous \u00eates partie soit tenue devant un d\u00e9cideur qui parle fran\u00e7ais. Si vous avez un probl\u00e8me juridique,<!-- AddThis Advanced Settings generic via filter on get_the_excerpt --><!-- AddThis Share Buttons generic via filter on get_the_excerpt --><\/p>\n","protected":false},"author":3,"featured_media":0,"parent":0,"menu_order":0,"comment_status":"open","ping_status":"open","template":"","meta":{"ub_ctt_via":"","inline_featured_image":false,"footnotes":""},"class_list":["post-1122620","page","type-page","status-publish","hentry"],"featured_image_src":null,"yoast_head":"<!-- This site is optimized with the Yoast SEO Premium plugin v23.9 (Yoast SEO v23.9) - https:\/\/yoast.com\/wordpress\/plugins\/seo\/ -->\n<title>Si vous parlez fran\u00e7ais - Justice pas-\u00e0-pas<\/title>\n<meta name=\"description\" content=\"Si vous parlez fran\u00e7ais Il existe de nombreuses situations o\u00f9 vous avez droit \u00e0 des services gouvernementaux et \u00e0 des proc\u00e9dures juridiques en fran\u00e7ais.\" \/>\n<meta name=\"robots\" content=\"index, follow, max-snippet:-1, max-image-preview:large, max-video-preview:-1\" \/>\n<link rel=\"canonical\" href=\"https:\/\/stepstojustice.ca\/fr\/si-vous-parlez-fran\u00e7ais\/\" \/>\n<meta property=\"og:locale\" content=\"fr_FR\" \/>\n<meta property=\"og:type\" content=\"article\" \/>\n<meta property=\"og:title\" content=\"Si vous parlez fran\u00e7ais - Justice pas-\u00e0-pas\" \/>\n<meta property=\"og:description\" content=\"Si vous parlez fran\u00e7ais Il existe de nombreuses situations o\u00f9 vous avez droit \u00e0 des services gouvernementaux et \u00e0 des proc\u00e9dures juridiques en fran\u00e7ais.\" \/>\n<meta property=\"og:url\" content=\"https:\/\/stepstojustice.ca\/fr\/si-vous-parlez-fran\u00e7ais\/\" \/>\n<meta property=\"og:site_name\" content=\"Justice pas-\u00e0-pas\" \/>\n<meta property=\"article:publisher\" content=\"https:\/\/www.facebook.com\/CLEOLegalRights\/\" \/>\n<meta property=\"article:modified_time\" content=\"2018-10-05T09:41:02+00:00\" \/>\n<meta property=\"og:image\" content=\"https:\/\/stepstojustice.ca\/wp-content\/uploads\/Steps-to-Justice-logo.jpg\" \/>\n\t<meta property=\"og:image:width\" content=\"1200\" \/>\n\t<meta property=\"og:image:height\" content=\"650\" \/>\n\t<meta property=\"og:image:type\" content=\"image\/jpeg\" \/>\n<meta name=\"twitter:card\" content=\"summary_large_image\" \/>\n<meta name=\"twitter:site\" content=\"@CLEOLegalRights\" \/>\n<meta name=\"twitter:label1\" content=\"Est. reading time\" \/>\n\t<meta name=\"twitter:data1\" content=\"1 minute\" \/>\n<script type=\"application\/ld+json\" class=\"yoast-schema-graph\">{\"@context\":\"https:\/\/schema.org\",\"@graph\":[{\"@type\":\"WebPage\",\"@id\":\"https:\/\/stepstojustice.ca\/fr\/si-vous-parlez-fran\u00e7ais\/\",\"url\":\"https:\/\/stepstojustice.ca\/fr\/si-vous-parlez-fran\u00e7ais\/\",\"name\":\"Si vous parlez fran\u00e7ais - Justice pas-\u00e0-pas\",\"isPartOf\":{\"@id\":\"https:\/\/stepstojustice.ca\/fr\/#website\"},\"datePublished\":\"-0001-11-30T00:00:00+00:00\",\"dateModified\":\"2018-10-05T09:41:02+00:00\",\"description\":\"Si vous parlez fran\u00e7ais Il existe de nombreuses situations o\u00f9 vous avez droit \u00e0 des services gouvernementaux et \u00e0 des proc\u00e9dures juridiques en fran\u00e7ais.\",\"breadcrumb\":{\"@id\":\"https:\/\/stepstojustice.ca\/fr\/si-vous-parlez-fran\u00e7ais\/#breadcrumb\"},\"inLanguage\":\"fr-FR\",\"potentialAction\":[{\"@type\":\"ReadAction\",\"target\":[\"https:\/\/stepstojustice.ca\/fr\/si-vous-parlez-fran\u00e7ais\/\"]}]},{\"@type\":\"BreadcrumbList\",\"@id\":\"https:\/\/stepstojustice.ca\/fr\/si-vous-parlez-fran\u00e7ais\/#breadcrumb\",\"itemListElement\":[{\"@type\":\"ListItem\",\"position\":1,\"name\":\"Home\",\"item\":\"https:\/\/stepstojustice.ca\/fr\/\"},{\"@type\":\"ListItem\",\"position\":2,\"name\":\"Si vous parlez fran\u00e7ais\"}]},{\"@type\":\"WebSite\",\"@id\":\"https:\/\/stepstojustice.ca\/fr\/#website\",\"url\":\"https:\/\/stepstojustice.ca\/fr\/\",\"name\":\"Justice pas-\u00e0-pas\",\"description\":\"Step-by-step information about legal problems\",\"publisher\":{\"@id\":\"https:\/\/stepstojustice.ca\/fr\/#organization\"},\"potentialAction\":[{\"@type\":\"SearchAction\",\"target\":{\"@type\":\"EntryPoint\",\"urlTemplate\":\"https:\/\/stepstojustice.ca\/fr\/?s={search_term_string}\"},\"query-input\":{\"@type\":\"PropertyValueSpecification\",\"valueRequired\":true,\"valueName\":\"search_term_string\"}}],\"inLanguage\":\"fr-FR\"},{\"@type\":\"Organization\",\"@id\":\"https:\/\/stepstojustice.ca\/fr\/#organization\",\"name\":\"Justice pas-\u00e0-pas\",\"url\":\"https:\/\/stepstojustice.ca\/fr\/\",\"logo\":{\"@type\":\"ImageObject\",\"inLanguage\":\"fr-FR\",\"@id\":\"https:\/\/stepstojustice.ca\/fr\/#\/schema\/logo\/image\/\",\"url\":\"https:\/\/stepstojustice.ca\/wp-content\/uploads\/2020\/10\/logo-s2j.png\",\"contentUrl\":\"https:\/\/stepstojustice.ca\/wp-content\/uploads\/2020\/10\/logo-s2j.png\",\"width\":1000,\"height\":146,\"caption\":\"Justice pas-\u00e0-pas\"},\"image\":{\"@id\":\"https:\/\/stepstojustice.ca\/fr\/#\/schema\/logo\/image\/\"},\"sameAs\":[\"https:\/\/www.facebook.com\/CLEOLegalRights\/\",\"https:\/\/x.com\/CLEOLegalRights\",\"https:\/\/www.instagram.com\/communitylegaleducationon\/\"]}]}<\/script>\n<!-- \/ Yoast SEO Premium plugin. -->","yoast_head_json":{"title":"Si vous parlez fran\u00e7ais - Justice pas-\u00e0-pas","description":"Si vous parlez fran\u00e7ais Il existe de nombreuses situations o\u00f9 vous avez droit \u00e0 des services gouvernementaux et \u00e0 des proc\u00e9dures juridiques en fran\u00e7ais.","robots":{"index":"index","follow":"follow","max-snippet":"max-snippet:-1","max-image-preview":"max-image-preview:large","max-video-preview":"max-video-preview:-1"},"canonical":"https:\/\/stepstojustice.ca\/fr\/si-vous-parlez-fran\u00e7ais\/","og_locale":"fr_FR","og_type":"article","og_title":"Si vous parlez fran\u00e7ais - Justice pas-\u00e0-pas","og_description":"Si vous parlez fran\u00e7ais Il existe de nombreuses situations o\u00f9 vous avez droit \u00e0 des services gouvernementaux et \u00e0 des proc\u00e9dures juridiques en fran\u00e7ais.","og_url":"https:\/\/stepstojustice.ca\/fr\/si-vous-parlez-fran\u00e7ais\/","og_site_name":"Justice pas-\u00e0-pas","article_publisher":"https:\/\/www.facebook.com\/CLEOLegalRights\/","article_modified_time":"2018-10-05T09:41:02+00:00","og_image":[{"width":1200,"height":650,"url":"https:\/\/stepstojustice.ca\/wp-content\/uploads\/Steps-to-Justice-logo.jpg","type":"image\/jpeg"}],"twitter_card":"summary_large_image","twitter_site":"@CLEOLegalRights","twitter_misc":{"Est. reading time":"1 minute"},"schema":{"@context":"https:\/\/schema.org","@graph":[{"@type":"WebPage","@id":"https:\/\/stepstojustice.ca\/fr\/si-vous-parlez-fran\u00e7ais\/","url":"https:\/\/stepstojustice.ca\/fr\/si-vous-parlez-fran\u00e7ais\/","name":"Si vous parlez fran\u00e7ais - Justice pas-\u00e0-pas","isPartOf":{"@id":"https:\/\/stepstojustice.ca\/fr\/#website"},"datePublished":"-0001-11-30T00:00:00+00:00","dateModified":"2018-10-05T09:41:02+00:00","description":"Si vous parlez fran\u00e7ais Il existe de nombreuses situations o\u00f9 vous avez droit \u00e0 des services gouvernementaux et \u00e0 des proc\u00e9dures juridiques en fran\u00e7ais.","breadcrumb":{"@id":"https:\/\/stepstojustice.ca\/fr\/si-vous-parlez-fran\u00e7ais\/#breadcrumb"},"inLanguage":"fr-FR","potentialAction":[{"@type":"ReadAction","target":["https:\/\/stepstojustice.ca\/fr\/si-vous-parlez-fran\u00e7ais\/"]}]},{"@type":"BreadcrumbList","@id":"https:\/\/stepstojustice.ca\/fr\/si-vous-parlez-fran\u00e7ais\/#breadcrumb","itemListElement":[{"@type":"ListItem","position":1,"name":"Home","item":"https:\/\/stepstojustice.ca\/fr\/"},{"@type":"ListItem","position":2,"name":"Si vous parlez fran\u00e7ais"}]},{"@type":"WebSite","@id":"https:\/\/stepstojustice.ca\/fr\/#website","url":"https:\/\/stepstojustice.ca\/fr\/","name":"Justice pas-\u00e0-pas","description":"Step-by-step information about legal problems","publisher":{"@id":"https:\/\/stepstojustice.ca\/fr\/#organization"},"potentialAction":[{"@type":"SearchAction","target":{"@type":"EntryPoint","urlTemplate":"https:\/\/stepstojustice.ca\/fr\/?s={search_term_string}"},"query-input":{"@type":"PropertyValueSpecification","valueRequired":true,"valueName":"search_term_string"}}],"inLanguage":"fr-FR"},{"@type":"Organization","@id":"https:\/\/stepstojustice.ca\/fr\/#organization","name":"Justice pas-\u00e0-pas","url":"https:\/\/stepstojustice.ca\/fr\/","logo":{"@type":"ImageObject","inLanguage":"fr-FR","@id":"https:\/\/stepstojustice.ca\/fr\/#\/schema\/logo\/image\/","url":"https:\/\/stepstojustice.ca\/wp-content\/uploads\/2020\/10\/logo-s2j.png","contentUrl":"https:\/\/stepstojustice.ca\/wp-content\/uploads\/2020\/10\/logo-s2j.png","width":1000,"height":146,"caption":"Justice pas-\u00e0-pas"},"image":{"@id":"https:\/\/stepstojustice.ca\/fr\/#\/schema\/logo\/image\/"},"sameAs":["https:\/\/www.facebook.com\/CLEOLegalRights\/","https:\/\/x.com\/CLEOLegalRights","https:\/\/www.instagram.com\/communitylegaleducationon\/"]}]}},"meta_box":{"contact_shortcode":"","contact_address":"","contact_address_details":"","contact_map":{"latitude":"","longitude":"","zoom":""},"remove_map":"","contact_company_name":"","contact_company_phones":[],"contact_company_email":"","contact_textarea":"","contact_other_text_block":"","contact_other_locations_show":"","contact_other_locations_title":"","contact_other_locations_type":"","contact_other_locations":[],"contact_gmaps_zoom_control":"","contact_gmaps_map_type_control":"","contact_gmaps_scaleControl":"","contact_gmaps_streetViewControl":"","contact_gmaps_rotateControl":"","contact_gmaps_fullscreenControl":"","location_gmaps_zoom_control":"","location_gmaps_map_type_control":"","location_gmaps_scaleControl":"","location_gmaps_streetViewControl":"","location_gmaps_rotateControl":"","location_gmaps_fullscreenControl":"","menu_page_links_type":"","menu_page_links":[],"menu_page_links_bottom_content":"","external_links_type":"","external_links":[],"external_sublinks":[],"private_staff_information_blocks":[],"private_staff_links_title":"","private_staff_links":[],"legal_topic_menu":[],"sb_display_type":"","sb_people_block":[],"homepage_partners_title":"","homepage_partners_button_text":"","homepage_partners_button_url":"","homepage_partners_menu":"","homepage_gp_title":"","homepage_gp_description":"","homepage_gp_menu":"","homepage_announcements_title":"","homepage_announcements_button_text":"","homepage_announcements_button_url":"","announcements":[],"homepage_topics_menu":"","homepage_position_of_illustration":"","homepage_top_section_title":"","homepage_top_section_description":"","homepage_top_section_search_placeholder":"","header_subtitle":"","header_image":[],"header_content":"","page_icon":[]},"_links":{"self":[{"href":"https:\/\/stepstojustice.ca\/fr\/wp-json\/wp\/v2\/pages\/1122620","targetHints":{"allow":["GET"]}}],"collection":[{"href":"https:\/\/stepstojustice.ca\/fr\/wp-json\/wp\/v2\/pages"}],"about":[{"href":"https:\/\/stepstojustice.ca\/fr\/wp-json\/wp\/v2\/types\/page"}],"author":[{"embeddable":true,"href":"https:\/\/stepstojustice.ca\/fr\/wp-json\/wp\/v2\/users\/3"}],"replies":[{"embeddable":true,"href":"https:\/\/stepstojustice.ca\/fr\/wp-json\/wp\/v2\/comments?post=1122620"}],"version-history":[{"count":0,"href":"https:\/\/stepstojustice.ca\/fr\/wp-json\/wp\/v2\/pages\/1122620\/revisions"}],"wp:attachment":[{"href":"https:\/\/stepstojustice.ca\/fr\/wp-json\/wp\/v2\/media?parent=1122620"}],"curies":[{"name":"wp","href":"https:\/\/api.w.org\/{rel}","templated":true}]}}