{"id":1122621,"date":"2018-06-18T15:04:08","date_gmt":"2018-06-18T19:04:08","guid":{"rendered":""},"modified":"2021-04-06T00:04:17","modified_gmt":"2021-04-06T04:04:17","slug":"conditions-dutilisation","status":"publish","type":"page","link":"https:\/\/stepstojustice.ca\/fr\/conditions-dutilisation\/","title":{"rendered":"Conditions d&#8217;utilisation"},"content":{"rendered":"<p>En utilisant le site Justice pas-\u00e0-pas, vous acceptez d\u2019\u00eatre li\u00e9 par les pr\u00e9sentes conditions d\u2019utilisation et leurs versions successives.<\/p>\n<h3>1. Droit d\u2019auteur et utilisation du mat\u00e9riel<\/h3>\n<p>Le contenu du site Justice pas-\u00e0-pas est prot\u00e9g\u00e9 par les lois sur le droit d\u2019auteur et les marques de commerce, entre autres, et sauf indication contraire, il appartient \u00e0 CLEO.<\/p>\n<p>Le mat\u00e9riel prot\u00e9g\u00e9 par le droit d\u2019auteur de CLEO peut \u00eatre t\u00e9l\u00e9charg\u00e9 et imprim\u00e9 dans son int\u00e9gralit\u00e9 \u00e0 des fins non commerciales ou p\u00e9dagogiques, avec mention de sa source. Le contenu du site ne doit pas, en tout ou en partie, \u00eatre vendu ou autrement transmis \u00e0 des fins commerciales, sous quelque forme ou par quelque proc\u00e9d\u00e9 que ce soit, sans l\u2019autorisation \u00e9crite pr\u00e9alable de CLEO.<\/p>\n<p>Le site Justice pas-\u00e0-pas contient des liens vers des ressources prot\u00e9g\u00e9es par le droit d\u2019auteur d\u2019autres organisations. Veuillez lire les conditions d\u2019utilisation de ces autres organisations.<\/p>\n<h3>2. Avis de non-responsabilit\u00e9<\/h3>\n<p>Le contenu du site Justice pas-\u00e0-pas offre de l\u2019information g\u00e9n\u00e9rale et ne constitue en rien un conseil juridique. Si vous avez besoin de conseils concernant un probl\u00e8me juridique pr\u00e9cis, adressez-vous \u00e0 un avocat ou \u00e0 une clinique juridique communautaire.<\/p>\n<p>CLEO et ses partenaires ne garantissent aucunement l\u2019exactitude, la validit\u00e9, l\u2019actualit\u00e9 ou l\u2019exhaustivit\u00e9 de l\u2019information pr\u00e9sent\u00e9e sur le site ou sur tout autre site accessible \u00e0 partir de Justice pas-\u00e0-pas. Le contenu du site peut \u00eatre modifi\u00e9 ou mis \u00e0 jour en tout temps, sans avis. La date de la derni\u00e8re r\u00e9vision est indiqu\u00e9e sur chaque page. Bien que CLEO s\u2019efforce d\u2019assurer l\u2019exactitude et l\u2019actualit\u00e9 du contenu, la l\u00e9gislation et la r\u00e9glementation sont appel\u00e9es \u00e0 changer.<\/p>\n<p>L\u2019information pr\u00e9sent\u00e9e sur le site est fournie \u00ab&nbsp;telle quelle&nbsp;\u00bb, sans aucune garantie, expresse ou tacite, y compris les garanties tacites de qualit\u00e9 marchande, d\u2019adaptation \u00e0 un usage particulier, d\u2019absence de contrefa\u00e7on ou de titre.<\/p>\n<p>CLEO et ses partenaires n\u2019assument aucune responsabilit\u00e9 relativement aux dommages, peu importe leur nature, y compris les dommages indirects, particuliers, cons\u00e9cutifs, punitifs ou accessoires, en mati\u00e8re contractuelle ou civile d\u00e9lictuelle, d\u00e9coulant directement ou indirectement de l\u2019utilisation du site Justice pas-\u00e0-pas, de l\u2019incapacit\u00e9 d\u2019utiliser ce dernier, de l\u2019utilisation du mat\u00e9riel accessible sur le site ou sur un site connexe, ou du recours \u00e0 ce mat\u00e9riel ou de son application, et ce, m\u00eame s\u2019ils ont \u00e9t\u00e9 express\u00e9ment avis\u00e9s de la possibilit\u00e9 de ces dommages.<\/p>\n<p>L\u2019inclusion de liens vers les sites Web de tiers ne signifie pas que CLEO est affili\u00e9e \u00e0 ces tiers ni qu\u2019elle approuve ces sites ou les personnes qui les g\u00e8rent.<\/p>\n<h3>3. Confidentialit\u00e9<\/h3>\n<p>Consultez notre <a href=\"\/fr\/d%C3%A9claration-de-confidentialit%C3%A9\">d\u00e9claration de confidentialit\u00e9<\/a>.<\/p>\n<h3>4. M\u00e9dias sociaux<\/h3>\n<p>CLEO utilise les m\u00e9dias sociaux, comme Twitter et Facebook, pour promouvoir le contenu de Justice pas-\u00e0-pas. Elle surveille les messages et les commentaires publi\u00e9s pendant ses heures normales d\u2019ouverture, et se r\u00e9serve le droit de supprimer ceux qu\u2019elle juge offensants ou qui font la promotion d\u2019autres services. En cas de violation, CLEO se r\u00e9serve le droit de bloquer ou d\u2019exclure un utilisateur. Les commentaires publi\u00e9s sur les comptes de m\u00e9dias sociaux de CLEO ne refl\u00e8tent aucunement son opinion ou celle de ses bailleurs de fonds ou partenaires.<\/p>\n<h3>5. Comp\u00e9tence<\/h3>\n<p>La pr\u00e9sente entente intervenue entre vous (l\u2019utilisateur) et CLEO est r\u00e9gie par les lois de l\u2019Ontario et les lois du Canada applicables et doit \u00eatre interpr\u00e9t\u00e9e conform\u00e9ment \u00e0 celles-ci. Par les pr\u00e9sentes, vous acceptez de vous en remettre \u00e0 la comp\u00e9tence exclusive des tribunaux de l\u2019Ontario pour toute proc\u00e9dure li\u00e9e \u00e0 l\u2019entente.<\/p>\n<h3>6. Int\u00e9gralit\u00e9 de l\u2019entente<\/h3>\n<p>La pr\u00e9sente entente constitue l\u2019int\u00e9gralit\u00e9 de l\u2019accord intervenu entre vous et CLEO concernant l\u2019utilisation du site Justice pas-\u00e0-pas.<\/p>\n<!-- AddThis Advanced Settings generic via filter on the_content --><!-- AddThis Share Buttons generic via filter on the_content -->","protected":false},"excerpt":{"rendered":"<p>En utilisant le site Justice pas-\u00e0-pas, vous acceptez d\u2019\u00eatre li\u00e9 par les pr\u00e9sentes conditions d\u2019utilisation et leurs versions successives.<br \/>\n1. Droit d\u2019auteur et utilisation du mat\u00e9riel<br \/>\nLe contenu du site Justice pas-\u00e0-pas est prot\u00e9g\u00e9 par les lois sur le droit d\u2019auteur et les marques de commerce, entre autres, et sauf indication contraire,<!-- AddThis Advanced Settings generic via filter on get_the_excerpt --><!-- AddThis Share Buttons generic via filter on get_the_excerpt --><\/p>\n","protected":false},"author":3,"featured_media":0,"parent":0,"menu_order":0,"comment_status":"closed","ping_status":"closed","template":"","meta":{"ub_ctt_via":"","inline_featured_image":false,"footnotes":""},"class_list":["post-1122621","page","type-page","status-publish","hentry"],"featured_image_src":null,"yoast_head":"<!-- This site is optimized with the Yoast SEO Premium plugin v23.9 (Yoast SEO v23.9) - https:\/\/yoast.com\/wordpress\/plugins\/seo\/ -->\n<title>Conditions d&#039;utilisation - Justice pas-\u00e0-pas<\/title>\n<meta name=\"description\" content=\"En utilisant le site Justice pas-\u00e0-pas, vous acceptez d\u2019\u00eatre li\u00e9 par les pr\u00e9sentes conditions d\u2019utilisation et leurs versions successives. 1. Droit\" \/>\n<meta name=\"robots\" content=\"index, follow, max-snippet:-1, max-image-preview:large, max-video-preview:-1\" \/>\n<link rel=\"canonical\" href=\"https:\/\/stepstojustice.ca\/fr\/conditions-dutilisation\/\" \/>\n<meta property=\"og:locale\" content=\"fr_FR\" \/>\n<meta property=\"og:type\" content=\"article\" \/>\n<meta property=\"og:title\" content=\"Conditions d&#039;utilisation - Justice pas-\u00e0-pas\" \/>\n<meta property=\"og:description\" content=\"En utilisant le site Justice pas-\u00e0-pas, vous acceptez d\u2019\u00eatre li\u00e9 par les pr\u00e9sentes conditions d\u2019utilisation et leurs versions successives. 1. Droit\" \/>\n<meta property=\"og:url\" content=\"https:\/\/stepstojustice.ca\/fr\/conditions-dutilisation\/\" \/>\n<meta property=\"og:site_name\" content=\"Justice pas-\u00e0-pas\" \/>\n<meta property=\"article:publisher\" content=\"https:\/\/www.facebook.com\/CLEOLegalRights\/\" \/>\n<meta property=\"article:modified_time\" content=\"2021-04-06T04:04:17+00:00\" \/>\n<meta property=\"og:image\" content=\"https:\/\/stepstojustice.ca\/wp-content\/uploads\/Steps-to-Justice-logo.jpg\" \/>\n\t<meta property=\"og:image:width\" content=\"1200\" \/>\n\t<meta property=\"og:image:height\" content=\"650\" \/>\n\t<meta property=\"og:image:type\" content=\"image\/jpeg\" \/>\n<meta name=\"twitter:card\" content=\"summary_large_image\" \/>\n<meta name=\"twitter:site\" content=\"@CLEOLegalRights\" \/>\n<meta name=\"twitter:label1\" content=\"Est. reading time\" \/>\n\t<meta name=\"twitter:data1\" content=\"3 minutes\" \/>\n<script type=\"application\/ld+json\" class=\"yoast-schema-graph\">{\"@context\":\"https:\/\/schema.org\",\"@graph\":[{\"@type\":\"WebPage\",\"@id\":\"https:\/\/stepstojustice.ca\/fr\/conditions-dutilisation\/\",\"url\":\"https:\/\/stepstojustice.ca\/fr\/conditions-dutilisation\/\",\"name\":\"Conditions d'utilisation - Justice pas-\u00e0-pas\",\"isPartOf\":{\"@id\":\"https:\/\/stepstojustice.ca\/fr\/#website\"},\"datePublished\":\"2018-06-18T19:04:08+00:00\",\"dateModified\":\"2021-04-06T04:04:17+00:00\",\"description\":\"En utilisant le site Justice pas-\u00e0-pas, vous acceptez d\u2019\u00eatre li\u00e9 par les pr\u00e9sentes conditions d\u2019utilisation et leurs versions successives. 1. Droit\",\"breadcrumb\":{\"@id\":\"https:\/\/stepstojustice.ca\/fr\/conditions-dutilisation\/#breadcrumb\"},\"inLanguage\":\"fr-FR\",\"potentialAction\":[{\"@type\":\"ReadAction\",\"target\":[\"https:\/\/stepstojustice.ca\/fr\/conditions-dutilisation\/\"]}]},{\"@type\":\"BreadcrumbList\",\"@id\":\"https:\/\/stepstojustice.ca\/fr\/conditions-dutilisation\/#breadcrumb\",\"itemListElement\":[{\"@type\":\"ListItem\",\"position\":1,\"name\":\"Home\",\"item\":\"https:\/\/stepstojustice.ca\/fr\/\"},{\"@type\":\"ListItem\",\"position\":2,\"name\":\"Conditions d&#8217;utilisation\"}]},{\"@type\":\"WebSite\",\"@id\":\"https:\/\/stepstojustice.ca\/fr\/#website\",\"url\":\"https:\/\/stepstojustice.ca\/fr\/\",\"name\":\"Justice pas-\u00e0-pas\",\"description\":\"Step-by-step information about legal problems\",\"publisher\":{\"@id\":\"https:\/\/stepstojustice.ca\/fr\/#organization\"},\"potentialAction\":[{\"@type\":\"SearchAction\",\"target\":{\"@type\":\"EntryPoint\",\"urlTemplate\":\"https:\/\/stepstojustice.ca\/fr\/?s={search_term_string}\"},\"query-input\":{\"@type\":\"PropertyValueSpecification\",\"valueRequired\":true,\"valueName\":\"search_term_string\"}}],\"inLanguage\":\"fr-FR\"},{\"@type\":\"Organization\",\"@id\":\"https:\/\/stepstojustice.ca\/fr\/#organization\",\"name\":\"Justice pas-\u00e0-pas\",\"url\":\"https:\/\/stepstojustice.ca\/fr\/\",\"logo\":{\"@type\":\"ImageObject\",\"inLanguage\":\"fr-FR\",\"@id\":\"https:\/\/stepstojustice.ca\/fr\/#\/schema\/logo\/image\/\",\"url\":\"https:\/\/stepstojustice.ca\/wp-content\/uploads\/2020\/10\/logo-s2j.png\",\"contentUrl\":\"https:\/\/stepstojustice.ca\/wp-content\/uploads\/2020\/10\/logo-s2j.png\",\"width\":1000,\"height\":146,\"caption\":\"Justice pas-\u00e0-pas\"},\"image\":{\"@id\":\"https:\/\/stepstojustice.ca\/fr\/#\/schema\/logo\/image\/\"},\"sameAs\":[\"https:\/\/www.facebook.com\/CLEOLegalRights\/\",\"https:\/\/x.com\/CLEOLegalRights\",\"https:\/\/www.instagram.com\/communitylegaleducationon\/\"]}]}<\/script>\n<!-- \/ Yoast SEO Premium plugin. -->","yoast_head_json":{"title":"Conditions d'utilisation - Justice pas-\u00e0-pas","description":"En utilisant le site Justice pas-\u00e0-pas, vous acceptez d\u2019\u00eatre li\u00e9 par les pr\u00e9sentes conditions d\u2019utilisation et leurs versions successives. 1. Droit","robots":{"index":"index","follow":"follow","max-snippet":"max-snippet:-1","max-image-preview":"max-image-preview:large","max-video-preview":"max-video-preview:-1"},"canonical":"https:\/\/stepstojustice.ca\/fr\/conditions-dutilisation\/","og_locale":"fr_FR","og_type":"article","og_title":"Conditions d'utilisation - Justice pas-\u00e0-pas","og_description":"En utilisant le site Justice pas-\u00e0-pas, vous acceptez d\u2019\u00eatre li\u00e9 par les pr\u00e9sentes conditions d\u2019utilisation et leurs versions successives. 1. Droit","og_url":"https:\/\/stepstojustice.ca\/fr\/conditions-dutilisation\/","og_site_name":"Justice pas-\u00e0-pas","article_publisher":"https:\/\/www.facebook.com\/CLEOLegalRights\/","article_modified_time":"2021-04-06T04:04:17+00:00","og_image":[{"width":1200,"height":650,"url":"https:\/\/stepstojustice.ca\/wp-content\/uploads\/Steps-to-Justice-logo.jpg","type":"image\/jpeg"}],"twitter_card":"summary_large_image","twitter_site":"@CLEOLegalRights","twitter_misc":{"Est. reading time":"3 minutes"},"schema":{"@context":"https:\/\/schema.org","@graph":[{"@type":"WebPage","@id":"https:\/\/stepstojustice.ca\/fr\/conditions-dutilisation\/","url":"https:\/\/stepstojustice.ca\/fr\/conditions-dutilisation\/","name":"Conditions d'utilisation - Justice pas-\u00e0-pas","isPartOf":{"@id":"https:\/\/stepstojustice.ca\/fr\/#website"},"datePublished":"2018-06-18T19:04:08+00:00","dateModified":"2021-04-06T04:04:17+00:00","description":"En utilisant le site Justice pas-\u00e0-pas, vous acceptez d\u2019\u00eatre li\u00e9 par les pr\u00e9sentes conditions d\u2019utilisation et leurs versions successives. 1. Droit","breadcrumb":{"@id":"https:\/\/stepstojustice.ca\/fr\/conditions-dutilisation\/#breadcrumb"},"inLanguage":"fr-FR","potentialAction":[{"@type":"ReadAction","target":["https:\/\/stepstojustice.ca\/fr\/conditions-dutilisation\/"]}]},{"@type":"BreadcrumbList","@id":"https:\/\/stepstojustice.ca\/fr\/conditions-dutilisation\/#breadcrumb","itemListElement":[{"@type":"ListItem","position":1,"name":"Home","item":"https:\/\/stepstojustice.ca\/fr\/"},{"@type":"ListItem","position":2,"name":"Conditions d&#8217;utilisation"}]},{"@type":"WebSite","@id":"https:\/\/stepstojustice.ca\/fr\/#website","url":"https:\/\/stepstojustice.ca\/fr\/","name":"Justice pas-\u00e0-pas","description":"Step-by-step information about legal problems","publisher":{"@id":"https:\/\/stepstojustice.ca\/fr\/#organization"},"potentialAction":[{"@type":"SearchAction","target":{"@type":"EntryPoint","urlTemplate":"https:\/\/stepstojustice.ca\/fr\/?s={search_term_string}"},"query-input":{"@type":"PropertyValueSpecification","valueRequired":true,"valueName":"search_term_string"}}],"inLanguage":"fr-FR"},{"@type":"Organization","@id":"https:\/\/stepstojustice.ca\/fr\/#organization","name":"Justice pas-\u00e0-pas","url":"https:\/\/stepstojustice.ca\/fr\/","logo":{"@type":"ImageObject","inLanguage":"fr-FR","@id":"https:\/\/stepstojustice.ca\/fr\/#\/schema\/logo\/image\/","url":"https:\/\/stepstojustice.ca\/wp-content\/uploads\/2020\/10\/logo-s2j.png","contentUrl":"https:\/\/stepstojustice.ca\/wp-content\/uploads\/2020\/10\/logo-s2j.png","width":1000,"height":146,"caption":"Justice pas-\u00e0-pas"},"image":{"@id":"https:\/\/stepstojustice.ca\/fr\/#\/schema\/logo\/image\/"},"sameAs":["https:\/\/www.facebook.com\/CLEOLegalRights\/","https:\/\/x.com\/CLEOLegalRights","https:\/\/www.instagram.com\/communitylegaleducationon\/"]}]}},"meta_box":{"contact_shortcode":"","contact_address":"","contact_address_details":"","contact_map":{"latitude":"","longitude":"","zoom":""},"remove_map":"","contact_company_name":"","contact_company_phones":[],"contact_company_email":"","contact_textarea":"","contact_other_text_block":"","contact_other_locations_show":"","contact_other_locations_title":"","contact_other_locations_type":"","contact_other_locations":[],"contact_gmaps_zoom_control":"","contact_gmaps_map_type_control":"","contact_gmaps_scaleControl":"","contact_gmaps_streetViewControl":"","contact_gmaps_rotateControl":"","contact_gmaps_fullscreenControl":"","location_gmaps_zoom_control":"","location_gmaps_map_type_control":"","location_gmaps_scaleControl":"","location_gmaps_streetViewControl":"","location_gmaps_rotateControl":"","location_gmaps_fullscreenControl":"","menu_page_links_type":"","menu_page_links":[],"menu_page_links_bottom_content":"","external_links_type":"","external_links":[],"external_sublinks":[],"private_staff_information_blocks":[],"private_staff_links_title":"","private_staff_links":[],"legal_topic_menu":[],"sb_display_type":"","sb_people_block":[],"homepage_partners_title":"","homepage_partners_button_text":"","homepage_partners_button_url":"","homepage_partners_menu":"","homepage_gp_title":"","homepage_gp_description":"","homepage_gp_menu":"","homepage_announcements_title":"","homepage_announcements_button_text":"","homepage_announcements_button_url":"","announcements":[],"homepage_topics_menu":"","homepage_position_of_illustration":"","homepage_top_section_title":"","homepage_top_section_description":"","homepage_top_section_search_placeholder":"","header_subtitle":"","header_image":[],"header_content":"","page_icon":[]},"_links":{"self":[{"href":"https:\/\/stepstojustice.ca\/fr\/wp-json\/wp\/v2\/pages\/1122621","targetHints":{"allow":["GET"]}}],"collection":[{"href":"https:\/\/stepstojustice.ca\/fr\/wp-json\/wp\/v2\/pages"}],"about":[{"href":"https:\/\/stepstojustice.ca\/fr\/wp-json\/wp\/v2\/types\/page"}],"author":[{"embeddable":true,"href":"https:\/\/stepstojustice.ca\/fr\/wp-json\/wp\/v2\/users\/3"}],"replies":[{"embeddable":true,"href":"https:\/\/stepstojustice.ca\/fr\/wp-json\/wp\/v2\/comments?post=1122621"}],"version-history":[{"count":0,"href":"https:\/\/stepstojustice.ca\/fr\/wp-json\/wp\/v2\/pages\/1122621\/revisions"}],"wp:attachment":[{"href":"https:\/\/stepstojustice.ca\/fr\/wp-json\/wp\/v2\/media?parent=1122621"}],"curies":[{"name":"wp","href":"https:\/\/api.w.org\/{rel}","templated":true}]}}