{"id":1122625,"date":"2018-06-18T14:41:00","date_gmt":"2018-06-18T18:41:00","guid":{"rendered":""},"modified":"2025-11-04T06:58:16","modified_gmt":"2025-11-04T11:58:16","slug":"commander-des-signets-et-des-affiches-de-steps-justice","status":"publish","type":"page","link":"https:\/\/stepstojustice.ca\/fr\/commander-des-signets-et-des-affiches-de-steps-justice\/","title":{"rendered":"Commander des signets et des affiches de Justice pas-\u00e0-pas"},"content":{"rendered":"<p>Aidez-nous \u00e0 faire conna\u00eetre le site Justice pas-\u00e0-pas en commandant gratuitement des affiches ou des signets promotionnels pour votre lieu de travail ou votre client\u00e8le. Commandez en ligne en cliquant sur les liens ci-dessous, ou appelez CLEO au 416 408 4420, poste 833.<\/p>\n<div class=\"order-cols\">\n<div class=\"col\">\n<h2 class=\"title h3\">Signet<\/h2>\n<div class=\"img-box\"><img decoding=\"async\" src=\"\/wp-content\/uploads\/2021\/04\/bookmark-img.png\" alt=\"Bookmark\" \/><\/div>\n<p><a href=\"\/wp-content\/uploads\/2021\/04\/thumbnail-S2J-Bookmark_S2J-Front.png\" target=\"_blank\" rel=\"noopener\">Agrandir l&#8217;image<\/a><\/p>\n<h3 class=\"h5\">Dimensions:<\/h3>\n<p>Le signet mesure deux pouces par six pouces.<\/p>\n<p><a class=\"btn btn--blue\" href=\"https:\/\/www.cleo.on.ca\/fr\/commandez-des-publications?section=1\" target=\"_blank\" rel=\"noopener\">Commandez vos signets maintenant<\/a><br \/>\n(disponible en anglais seulement)<\/p>\n<\/div>\n<div class=\"col\">\n<h2 class=\"title h3\">Affiche<\/h2>\n<div class=\"img-box\"><img decoding=\"async\" src=\"\/wp-content\/uploads\/2021\/04\/poster-img.png\" alt=\"Poster\" \/><\/div>\n<p><a href=\"\/wp-content\/uploads\/2021\/04\/thumbnail-S2J-Poster-Letter.png\" target=\"_blank\" rel=\"noopener\">Agrandir l&#8217;image<\/a><\/p>\n<h3 class=\"h5\">Dimensions:<\/h3>\n<p>L\u2019affiche mesure 8,5 pouces par 11 pouces.<\/p>\n<p><a class=\"btn btn--blue\" href=\"https:\/\/www.cleo.on.ca\/fr\/commandez-des-publications?section=1\" target=\"_blank\" rel=\"noopener\">Commandez vos affiches maintenant<\/a><br \/>\n(disponible en anglais seulement)<\/p>\n<\/div>\n<\/div>\n<!-- AddThis Advanced Settings generic via filter on the_content --><!-- AddThis Share Buttons generic via filter on the_content -->","protected":false},"excerpt":{"rendered":"<p>Aidez-nous \u00e0 faire conna\u00eetre le site Justice pas-\u00e0-pas en commandant gratuitement des affiches ou des signets promotionnels pour votre lieu de travail ou votre client\u00e8le. Commandez en ligne en cliquant sur les liens ci-dessous, ou appelez CLEO au 416 408 4420, poste 833.<\/p>\n<p>Signet<\/p>\n<p><a href=\"\/wp-content\/uploads\/2021\/04\/thumbnail-S2J-Bookmark_S2J-Front.png\" target=\"_blank\" rel=\"noopener\">Agrandir l&#8217;image<\/a><br \/>\nDimensions:<br \/>\nLe signet mesure deux pouces par six pouces.<!-- AddThis Advanced Settings generic via filter on get_the_excerpt --><!-- AddThis Share Buttons generic via filter on get_the_excerpt --><\/p>\n","protected":false},"author":3,"featured_media":0,"parent":0,"menu_order":0,"comment_status":"closed","ping_status":"closed","template":"","meta":{"ub_ctt_via":"","inline_featured_image":false,"footnotes":""},"class_list":["post-1122625","page","type-page","status-publish","hentry"],"featured_image_src":null,"yoast_head":"<!-- This site is optimized with the Yoast SEO Premium plugin v23.9 (Yoast SEO v23.9) - https:\/\/yoast.com\/wordpress\/plugins\/seo\/ -->\n<title>Commander des signets et des affiches de Justice pas-\u00e0-pas - Justice pas-\u00e0-pas<\/title>\n<meta name=\"description\" content=\"Aidez-nous \u00e0 faire conna\u00eetre le site Justice pas-\u00e0-pas en commandant gratuitement des affiches ou des signets promotionnels pour votre lieu de travail ou\" \/>\n<meta name=\"robots\" content=\"index, follow, max-snippet:-1, max-image-preview:large, max-video-preview:-1\" \/>\n<link rel=\"canonical\" href=\"https:\/\/stepstojustice.ca\/fr\/commander-des-signets-et-des-affiches-de-steps-justice\/\" \/>\n<meta property=\"og:locale\" content=\"fr_FR\" \/>\n<meta property=\"og:type\" content=\"article\" \/>\n<meta property=\"og:title\" content=\"Commander des signets et des affiches de Justice pas-\u00e0-pas - Justice pas-\u00e0-pas\" \/>\n<meta property=\"og:description\" content=\"Aidez-nous \u00e0 faire conna\u00eetre le site Justice pas-\u00e0-pas en commandant gratuitement des affiches ou des signets promotionnels pour votre lieu de travail ou\" \/>\n<meta property=\"og:url\" content=\"https:\/\/stepstojustice.ca\/fr\/commander-des-signets-et-des-affiches-de-steps-justice\/\" \/>\n<meta property=\"og:site_name\" content=\"Justice pas-\u00e0-pas\" \/>\n<meta property=\"article:publisher\" content=\"https:\/\/www.facebook.com\/CLEOLegalRights\/\" \/>\n<meta property=\"article:modified_time\" content=\"2025-11-04T11:58:16+00:00\" \/>\n<meta property=\"og:image\" content=\"https:\/\/stepstojustice.ca\/wp-content\/uploads\/Steps-to-Justice-logo.jpg\" \/>\n\t<meta property=\"og:image:width\" content=\"1200\" \/>\n\t<meta property=\"og:image:height\" content=\"650\" \/>\n\t<meta property=\"og:image:type\" content=\"image\/jpeg\" \/>\n<meta name=\"twitter:card\" content=\"summary_large_image\" \/>\n<meta name=\"twitter:site\" content=\"@CLEOLegalRights\" \/>\n<meta name=\"twitter:label1\" content=\"Est. reading time\" \/>\n\t<meta name=\"twitter:data1\" content=\"1 minute\" \/>\n<script type=\"application\/ld+json\" class=\"yoast-schema-graph\">{\"@context\":\"https:\/\/schema.org\",\"@graph\":[{\"@type\":\"WebPage\",\"@id\":\"https:\/\/stepstojustice.ca\/fr\/commander-des-signets-et-des-affiches-de-steps-justice\/\",\"url\":\"https:\/\/stepstojustice.ca\/fr\/commander-des-signets-et-des-affiches-de-steps-justice\/\",\"name\":\"Commander des signets et des affiches de Justice pas-\u00e0-pas - Justice pas-\u00e0-pas\",\"isPartOf\":{\"@id\":\"https:\/\/stepstojustice.ca\/fr\/#website\"},\"datePublished\":\"2018-06-18T18:41:00+00:00\",\"dateModified\":\"2025-11-04T11:58:16+00:00\",\"description\":\"Aidez-nous \u00e0 faire conna\u00eetre le site Justice pas-\u00e0-pas en commandant gratuitement des affiches ou des signets promotionnels pour votre lieu de travail ou\",\"breadcrumb\":{\"@id\":\"https:\/\/stepstojustice.ca\/fr\/commander-des-signets-et-des-affiches-de-steps-justice\/#breadcrumb\"},\"inLanguage\":\"fr-FR\",\"potentialAction\":[{\"@type\":\"ReadAction\",\"target\":[\"https:\/\/stepstojustice.ca\/fr\/commander-des-signets-et-des-affiches-de-steps-justice\/\"]}]},{\"@type\":\"BreadcrumbList\",\"@id\":\"https:\/\/stepstojustice.ca\/fr\/commander-des-signets-et-des-affiches-de-steps-justice\/#breadcrumb\",\"itemListElement\":[{\"@type\":\"ListItem\",\"position\":1,\"name\":\"Home\",\"item\":\"https:\/\/stepstojustice.ca\/fr\/\"},{\"@type\":\"ListItem\",\"position\":2,\"name\":\"Commander des signets et des affiches de Justice pas-\u00e0-pas\"}]},{\"@type\":\"WebSite\",\"@id\":\"https:\/\/stepstojustice.ca\/fr\/#website\",\"url\":\"https:\/\/stepstojustice.ca\/fr\/\",\"name\":\"Justice pas-\u00e0-pas\",\"description\":\"Step-by-step information about legal problems\",\"publisher\":{\"@id\":\"https:\/\/stepstojustice.ca\/fr\/#organization\"},\"potentialAction\":[{\"@type\":\"SearchAction\",\"target\":{\"@type\":\"EntryPoint\",\"urlTemplate\":\"https:\/\/stepstojustice.ca\/fr\/?s={search_term_string}\"},\"query-input\":{\"@type\":\"PropertyValueSpecification\",\"valueRequired\":true,\"valueName\":\"search_term_string\"}}],\"inLanguage\":\"fr-FR\"},{\"@type\":\"Organization\",\"@id\":\"https:\/\/stepstojustice.ca\/fr\/#organization\",\"name\":\"Justice pas-\u00e0-pas\",\"url\":\"https:\/\/stepstojustice.ca\/fr\/\",\"logo\":{\"@type\":\"ImageObject\",\"inLanguage\":\"fr-FR\",\"@id\":\"https:\/\/stepstojustice.ca\/fr\/#\/schema\/logo\/image\/\",\"url\":\"https:\/\/stepstojustice.ca\/wp-content\/uploads\/2020\/10\/logo-s2j.png\",\"contentUrl\":\"https:\/\/stepstojustice.ca\/wp-content\/uploads\/2020\/10\/logo-s2j.png\",\"width\":1000,\"height\":146,\"caption\":\"Justice pas-\u00e0-pas\"},\"image\":{\"@id\":\"https:\/\/stepstojustice.ca\/fr\/#\/schema\/logo\/image\/\"},\"sameAs\":[\"https:\/\/www.facebook.com\/CLEOLegalRights\/\",\"https:\/\/x.com\/CLEOLegalRights\",\"https:\/\/www.instagram.com\/communitylegaleducationon\/\"]}]}<\/script>\n<!-- \/ Yoast SEO Premium plugin. -->","yoast_head_json":{"title":"Commander des signets et des affiches de Justice pas-\u00e0-pas - Justice pas-\u00e0-pas","description":"Aidez-nous \u00e0 faire conna\u00eetre le site Justice pas-\u00e0-pas en commandant gratuitement des affiches ou des signets promotionnels pour votre lieu de travail ou","robots":{"index":"index","follow":"follow","max-snippet":"max-snippet:-1","max-image-preview":"max-image-preview:large","max-video-preview":"max-video-preview:-1"},"canonical":"https:\/\/stepstojustice.ca\/fr\/commander-des-signets-et-des-affiches-de-steps-justice\/","og_locale":"fr_FR","og_type":"article","og_title":"Commander des signets et des affiches de Justice pas-\u00e0-pas - Justice pas-\u00e0-pas","og_description":"Aidez-nous \u00e0 faire conna\u00eetre le site Justice pas-\u00e0-pas en commandant gratuitement des affiches ou des signets promotionnels pour votre lieu de travail ou","og_url":"https:\/\/stepstojustice.ca\/fr\/commander-des-signets-et-des-affiches-de-steps-justice\/","og_site_name":"Justice pas-\u00e0-pas","article_publisher":"https:\/\/www.facebook.com\/CLEOLegalRights\/","article_modified_time":"2025-11-04T11:58:16+00:00","og_image":[{"width":1200,"height":650,"url":"https:\/\/stepstojustice.ca\/wp-content\/uploads\/Steps-to-Justice-logo.jpg","type":"image\/jpeg"}],"twitter_card":"summary_large_image","twitter_site":"@CLEOLegalRights","twitter_misc":{"Est. reading time":"1 minute"},"schema":{"@context":"https:\/\/schema.org","@graph":[{"@type":"WebPage","@id":"https:\/\/stepstojustice.ca\/fr\/commander-des-signets-et-des-affiches-de-steps-justice\/","url":"https:\/\/stepstojustice.ca\/fr\/commander-des-signets-et-des-affiches-de-steps-justice\/","name":"Commander des signets et des affiches de Justice pas-\u00e0-pas - Justice pas-\u00e0-pas","isPartOf":{"@id":"https:\/\/stepstojustice.ca\/fr\/#website"},"datePublished":"2018-06-18T18:41:00+00:00","dateModified":"2025-11-04T11:58:16+00:00","description":"Aidez-nous \u00e0 faire conna\u00eetre le site Justice pas-\u00e0-pas en commandant gratuitement des affiches ou des signets promotionnels pour votre lieu de travail ou","breadcrumb":{"@id":"https:\/\/stepstojustice.ca\/fr\/commander-des-signets-et-des-affiches-de-steps-justice\/#breadcrumb"},"inLanguage":"fr-FR","potentialAction":[{"@type":"ReadAction","target":["https:\/\/stepstojustice.ca\/fr\/commander-des-signets-et-des-affiches-de-steps-justice\/"]}]},{"@type":"BreadcrumbList","@id":"https:\/\/stepstojustice.ca\/fr\/commander-des-signets-et-des-affiches-de-steps-justice\/#breadcrumb","itemListElement":[{"@type":"ListItem","position":1,"name":"Home","item":"https:\/\/stepstojustice.ca\/fr\/"},{"@type":"ListItem","position":2,"name":"Commander des signets et des affiches de Justice pas-\u00e0-pas"}]},{"@type":"WebSite","@id":"https:\/\/stepstojustice.ca\/fr\/#website","url":"https:\/\/stepstojustice.ca\/fr\/","name":"Justice pas-\u00e0-pas","description":"Step-by-step information about legal problems","publisher":{"@id":"https:\/\/stepstojustice.ca\/fr\/#organization"},"potentialAction":[{"@type":"SearchAction","target":{"@type":"EntryPoint","urlTemplate":"https:\/\/stepstojustice.ca\/fr\/?s={search_term_string}"},"query-input":{"@type":"PropertyValueSpecification","valueRequired":true,"valueName":"search_term_string"}}],"inLanguage":"fr-FR"},{"@type":"Organization","@id":"https:\/\/stepstojustice.ca\/fr\/#organization","name":"Justice pas-\u00e0-pas","url":"https:\/\/stepstojustice.ca\/fr\/","logo":{"@type":"ImageObject","inLanguage":"fr-FR","@id":"https:\/\/stepstojustice.ca\/fr\/#\/schema\/logo\/image\/","url":"https:\/\/stepstojustice.ca\/wp-content\/uploads\/2020\/10\/logo-s2j.png","contentUrl":"https:\/\/stepstojustice.ca\/wp-content\/uploads\/2020\/10\/logo-s2j.png","width":1000,"height":146,"caption":"Justice pas-\u00e0-pas"},"image":{"@id":"https:\/\/stepstojustice.ca\/fr\/#\/schema\/logo\/image\/"},"sameAs":["https:\/\/www.facebook.com\/CLEOLegalRights\/","https:\/\/x.com\/CLEOLegalRights","https:\/\/www.instagram.com\/communitylegaleducationon\/"]}]}},"meta_box":{"contact_shortcode":"","contact_address":"","contact_address_details":"","contact_map":{"latitude":"","longitude":"","zoom":""},"remove_map":"","contact_company_name":"","contact_company_phones":[],"contact_company_email":"","contact_textarea":"","contact_other_text_block":"","contact_other_locations_show":"","contact_other_locations_title":"","contact_other_locations_type":"","contact_other_locations":[],"contact_gmaps_zoom_control":"","contact_gmaps_map_type_control":"","contact_gmaps_scaleControl":"","contact_gmaps_streetViewControl":"","contact_gmaps_rotateControl":"","contact_gmaps_fullscreenControl":"","location_gmaps_zoom_control":"","location_gmaps_map_type_control":"","location_gmaps_scaleControl":"","location_gmaps_streetViewControl":"","location_gmaps_rotateControl":"","location_gmaps_fullscreenControl":"","menu_page_links_type":"","menu_page_links":[],"menu_page_links_bottom_content":"","external_links_type":"","external_links":[],"external_sublinks":[],"private_staff_information_blocks":[],"private_staff_links_title":"","private_staff_links":[],"legal_topic_menu":[],"sb_display_type":"","sb_people_block":[],"homepage_partners_title":"","homepage_partners_button_text":"","homepage_partners_button_url":"","homepage_partners_menu":"","homepage_gp_title":"","homepage_gp_description":"","homepage_gp_menu":"","homepage_announcements_title":"","homepage_announcements_button_text":"","homepage_announcements_button_url":"","announcements":[],"homepage_topics_menu":"","homepage_position_of_illustration":"","homepage_top_section_title":"","homepage_top_section_description":"","homepage_top_section_search_placeholder":"","header_subtitle":"","header_image":[],"header_content":"","page_icon":[]},"_links":{"self":[{"href":"https:\/\/stepstojustice.ca\/fr\/wp-json\/wp\/v2\/pages\/1122625","targetHints":{"allow":["GET"]}}],"collection":[{"href":"https:\/\/stepstojustice.ca\/fr\/wp-json\/wp\/v2\/pages"}],"about":[{"href":"https:\/\/stepstojustice.ca\/fr\/wp-json\/wp\/v2\/types\/page"}],"author":[{"embeddable":true,"href":"https:\/\/stepstojustice.ca\/fr\/wp-json\/wp\/v2\/users\/3"}],"replies":[{"embeddable":true,"href":"https:\/\/stepstojustice.ca\/fr\/wp-json\/wp\/v2\/comments?post=1122625"}],"version-history":[{"count":5,"href":"https:\/\/stepstojustice.ca\/fr\/wp-json\/wp\/v2\/pages\/1122625\/revisions"}],"predecessor-version":[{"id":1274153,"href":"https:\/\/stepstojustice.ca\/fr\/wp-json\/wp\/v2\/pages\/1122625\/revisions\/1274153"}],"wp:attachment":[{"href":"https:\/\/stepstojustice.ca\/fr\/wp-json\/wp\/v2\/media?parent=1122625"}],"curies":[{"name":"wp","href":"https:\/\/api.w.org\/{rel}","templated":true}]}}