{"id":1131971,"date":"2021-04-03T12:13:49","date_gmt":"2021-04-03T16:13:49","guid":{"rendered":"https:\/\/stepstojustice.ca\/?page_id=1131971"},"modified":"2023-12-05T10:57:22","modified_gmt":"2023-12-05T15:57:22","slug":"dernieres-mises-a-jour","status":"publish","type":"page","link":"https:\/\/stepstojustice.ca\/fr\/dernieres-mises-a-jour\/","title":{"rendered":"Derni\u00e8res mises \u00e0 jour"},"content":{"rendered":"<!-- AddThis Advanced Settings generic via filter on the_content --><!-- AddThis Share Buttons generic via filter on the_content -->","protected":false},"excerpt":{"rendered":"<p><!-- AddThis Advanced Settings generic via filter on get_the_excerpt --><!-- AddThis Share Buttons generic via filter on get_the_excerpt --><\/p>\n","protected":false},"author":2,"featured_media":0,"parent":0,"menu_order":0,"comment_status":"closed","ping_status":"closed","template":"template-news.php","meta":{"ub_ctt_via":"","inline_featured_image":false,"footnotes":""},"class_list":["post-1131971","page","type-page","status-publish","hentry"],"featured_image_src":null,"yoast_head":"<!-- This site is optimized with the Yoast SEO Premium plugin v23.9 (Yoast SEO v23.9) - https:\/\/yoast.com\/wordpress\/plugins\/seo\/ -->\n<title>Derni\u00e8res mises \u00e0 jour - Justice pas-\u00e0-pas<\/title>\n<meta name=\"description\" content=\"Derni\u00e8res mises \u00e0 jour de Justice pas-\u00e0-pas\" \/>\n<meta name=\"robots\" content=\"index, follow, max-snippet:-1, max-image-preview:large, max-video-preview:-1\" \/>\n<link rel=\"canonical\" href=\"https:\/\/stepstojustice.ca\/fr\/dernieres-mises-a-jour\/\" \/>\n<meta property=\"og:locale\" content=\"fr_FR\" \/>\n<meta property=\"og:type\" content=\"article\" \/>\n<meta property=\"og:title\" content=\"Derni\u00e8res mises \u00e0 jour - Justice pas-\u00e0-pas\" \/>\n<meta property=\"og:description\" content=\"Derni\u00e8res mises \u00e0 jour de Justice pas-\u00e0-pas\" \/>\n<meta property=\"og:url\" content=\"https:\/\/stepstojustice.ca\/fr\/dernieres-mises-a-jour\/\" \/>\n<meta property=\"og:site_name\" content=\"Justice pas-\u00e0-pas\" \/>\n<meta property=\"article:publisher\" content=\"https:\/\/www.facebook.com\/CLEOLegalRights\/\" \/>\n<meta property=\"article:modified_time\" content=\"2023-12-05T15:57:22+00:00\" \/>\n<meta property=\"og:image\" content=\"https:\/\/stepstojustice.ca\/wp-content\/uploads\/Steps-to-Justice-logo.jpg\" \/>\n\t<meta property=\"og:image:width\" content=\"1200\" \/>\n\t<meta property=\"og:image:height\" content=\"650\" \/>\n\t<meta property=\"og:image:type\" content=\"image\/jpeg\" \/>\n<meta name=\"twitter:card\" content=\"summary_large_image\" \/>\n<meta name=\"twitter:site\" content=\"@CLEOLegalRights\" \/>\n<script type=\"application\/ld+json\" class=\"yoast-schema-graph\">{\"@context\":\"https:\/\/schema.org\",\"@graph\":[{\"@type\":\"WebPage\",\"@id\":\"https:\/\/stepstojustice.ca\/fr\/dernieres-mises-a-jour\/\",\"url\":\"https:\/\/stepstojustice.ca\/fr\/dernieres-mises-a-jour\/\",\"name\":\"Derni\u00e8res mises \u00e0 jour - Justice pas-\u00e0-pas\",\"isPartOf\":{\"@id\":\"https:\/\/stepstojustice.ca\/fr\/#website\"},\"datePublished\":\"2021-04-03T16:13:49+00:00\",\"dateModified\":\"2023-12-05T15:57:22+00:00\",\"description\":\"Derni\u00e8res mises \u00e0 jour de Justice pas-\u00e0-pas\",\"breadcrumb\":{\"@id\":\"https:\/\/stepstojustice.ca\/fr\/dernieres-mises-a-jour\/#breadcrumb\"},\"inLanguage\":\"fr-FR\",\"potentialAction\":[{\"@type\":\"ReadAction\",\"target\":[\"https:\/\/stepstojustice.ca\/fr\/dernieres-mises-a-jour\/\"]}]},{\"@type\":\"BreadcrumbList\",\"@id\":\"https:\/\/stepstojustice.ca\/fr\/dernieres-mises-a-jour\/#breadcrumb\",\"itemListElement\":[{\"@type\":\"ListItem\",\"position\":1,\"name\":\"Home\",\"item\":\"https:\/\/stepstojustice.ca\/fr\/\"},{\"@type\":\"ListItem\",\"position\":2,\"name\":\"Derni\u00e8res mises \u00e0 jour\"}]},{\"@type\":\"WebSite\",\"@id\":\"https:\/\/stepstojustice.ca\/fr\/#website\",\"url\":\"https:\/\/stepstojustice.ca\/fr\/\",\"name\":\"Justice pas-\u00e0-pas\",\"description\":\"Step-by-step information about legal problems\",\"publisher\":{\"@id\":\"https:\/\/stepstojustice.ca\/fr\/#organization\"},\"potentialAction\":[{\"@type\":\"SearchAction\",\"target\":{\"@type\":\"EntryPoint\",\"urlTemplate\":\"https:\/\/stepstojustice.ca\/fr\/?s={search_term_string}\"},\"query-input\":{\"@type\":\"PropertyValueSpecification\",\"valueRequired\":true,\"valueName\":\"search_term_string\"}}],\"inLanguage\":\"fr-FR\"},{\"@type\":\"Organization\",\"@id\":\"https:\/\/stepstojustice.ca\/fr\/#organization\",\"name\":\"Justice pas-\u00e0-pas\",\"url\":\"https:\/\/stepstojustice.ca\/fr\/\",\"logo\":{\"@type\":\"ImageObject\",\"inLanguage\":\"fr-FR\",\"@id\":\"https:\/\/stepstojustice.ca\/fr\/#\/schema\/logo\/image\/\",\"url\":\"https:\/\/stepstojustice.ca\/wp-content\/uploads\/2020\/10\/logo-s2j.png\",\"contentUrl\":\"https:\/\/stepstojustice.ca\/wp-content\/uploads\/2020\/10\/logo-s2j.png\",\"width\":1000,\"height\":146,\"caption\":\"Justice pas-\u00e0-pas\"},\"image\":{\"@id\":\"https:\/\/stepstojustice.ca\/fr\/#\/schema\/logo\/image\/\"},\"sameAs\":[\"https:\/\/www.facebook.com\/CLEOLegalRights\/\",\"https:\/\/x.com\/CLEOLegalRights\",\"https:\/\/www.instagram.com\/communitylegaleducationon\/\"]}]}<\/script>\n<!-- \/ Yoast SEO Premium plugin. -->","yoast_head_json":{"title":"Derni\u00e8res mises \u00e0 jour - Justice pas-\u00e0-pas","description":"Derni\u00e8res mises \u00e0 jour de Justice pas-\u00e0-pas","robots":{"index":"index","follow":"follow","max-snippet":"max-snippet:-1","max-image-preview":"max-image-preview:large","max-video-preview":"max-video-preview:-1"},"canonical":"https:\/\/stepstojustice.ca\/fr\/dernieres-mises-a-jour\/","og_locale":"fr_FR","og_type":"article","og_title":"Derni\u00e8res mises \u00e0 jour - Justice pas-\u00e0-pas","og_description":"Derni\u00e8res mises \u00e0 jour de Justice pas-\u00e0-pas","og_url":"https:\/\/stepstojustice.ca\/fr\/dernieres-mises-a-jour\/","og_site_name":"Justice pas-\u00e0-pas","article_publisher":"https:\/\/www.facebook.com\/CLEOLegalRights\/","article_modified_time":"2023-12-05T15:57:22+00:00","og_image":[{"width":1200,"height":650,"url":"https:\/\/stepstojustice.ca\/wp-content\/uploads\/Steps-to-Justice-logo.jpg","type":"image\/jpeg"}],"twitter_card":"summary_large_image","twitter_site":"@CLEOLegalRights","schema":{"@context":"https:\/\/schema.org","@graph":[{"@type":"WebPage","@id":"https:\/\/stepstojustice.ca\/fr\/dernieres-mises-a-jour\/","url":"https:\/\/stepstojustice.ca\/fr\/dernieres-mises-a-jour\/","name":"Derni\u00e8res mises \u00e0 jour - Justice pas-\u00e0-pas","isPartOf":{"@id":"https:\/\/stepstojustice.ca\/fr\/#website"},"datePublished":"2021-04-03T16:13:49+00:00","dateModified":"2023-12-05T15:57:22+00:00","description":"Derni\u00e8res mises \u00e0 jour de Justice pas-\u00e0-pas","breadcrumb":{"@id":"https:\/\/stepstojustice.ca\/fr\/dernieres-mises-a-jour\/#breadcrumb"},"inLanguage":"fr-FR","potentialAction":[{"@type":"ReadAction","target":["https:\/\/stepstojustice.ca\/fr\/dernieres-mises-a-jour\/"]}]},{"@type":"BreadcrumbList","@id":"https:\/\/stepstojustice.ca\/fr\/dernieres-mises-a-jour\/#breadcrumb","itemListElement":[{"@type":"ListItem","position":1,"name":"Home","item":"https:\/\/stepstojustice.ca\/fr\/"},{"@type":"ListItem","position":2,"name":"Derni\u00e8res mises \u00e0 jour"}]},{"@type":"WebSite","@id":"https:\/\/stepstojustice.ca\/fr\/#website","url":"https:\/\/stepstojustice.ca\/fr\/","name":"Justice pas-\u00e0-pas","description":"Step-by-step information about legal problems","publisher":{"@id":"https:\/\/stepstojustice.ca\/fr\/#organization"},"potentialAction":[{"@type":"SearchAction","target":{"@type":"EntryPoint","urlTemplate":"https:\/\/stepstojustice.ca\/fr\/?s={search_term_string}"},"query-input":{"@type":"PropertyValueSpecification","valueRequired":true,"valueName":"search_term_string"}}],"inLanguage":"fr-FR"},{"@type":"Organization","@id":"https:\/\/stepstojustice.ca\/fr\/#organization","name":"Justice pas-\u00e0-pas","url":"https:\/\/stepstojustice.ca\/fr\/","logo":{"@type":"ImageObject","inLanguage":"fr-FR","@id":"https:\/\/stepstojustice.ca\/fr\/#\/schema\/logo\/image\/","url":"https:\/\/stepstojustice.ca\/wp-content\/uploads\/2020\/10\/logo-s2j.png","contentUrl":"https:\/\/stepstojustice.ca\/wp-content\/uploads\/2020\/10\/logo-s2j.png","width":1000,"height":146,"caption":"Justice pas-\u00e0-pas"},"image":{"@id":"https:\/\/stepstojustice.ca\/fr\/#\/schema\/logo\/image\/"},"sameAs":["https:\/\/www.facebook.com\/CLEOLegalRights\/","https:\/\/x.com\/CLEOLegalRights","https:\/\/www.instagram.com\/communitylegaleducationon\/"]}]}},"meta_box":{"contact_shortcode":"","contact_address":"","contact_address_details":"","contact_map":{"latitude":"","longitude":"","zoom":""},"remove_map":"","contact_company_name":"","contact_company_phones":[],"contact_company_email":"","contact_textarea":"","contact_other_text_block":"","contact_other_locations_show":"","contact_other_locations_title":"","contact_other_locations_type":"","contact_other_locations":[],"contact_gmaps_zoom_control":"","contact_gmaps_map_type_control":"","contact_gmaps_scaleControl":"","contact_gmaps_streetViewControl":"","contact_gmaps_rotateControl":"","contact_gmaps_fullscreenControl":"","location_gmaps_zoom_control":"","location_gmaps_map_type_control":"","location_gmaps_scaleControl":"","location_gmaps_streetViewControl":"","location_gmaps_rotateControl":"","location_gmaps_fullscreenControl":"","menu_page_links_type":"","menu_page_links":[],"menu_page_links_bottom_content":"","external_links_type":"","external_links":[],"external_sublinks":[],"private_staff_information_blocks":[],"private_staff_links_title":"","private_staff_links":[],"legal_topic_menu":[],"sb_display_type":"","sb_people_block":[],"homepage_partners_title":"","homepage_partners_button_text":"","homepage_partners_button_url":"","homepage_partners_menu":"","homepage_gp_title":"","homepage_gp_description":"","homepage_gp_menu":"","homepage_announcements_title":"","homepage_announcements_button_text":"","homepage_announcements_button_url":"","announcements":[],"homepage_topics_menu":"","homepage_position_of_illustration":"","homepage_top_section_title":"","homepage_top_section_description":"","homepage_top_section_search_placeholder":"","header_subtitle":"","header_image":[],"header_content":"","page_icon":[{"width":240,"height":280,"file":"\/icon-news.svg","sizes":{"thumbnail":{"width":"240","height":"280","crop":"","file":"icon-news.svg","mime-type":"image\/svg+xml","url":"https:\/\/stepstojustice.ca\/wp-content\/uploads\/icon-news.svg"},"medium":{"width":"1000","height":"1000","crop":false,"file":"icon-news.svg","mime-type":"image\/svg+xml","url":"https:\/\/stepstojustice.ca\/wp-content\/uploads\/icon-news.svg"},"medium_large":{"width":"768","height":"0","crop":false,"file":"icon-news.svg","mime-type":"image\/svg+xml","url":"https:\/\/stepstojustice.ca\/wp-content\/uploads\/icon-news.svg"},"large":{"width":"2000","height":"2000","crop":false,"file":"icon-news.svg","mime-type":"image\/svg+xml","url":"https:\/\/stepstojustice.ca\/wp-content\/uploads\/icon-news.svg"},"1536x1536":{"width":false,"height":false,"crop":false,"file":"icon-news.svg","mime-type":"image\/svg+xml","url":"https:\/\/stepstojustice.ca\/wp-content\/uploads\/icon-news.svg"},"2048x2048":{"width":false,"height":false,"crop":false,"file":"icon-news.svg","mime-type":"image\/svg+xml","url":"https:\/\/stepstojustice.ca\/wp-content\/uploads\/icon-news.svg"},"half-thumb":{"width":false,"height":false,"crop":false,"file":"icon-news.svg","mime-type":"image\/svg+xml","url":"https:\/\/stepstojustice.ca\/wp-content\/uploads\/icon-news.svg"},"logotype":{"width":false,"height":false,"crop":false,"file":"icon-news.svg","mime-type":"image\/svg+xml","url":"https:\/\/stepstojustice.ca\/wp-content\/uploads\/icon-news.svg"},"news-small":{"width":false,"height":false,"crop":false,"file":"icon-news.svg","mime-type":"image\/svg+xml","url":"https:\/\/stepstojustice.ca\/wp-content\/uploads\/icon-news.svg"},"contact-big-block":{"width":false,"height":false,"crop":false,"file":"icon-news.svg","mime-type":"image\/svg+xml","url":"https:\/\/stepstojustice.ca\/wp-content\/uploads\/icon-news.svg"},"target-audience":{"width":false,"height":false,"crop":false,"file":"icon-news.svg","mime-type":"image\/svg+xml","url":"https:\/\/stepstojustice.ca\/wp-content\/uploads\/icon-news.svg"},"blog-image":{"width":false,"height":false,"crop":false,"file":"icon-news.svg","mime-type":"image\/svg+xml","url":"https:\/\/stepstojustice.ca\/wp-content\/uploads\/icon-news.svg"},"events-list-image":{"width":false,"height":false,"crop":false,"file":"icon-news.svg","mime-type":"image\/svg+xml","url":"https:\/\/stepstojustice.ca\/wp-content\/uploads\/icon-news.svg"},"ex-image":{"width":false,"height":false,"crop":false,"file":"icon-news.svg","mime-type":"image\/svg+xml","url":"https:\/\/stepstojustice.ca\/wp-content\/uploads\/icon-news.svg"},"board-list":{"width":false,"height":false,"crop":false,"file":"icon-news.svg","mime-type":"image\/svg+xml","url":"https:\/\/stepstojustice.ca\/wp-content\/uploads\/icon-news.svg"},"board-column":{"width":false,"height":false,"crop":false,"file":"icon-news.svg","mime-type":"image\/svg+xml","url":"https:\/\/stepstojustice.ca\/wp-content\/uploads\/icon-news.svg"},"menu-page-link":{"width":false,"height":false,"crop":false,"file":"icon-news.svg","mime-type":"image\/svg+xml","url":"https:\/\/stepstojustice.ca\/wp-content\/uploads\/icon-news.svg"},"footer-social-link-image":{"width":false,"height":false,"crop":false,"file":"icon-news.svg","mime-type":"image\/svg+xml","url":"https:\/\/stepstojustice.ca\/wp-content\/uploads\/icon-news.svg"},"menu-24x24":{"width":false,"height":false,"crop":false,"file":"icon-news.svg","mime-type":"image\/svg+xml","url":"https:\/\/stepstojustice.ca\/wp-content\/uploads\/icon-news.svg"},"menu-36x36":{"width":false,"height":false,"crop":false,"file":"icon-news.svg","mime-type":"image\/svg+xml","url":"https:\/\/stepstojustice.ca\/wp-content\/uploads\/icon-news.svg"},"menu-48x48":{"width":false,"height":false,"crop":false,"file":"icon-news.svg","mime-type":"image\/svg+xml","url":"https:\/\/stepstojustice.ca\/wp-content\/uploads\/icon-news.svg"}},"ID":"1189763","name":"icon-news.svg","path":"\/home\/stepstojustice\/public_html\/wp-content\/uploads\/icon-news.svg","url":"https:\/\/stepstojustice.ca\/wp-content\/uploads\/icon-news.svg","full_url":"https:\/\/stepstojustice.ca\/wp-content\/uploads\/icon-news.svg","title":"News","caption":"","description":"","alt":"News icon","srcset":false}]},"_links":{"self":[{"href":"https:\/\/stepstojustice.ca\/fr\/wp-json\/wp\/v2\/pages\/1131971","targetHints":{"allow":["GET"]}}],"collection":[{"href":"https:\/\/stepstojustice.ca\/fr\/wp-json\/wp\/v2\/pages"}],"about":[{"href":"https:\/\/stepstojustice.ca\/fr\/wp-json\/wp\/v2\/types\/page"}],"author":[{"embeddable":true,"href":"https:\/\/stepstojustice.ca\/fr\/wp-json\/wp\/v2\/users\/2"}],"replies":[{"embeddable":true,"href":"https:\/\/stepstojustice.ca\/fr\/wp-json\/wp\/v2\/comments?post=1131971"}],"version-history":[{"count":4,"href":"https:\/\/stepstojustice.ca\/fr\/wp-json\/wp\/v2\/pages\/1131971\/revisions"}],"predecessor-version":[{"id":1259640,"href":"https:\/\/stepstojustice.ca\/fr\/wp-json\/wp\/v2\/pages\/1131971\/revisions\/1259640"}],"wp:attachment":[{"href":"https:\/\/stepstojustice.ca\/fr\/wp-json\/wp\/v2\/media?parent=1131971"}],"curies":[{"name":"wp","href":"https:\/\/api.w.org\/{rel}","templated":true}]}}