{"id":1132048,"date":"2021-04-04T03:18:17","date_gmt":"2021-04-04T07:18:17","guid":{"rendered":"https:\/\/stepstojustice.ca\/?page_id=1132048"},"modified":"2025-05-30T17:16:55","modified_gmt":"2025-05-30T21:16:55","slug":"nous-joindre","status":"publish","type":"page","link":"https:\/\/stepstojustice.ca\/fr\/nous-joindre\/","title":{"rendered":"Nous joindre"},"content":{"rendered":"<div class=\"contact-grid\">\n<div class=\"col\">\n<div class=\"info-box view2\">\n<p>Si vous avez besoin d\u2019aide imm\u00e9diatement, composez le 2-1-1. Ce num\u00e9ro correspond \u00e0 une ligne t\u00e9l\u00e9phonique et \u00e0 un site Web, o\u00f9 vous trouverez, en tout temps, de l\u2019information gratuite et confidentielle ainsi que les coordonn\u00e9es des services sociaux et communautaires en Ontario.<\/p>\n<\/div>\n<p>Faites-nous part de vos commentaires et de vos questions sur notre site. Comme nous ne pouvons pas donner de conseils juridiques, si vous avez des questions sur un probl\u00e8me juridique particulier, adressez-vous \u00e0 un avocat ou \u00e0 une clinique juridique communautaire.<\/p>\n<p>Pour les demandes de renseignements des m\u00e9dias, veuillez envoyer un courriel \u00e0 : <a href=\"mailto:communications@cleo.on.ca\">communications@cleo.on.ca<\/a>.<\/p>\n<div class=\"location-box\"><a href=\"https:\/\/www.cleo.on.ca\/fr\/\" target=\"_blank\" rel=\"noopener\">CLEO<\/a> (Community Legal Education Ontario\/\u00c9ducation juridique communautaire Ontario)<br \/>\n180, rue Dundas Ouest, Bureau 506<br \/>\nToronto, Ontario M5G 1Z8<\/div>\n<div class=\"phone-box\">\n<p><a href=\"https:\/\/www.cleo.on.ca\/fr\/vos-commentaires\" target=\"_blank\" rel=\"noopener\">Communiquez avec CLEO<\/a><\/p>\n<\/div>\n<\/div>\n<div class=\"col\">\n<p><div class=\"wpforms-container wpforms-container-full form\" id=\"wpforms-1132062\"><form id=\"wpforms-form-1132062\" class=\"wpforms-validate wpforms-form\" data-formid=\"1132062\" method=\"post\" enctype=\"multipart\/form-data\" action=\"\/fr\/wp-json\/wp\/v2\/pages\/1132048\/\" data-token=\"b509d45283015ed3f4d9e285b1a63b12\" data-token-time=\"1777308949\"><noscript class=\"wpforms-error-noscript\">Please enable JavaScript in your browser to complete this form.<\/noscript><div class=\"wpforms-field-container\"><div id=\"wpforms-1132062-field_0-container\" class=\"wpforms-field wpforms-field-name\" data-field-id=\"0\"><label class=\"wpforms-field-label\" for=\"wpforms-1132062-field_0\">Nom <span class=\"wpforms-required-label\">*<\/span><\/label><input type=\"text\" id=\"wpforms-1132062-field_0\" class=\"wpforms-field-large wpforms-field-required\" name=\"wpforms[fields][0]\" required><\/div><div id=\"wpforms-1132062-field_1-container\" class=\"wpforms-field wpforms-field-email\" data-field-id=\"1\"><label class=\"wpforms-field-label\" for=\"wpforms-1132062-field_1\">Adresse courriel <span class=\"wpforms-required-label\">*<\/span><\/label><input type=\"email\" id=\"wpforms-1132062-field_1\" class=\"wpforms-field-large wpforms-field-required\" name=\"wpforms[fields][1]\" spellcheck=\"false\" required><\/div><div id=\"wpforms-1132062-field_3-container\" class=\"wpforms-field wpforms-field-text\" data-field-id=\"3\"><label class=\"wpforms-field-label\" for=\"wpforms-1132062-field_3\">Ville<\/label><input type=\"text\" id=\"wpforms-1132062-field_3\" class=\"wpforms-field-large\" name=\"wpforms[fields][3]\" ><\/div><div id=\"wpforms-1132062-field_2-container\" class=\"wpforms-field wpforms-field-textarea\" data-field-id=\"2\"><label class=\"wpforms-field-label\" for=\"wpforms-1132062-field_2\">Commentaire ou message<\/label><textarea id=\"wpforms-1132062-field_2\" class=\"wpforms-field-medium\" name=\"wpforms[fields][2]\" placeholder=\"Seules les questions g\u00e9n\u00e9rales seront accept\u00e9es. N\u2019envoyez pas de questions sur votre situation personnelle.\" ><\/textarea><\/div><div id=\"wpforms-1132062-field_4-container\" class=\"wpforms-field wpforms-field-checkbox\" data-field-id=\"4\"><label class=\"wpforms-field-label wpforms-label-hide\">Follow up via email?<\/label><ul id=\"wpforms-1132062-field_4\"><li class=\"choice-1 depth-1\"><input type=\"checkbox\" id=\"wpforms-1132062-field_4_1\" name=\"wpforms[fields][4][]\" value=\"J\u2019aimerais qu\u2019on me r\u00e9ponde par courriel.\"  ><label class=\"wpforms-field-label-inline\" for=\"wpforms-1132062-field_4_1\">J\u2019aimerais qu\u2019on me r\u00e9ponde par courriel.<\/label><\/li><\/ul><\/div><\/div><!-- .wpforms-field-container --><div class=\"wpforms-recaptcha-container wpforms-is-recaptcha wpforms-is-recaptcha-type-v3\" ><input type=\"hidden\" name=\"wpforms[recaptcha]\" value=\"\"><\/div><div class=\"wpforms-submit-container\" ><input type=\"hidden\" name=\"wpforms[id]\" value=\"1132062\"><input type=\"hidden\" name=\"page_title\" value=\"\"><input type=\"hidden\" name=\"page_url\" value=\"https:\/\/stepstojustice.ca\/fr\/wp-json\/wp\/v2\/pages\/1132048\/\"><button type=\"submit\" name=\"wpforms[submit]\" id=\"wpforms-submit-1132062\" class=\"wpforms-submit\" data-alt-text=\"Sending...\" data-submit-text=\"Soumettre\" aria-live=\"assertive\" value=\"wpforms-submit\">Soumettre<\/button><\/div><\/form><\/div>  <!-- .wpforms-container --><small>En soumettant ce formulaire, vous acceptez la <a href=\"\/fr\/d\u00e9claration-de-confidentialit\u00e9\/\">politique de confidentialit\u00e9<\/a><\/small><\/p>\n<\/div>\n<\/div>\n<!-- AddThis Advanced Settings generic via filter on the_content --><!-- AddThis Share Buttons generic via filter on the_content -->","protected":false},"excerpt":{"rendered":"<p>Si vous avez besoin d\u2019aide imm\u00e9diatement, composez le 2-1-1. Ce num\u00e9ro correspond \u00e0 une ligne t\u00e9l\u00e9phonique et \u00e0 un site Web, o\u00f9 vous trouverez, en tout temps, de l\u2019information gratuite et confidentielle ainsi que les coordonn\u00e9es des services sociaux et communautaires en Ontario.<\/p>\n<p>Faites-nous part de vos commentaires et de vos questions sur notre site.<!-- AddThis Advanced Settings generic via filter on get_the_excerpt --><!-- AddThis Share Buttons generic via filter on get_the_excerpt --><\/p>\n","protected":false},"author":2,"featured_media":0,"parent":0,"menu_order":0,"comment_status":"closed","ping_status":"closed","template":"","meta":{"ub_ctt_via":"","inline_featured_image":false,"footnotes":""},"class_list":["post-1132048","page","type-page","status-publish","hentry"],"featured_image_src":null,"yoast_head":"<!-- This site is optimized with the Yoast SEO Premium plugin v23.9 (Yoast SEO v23.9) - https:\/\/yoast.com\/wordpress\/plugins\/seo\/ -->\n<title>Nous joindre - Justice pas-\u00e0-pas<\/title>\n<meta name=\"description\" content=\"Si vous avez besoin d\u2019aide imm\u00e9diatement, composez le 2-1-1. Ce num\u00e9ro correspond \u00e0 une ligne t\u00e9l\u00e9phonique et \u00e0 un site Web, o\u00f9 vous trouverez, en tout\" \/>\n<meta name=\"robots\" content=\"index, follow, max-snippet:-1, max-image-preview:large, max-video-preview:-1\" \/>\n<link rel=\"canonical\" href=\"https:\/\/stepstojustice.ca\/fr\/nous-joindre\/\" \/>\n<meta property=\"og:locale\" content=\"fr_FR\" \/>\n<meta property=\"og:type\" content=\"article\" \/>\n<meta property=\"og:title\" content=\"Nous joindre - Justice pas-\u00e0-pas\" \/>\n<meta property=\"og:description\" content=\"Si vous avez besoin d\u2019aide imm\u00e9diatement, composez le 2-1-1. Ce num\u00e9ro correspond \u00e0 une ligne t\u00e9l\u00e9phonique et \u00e0 un site Web, o\u00f9 vous trouverez, en tout\" \/>\n<meta property=\"og:url\" content=\"https:\/\/stepstojustice.ca\/fr\/nous-joindre\/\" \/>\n<meta property=\"og:site_name\" content=\"Justice pas-\u00e0-pas\" \/>\n<meta property=\"article:publisher\" content=\"https:\/\/www.facebook.com\/CLEOLegalRights\/\" \/>\n<meta property=\"article:modified_time\" content=\"2025-05-30T21:16:55+00:00\" \/>\n<meta property=\"og:image\" content=\"https:\/\/stepstojustice.ca\/wp-content\/uploads\/Steps-to-Justice-logo.jpg\" \/>\n\t<meta property=\"og:image:width\" content=\"1200\" \/>\n\t<meta property=\"og:image:height\" content=\"650\" \/>\n\t<meta property=\"og:image:type\" content=\"image\/jpeg\" \/>\n<meta name=\"twitter:card\" content=\"summary_large_image\" \/>\n<meta name=\"twitter:site\" content=\"@CLEOLegalRights\" \/>\n<meta name=\"twitter:label1\" content=\"Est. reading time\" \/>\n\t<meta name=\"twitter:data1\" content=\"1 minute\" \/>\n<script type=\"application\/ld+json\" class=\"yoast-schema-graph\">{\"@context\":\"https:\/\/schema.org\",\"@graph\":[{\"@type\":\"WebPage\",\"@id\":\"https:\/\/stepstojustice.ca\/fr\/nous-joindre\/\",\"url\":\"https:\/\/stepstojustice.ca\/fr\/nous-joindre\/\",\"name\":\"Nous joindre - Justice pas-\u00e0-pas\",\"isPartOf\":{\"@id\":\"https:\/\/stepstojustice.ca\/fr\/#website\"},\"datePublished\":\"2021-04-04T07:18:17+00:00\",\"dateModified\":\"2025-05-30T21:16:55+00:00\",\"description\":\"Si vous avez besoin d\u2019aide imm\u00e9diatement, composez le 2-1-1. Ce num\u00e9ro correspond \u00e0 une ligne t\u00e9l\u00e9phonique et \u00e0 un site Web, o\u00f9 vous trouverez, en tout\",\"breadcrumb\":{\"@id\":\"https:\/\/stepstojustice.ca\/fr\/nous-joindre\/#breadcrumb\"},\"inLanguage\":\"fr-FR\",\"potentialAction\":[{\"@type\":\"ReadAction\",\"target\":[\"https:\/\/stepstojustice.ca\/fr\/nous-joindre\/\"]}]},{\"@type\":\"BreadcrumbList\",\"@id\":\"https:\/\/stepstojustice.ca\/fr\/nous-joindre\/#breadcrumb\",\"itemListElement\":[{\"@type\":\"ListItem\",\"position\":1,\"name\":\"Home\",\"item\":\"https:\/\/stepstojustice.ca\/fr\/\"},{\"@type\":\"ListItem\",\"position\":2,\"name\":\"Nous joindre\"}]},{\"@type\":\"WebSite\",\"@id\":\"https:\/\/stepstojustice.ca\/fr\/#website\",\"url\":\"https:\/\/stepstojustice.ca\/fr\/\",\"name\":\"Justice pas-\u00e0-pas\",\"description\":\"Step-by-step information about legal problems\",\"publisher\":{\"@id\":\"https:\/\/stepstojustice.ca\/fr\/#organization\"},\"potentialAction\":[{\"@type\":\"SearchAction\",\"target\":{\"@type\":\"EntryPoint\",\"urlTemplate\":\"https:\/\/stepstojustice.ca\/fr\/?s={search_term_string}\"},\"query-input\":{\"@type\":\"PropertyValueSpecification\",\"valueRequired\":true,\"valueName\":\"search_term_string\"}}],\"inLanguage\":\"fr-FR\"},{\"@type\":\"Organization\",\"@id\":\"https:\/\/stepstojustice.ca\/fr\/#organization\",\"name\":\"Justice pas-\u00e0-pas\",\"url\":\"https:\/\/stepstojustice.ca\/fr\/\",\"logo\":{\"@type\":\"ImageObject\",\"inLanguage\":\"fr-FR\",\"@id\":\"https:\/\/stepstojustice.ca\/fr\/#\/schema\/logo\/image\/\",\"url\":\"https:\/\/stepstojustice.ca\/wp-content\/uploads\/2020\/10\/logo-s2j.png\",\"contentUrl\":\"https:\/\/stepstojustice.ca\/wp-content\/uploads\/2020\/10\/logo-s2j.png\",\"width\":1000,\"height\":146,\"caption\":\"Justice pas-\u00e0-pas\"},\"image\":{\"@id\":\"https:\/\/stepstojustice.ca\/fr\/#\/schema\/logo\/image\/\"},\"sameAs\":[\"https:\/\/www.facebook.com\/CLEOLegalRights\/\",\"https:\/\/x.com\/CLEOLegalRights\",\"https:\/\/www.instagram.com\/communitylegaleducationon\/\"]}]}<\/script>\n<!-- \/ Yoast SEO Premium plugin. -->","yoast_head_json":{"title":"Nous joindre - Justice pas-\u00e0-pas","description":"Si vous avez besoin d\u2019aide imm\u00e9diatement, composez le 2-1-1. Ce num\u00e9ro correspond \u00e0 une ligne t\u00e9l\u00e9phonique et \u00e0 un site Web, o\u00f9 vous trouverez, en tout","robots":{"index":"index","follow":"follow","max-snippet":"max-snippet:-1","max-image-preview":"max-image-preview:large","max-video-preview":"max-video-preview:-1"},"canonical":"https:\/\/stepstojustice.ca\/fr\/nous-joindre\/","og_locale":"fr_FR","og_type":"article","og_title":"Nous joindre - Justice pas-\u00e0-pas","og_description":"Si vous avez besoin d\u2019aide imm\u00e9diatement, composez le 2-1-1. Ce num\u00e9ro correspond \u00e0 une ligne t\u00e9l\u00e9phonique et \u00e0 un site Web, o\u00f9 vous trouverez, en tout","og_url":"https:\/\/stepstojustice.ca\/fr\/nous-joindre\/","og_site_name":"Justice pas-\u00e0-pas","article_publisher":"https:\/\/www.facebook.com\/CLEOLegalRights\/","article_modified_time":"2025-05-30T21:16:55+00:00","og_image":[{"width":1200,"height":650,"url":"https:\/\/stepstojustice.ca\/wp-content\/uploads\/Steps-to-Justice-logo.jpg","type":"image\/jpeg"}],"twitter_card":"summary_large_image","twitter_site":"@CLEOLegalRights","twitter_misc":{"Est. reading time":"1 minute"},"schema":{"@context":"https:\/\/schema.org","@graph":[{"@type":"WebPage","@id":"https:\/\/stepstojustice.ca\/fr\/nous-joindre\/","url":"https:\/\/stepstojustice.ca\/fr\/nous-joindre\/","name":"Nous joindre - Justice pas-\u00e0-pas","isPartOf":{"@id":"https:\/\/stepstojustice.ca\/fr\/#website"},"datePublished":"2021-04-04T07:18:17+00:00","dateModified":"2025-05-30T21:16:55+00:00","description":"Si vous avez besoin d\u2019aide imm\u00e9diatement, composez le 2-1-1. Ce num\u00e9ro correspond \u00e0 une ligne t\u00e9l\u00e9phonique et \u00e0 un site Web, o\u00f9 vous trouverez, en tout","breadcrumb":{"@id":"https:\/\/stepstojustice.ca\/fr\/nous-joindre\/#breadcrumb"},"inLanguage":"fr-FR","potentialAction":[{"@type":"ReadAction","target":["https:\/\/stepstojustice.ca\/fr\/nous-joindre\/"]}]},{"@type":"BreadcrumbList","@id":"https:\/\/stepstojustice.ca\/fr\/nous-joindre\/#breadcrumb","itemListElement":[{"@type":"ListItem","position":1,"name":"Home","item":"https:\/\/stepstojustice.ca\/fr\/"},{"@type":"ListItem","position":2,"name":"Nous joindre"}]},{"@type":"WebSite","@id":"https:\/\/stepstojustice.ca\/fr\/#website","url":"https:\/\/stepstojustice.ca\/fr\/","name":"Justice pas-\u00e0-pas","description":"Step-by-step information about legal problems","publisher":{"@id":"https:\/\/stepstojustice.ca\/fr\/#organization"},"potentialAction":[{"@type":"SearchAction","target":{"@type":"EntryPoint","urlTemplate":"https:\/\/stepstojustice.ca\/fr\/?s={search_term_string}"},"query-input":{"@type":"PropertyValueSpecification","valueRequired":true,"valueName":"search_term_string"}}],"inLanguage":"fr-FR"},{"@type":"Organization","@id":"https:\/\/stepstojustice.ca\/fr\/#organization","name":"Justice pas-\u00e0-pas","url":"https:\/\/stepstojustice.ca\/fr\/","logo":{"@type":"ImageObject","inLanguage":"fr-FR","@id":"https:\/\/stepstojustice.ca\/fr\/#\/schema\/logo\/image\/","url":"https:\/\/stepstojustice.ca\/wp-content\/uploads\/2020\/10\/logo-s2j.png","contentUrl":"https:\/\/stepstojustice.ca\/wp-content\/uploads\/2020\/10\/logo-s2j.png","width":1000,"height":146,"caption":"Justice pas-\u00e0-pas"},"image":{"@id":"https:\/\/stepstojustice.ca\/fr\/#\/schema\/logo\/image\/"},"sameAs":["https:\/\/www.facebook.com\/CLEOLegalRights\/","https:\/\/x.com\/CLEOLegalRights","https:\/\/www.instagram.com\/communitylegaleducationon\/"]}]}},"meta_box":{"contact_shortcode":"","contact_address":"","contact_address_details":"","contact_map":{"latitude":"","longitude":"","zoom":""},"remove_map":"","contact_company_name":"","contact_company_phones":[],"contact_company_email":"","contact_textarea":"","contact_other_text_block":"","contact_other_locations_show":"","contact_other_locations_title":"","contact_other_locations_type":"","contact_other_locations":[],"contact_gmaps_zoom_control":"","contact_gmaps_map_type_control":"","contact_gmaps_scaleControl":"","contact_gmaps_streetViewControl":"","contact_gmaps_rotateControl":"","contact_gmaps_fullscreenControl":"","location_gmaps_zoom_control":"","location_gmaps_map_type_control":"","location_gmaps_scaleControl":"","location_gmaps_streetViewControl":"","location_gmaps_rotateControl":"","location_gmaps_fullscreenControl":"","menu_page_links_type":"","menu_page_links":[],"menu_page_links_bottom_content":"","external_links_type":"","external_links":[],"external_sublinks":[],"private_staff_information_blocks":[],"private_staff_links_title":"","private_staff_links":[],"legal_topic_menu":[],"sb_display_type":"","sb_people_block":[],"homepage_partners_title":"","homepage_partners_button_text":"","homepage_partners_button_url":"","homepage_partners_menu":"","homepage_gp_title":"","homepage_gp_description":"","homepage_gp_menu":"","homepage_announcements_title":"","homepage_announcements_button_text":"","homepage_announcements_button_url":"","announcements":[],"homepage_topics_menu":"","homepage_position_of_illustration":"","homepage_top_section_title":"","homepage_top_section_description":"","homepage_top_section_search_placeholder":"","header_subtitle":"","header_image":[],"header_content":"","page_icon":[]},"_links":{"self":[{"href":"https:\/\/stepstojustice.ca\/fr\/wp-json\/wp\/v2\/pages\/1132048","targetHints":{"allow":["GET"]}}],"collection":[{"href":"https:\/\/stepstojustice.ca\/fr\/wp-json\/wp\/v2\/pages"}],"about":[{"href":"https:\/\/stepstojustice.ca\/fr\/wp-json\/wp\/v2\/types\/page"}],"author":[{"embeddable":true,"href":"https:\/\/stepstojustice.ca\/fr\/wp-json\/wp\/v2\/users\/2"}],"replies":[{"embeddable":true,"href":"https:\/\/stepstojustice.ca\/fr\/wp-json\/wp\/v2\/comments?post=1132048"}],"version-history":[{"count":5,"href":"https:\/\/stepstojustice.ca\/fr\/wp-json\/wp\/v2\/pages\/1132048\/revisions"}],"predecessor-version":[{"id":1270578,"href":"https:\/\/stepstojustice.ca\/fr\/wp-json\/wp\/v2\/pages\/1132048\/revisions\/1270578"}],"wp:attachment":[{"href":"https:\/\/stepstojustice.ca\/fr\/wp-json\/wp\/v2\/media?parent=1132048"}],"curies":[{"name":"wp","href":"https:\/\/api.w.org\/{rel}","templated":true}]}}