{"id":1242852,"date":"2022-09-21T04:12:55","date_gmt":"2022-09-21T08:12:55","guid":{"rendered":"https:\/\/stepstojustice.ca\/?page_id=1242852"},"modified":"2022-09-23T03:20:04","modified_gmt":"2022-09-23T07:20:04","slug":"ajoutez-des-boutons-parcours-guides-a-votre-site-web","status":"publish","type":"page","link":"https:\/\/stepstojustice.ca\/fr\/pour-incorporer-et-diffuser-du-contenu\/ajoutez-des-boutons-parcours-guides-a-votre-site-web\/","title":{"rendered":"Ajoutez des boutons Parcours guid\u00e9s \u00e0 votre site web"},"content":{"rendered":"<p>Nos boutons graphiques vous permettent de diriger vos visiteurs vers les questionnaires\u00a0gratuits en ligne des Parcours guid\u00e9s afin de remplir des formulaires judiciaires, r\u00e9diger des lettres et identifier vos prochaines \u00e9tapes.<\/p>\n<p>R\u00e9pondez aux questions ci-dessous et choisissez votre type de bouton. &#8220;Obtenir le bouton&#8221; g\u00e9n\u00e9rera le code que vous devez copier et ensuite coller dans le code source de n&#8217;importe quelle page de votre site web.<\/p>\n<p>Si vous avez des questions,\u00a0<a href=\"\/fr\/nous-joindre\/\">contactez-nous<\/a>.<\/p>\n<div class=\"embed-button\">\n                    <div class=\"form\">\n                        <h2 class=\"h3\">Exemple de bouton<\/h2>\n                        <div class=\"buttons-grid\">\n                            <div class=\"item\">\n                                <img decoding=\"async\" src=\"\/\/stepstojustice.ca\/sites\/all\/themes\/s2j_bootstrap\/s2j_assets\/share\/s2j-gp-fc-fr.png\" alt=\"\">\n                            <\/div>\n                        <\/div><div class=\"wpforms-container wpforms-container-full form\" id=\"wpforms-1243026\"><form id=\"wpforms-form-1243026\" class=\"wpforms-validate wpforms-form wpforms-ajax-form\" data-formid=\"1243026\" method=\"post\" enctype=\"multipart\/form-data\" action=\"\/fr\/wp-json\/wp\/v2\/pages\/1242852\/\" data-token=\"3664711816a113cd8bb4806ebf63f816\" data-token-time=\"1777315180\"><noscript class=\"wpforms-error-noscript\">Please enable JavaScript in your browser to complete this form.<\/noscript><div class=\"wpforms-field-container\"><div id=\"wpforms-1243026-field_4-container\" class=\"wpforms-field wpforms-field-text button-organization\" data-field-id=\"4\"><label class=\"wpforms-field-label\" for=\"wpforms-1243026-field_4\">Ajoutez le nom de votre organisme ici : <span class=\"wpforms-required-label\">*<\/span><\/label><input type=\"text\" id=\"wpforms-1243026-field_4\" class=\"wpforms-field-medium wpforms-field-required\" name=\"wpforms[fields][4]\" required><\/div><div id=\"wpforms-1243026-field_6-container\" class=\"wpforms-field wpforms-field-url button-website\" data-field-id=\"6\"><label class=\"wpforms-field-label\" for=\"wpforms-1243026-field_6\">L&#039;adresse URL de votre site : <span class=\"wpforms-required-label\">*<\/span><\/label><input type=\"url\" id=\"wpforms-1243026-field_6\" class=\"wpforms-field-medium wpforms-field-required\" name=\"wpforms[fields][6]\" required><\/div><div id=\"wpforms-1243026-field_7-container\" class=\"wpforms-field wpforms-field-select button-topic wpforms-field-select-style-classic\" data-field-id=\"7\"><label class=\"wpforms-field-label\" for=\"wpforms-1243026-field_7\">S\u00e9lectionnez un sujet juridique : <span class=\"wpforms-required-label\">*<\/span><\/label><select id=\"wpforms-1243026-field_7\" class=\"wpforms-field-medium wpforms-field-required\" name=\"wpforms[fields][7]\" required=\"required\"><option value=\"Criminal Law\" >Criminal Law<\/option><option value=\"Family Law\" >Family Law<\/option><\/select><\/div><div id=\"wpforms-1243026-field_8-container\" class=\"wpforms-field wpforms-field-select button-language wpforms-field-select-style-classic\" data-field-id=\"8\"><label class=\"wpforms-field-label\" for=\"wpforms-1243026-field_8\">S\u00e9lectionnez une langue : <span class=\"wpforms-required-label\">*<\/span><\/label><select id=\"wpforms-1243026-field_8\" class=\"wpforms-field-medium wpforms-field-required\" name=\"wpforms[fields][8]\" required=\"required\"><option value=\"Choice 3\" >Choice 3<\/option><\/select><\/div><div id=\"wpforms-1243026-field_11-container\" class=\"wpforms-field wpforms-field-checkbox\" data-field-id=\"11\"><label class=\"wpforms-field-label wpforms-label-hide\">Checkboxes <span class=\"wpforms-required-label\">*<\/span><\/label><ul id=\"wpforms-1243026-field_11\" class=\"wpforms-field-required\"><li class=\"choice-1 depth-1\"><input type=\"checkbox\" id=\"wpforms-1243026-field_11_1\" name=\"wpforms[fields][11][]\" value=\"J&#039;accepte les &lt;a href=&quot;\/fr\/conditions-dutilisation\/&quot;&gt;termes et les conditions&lt;\/a&gt; qui suivent pour le partage de contenu.\" required ><label class=\"wpforms-field-label-inline\" for=\"wpforms-1243026-field_11_1\">J'accepte les <a href=\"\/fr\/conditions-dutilisation\/\">termes et les conditions<\/a> qui suivent pour le partage de contenu.<\/label><\/li><\/ul><\/div><\/div><!-- .wpforms-field-container --><div class=\"wpforms-recaptcha-container wpforms-is-recaptcha wpforms-is-recaptcha-type-v3\" ><input type=\"hidden\" name=\"wpforms[recaptcha]\" value=\"\"><\/div><div class=\"wpforms-submit-container\" ><input type=\"hidden\" name=\"wpforms[id]\" value=\"1243026\"><input type=\"hidden\" name=\"page_title\" value=\"\"><input type=\"hidden\" name=\"page_url\" value=\"https:\/\/stepstojustice.ca\/fr\/wp-json\/wp\/v2\/pages\/1242852\/\"><button type=\"submit\" name=\"wpforms[submit]\" id=\"wpforms-submit-1243026\" class=\"wpforms-submit embed-button-submit\" data-alt-text=\"Transmission...\" data-submit-text=\"Obtenir le bouton\" aria-live=\"assertive\" value=\"wpforms-submit\">Obtenir le bouton<\/button><img decoding=\"async\" src=\"https:\/\/stepstojustice.ca\/wp-content\/plugins\/wpforms\/assets\/images\/submit-spin.svg\" class=\"wpforms-submit-spinner\" style=\"display: none;\" width=\"26\" height=\"26\" alt=\"Loading\"><\/div><\/form><\/div>  <!-- .wpforms-container --><\/div>                \n                    <div class=\"preview-box\" style=\"display:none;\">\n                        <h5> Aper\u00e7u et code du bouton<\/h5>\n                        <div class=\"img-box\"><img decoding=\"async\"  width=300 height=228 id=\"preview\" src=\"\/\/stepstojustice.ca\/sites\/all\/themes\/s2j_bootstrap\/s2j_assets\/share\/s2j-gp-spea-fr.png\" alt=\"\"><\/div>\n                        <div class=\"field\">\n                            <label class=\"field-name\">Code pour votre site<\/label>\n                            <textarea id=\"code\" class=\"form-control\"><\/textarea>\n                        <\/div>\n                        <p>Cliquez sur le bouton ci-dessous pour copier le code du bouton dans votre presse-papiers, ensuite durant la modification d'une page sur votre site web, collez le code sur une page HTML ou dans le CMS.<\/p>\n                        <a href=\"\" class=\"btn-dark copy-to-clipboard\">\n                            <span>Copier dans le presse-papier<\/span>\n                            <svg aria-hidden=\"true\" width=\"24\" height=\"24\" viewBox=\"0 0 24 24\" fill=\"none\" xmlns=\"http:\/\/www.w3.org\/2000\/svg\">\n                                <path fill-rule=\"evenodd\" clip-rule=\"evenodd\" d=\"M0 0L2.86197e-07 24L24 24L24 -2.86197e-07L0 0Z\" stroke=\"white\" stroke-width=\"0\"><\/path>\n                                <path fill-rule=\"evenodd\" clip-rule=\"evenodd\" d=\"M7.83984 7.41L12.4198 12L7.83984 16.59L9.24984 18L15.2498 12L9.24984 6L7.83984 7.41Z\" fill=\"white\"><\/path>\n                                <mask id=\"mask11\" mask-type=\"alpha\" maskUnits=\"userSpaceOnUse\" x=\"7\" y=\"6\" width=\"9\" height=\"12\">\n                                <path fill-rule=\"evenodd\" clip-rule=\"evenodd\" d=\"M7.83984 7.41L12.4198 12L7.83984 16.59L9.24984 18L15.2498 12L9.24984 6L7.83984 7.41Z\" fill=\"white\"><\/path>\n                                <\/mask>\n                                <g mask=\"url(#mask11)\">\n                                <\/g>\n                            <\/svg>\n                        <\/a>\n                    <\/div>\n                <\/div>\n<!-- AddThis Advanced Settings generic via filter on the_content --><!-- AddThis Share Buttons generic via filter on the_content -->","protected":false},"excerpt":{"rendered":"<p>Nos boutons graphiques vous permettent de diriger vos visiteurs vers les questionnaires\u00a0gratuits en ligne des Parcours guid\u00e9s afin de remplir des formulaires judiciaires, r\u00e9diger des lettres et identifier vos prochaines \u00e9tapes.<br \/>\nR\u00e9pondez aux questions ci-dessous et choisissez votre type de bouton. &#8220;Obtenir le bouton&#8221; g\u00e9n\u00e9rera le code que vous devez copier et ensuite coller dans le code source de n&#8217;importe quelle page de votre site web.<!-- AddThis Advanced Settings generic via filter on get_the_excerpt --><!-- AddThis Share Buttons generic via filter on get_the_excerpt --><\/p>\n","protected":false},"author":2,"featured_media":0,"parent":1122602,"menu_order":0,"comment_status":"closed","ping_status":"closed","template":"","meta":{"ub_ctt_via":"","inline_featured_image":false,"footnotes":""},"class_list":["post-1242852","page","type-page","status-publish","hentry"],"featured_image_src":null,"yoast_head":"<!-- This site is optimized with the Yoast SEO Premium plugin v23.9 (Yoast SEO v23.9) - https:\/\/yoast.com\/wordpress\/plugins\/seo\/ -->\n<title>Ajoutez des boutons Parcours guid\u00e9s \u00e0 votre site web - Justice pas-\u00e0-pas<\/title>\n<meta name=\"description\" content=\"Nos boutons graphiques vous permettent de diriger vos visiteurs vers les questionnaires\u00a0gratuits en ligne des Parcours guid\u00e9s afin de remplir des\" \/>\n<meta name=\"robots\" content=\"index, follow, max-snippet:-1, max-image-preview:large, max-video-preview:-1\" \/>\n<link rel=\"canonical\" href=\"https:\/\/stepstojustice.ca\/fr\/pour-incorporer-et-diffuser-du-contenu\/ajoutez-des-boutons-parcours-guides-a-votre-site-web\/\" \/>\n<meta property=\"og:locale\" content=\"fr_FR\" \/>\n<meta property=\"og:type\" content=\"article\" \/>\n<meta property=\"og:title\" content=\"Ajoutez des boutons Parcours guid\u00e9s \u00e0 votre site web - Justice pas-\u00e0-pas\" \/>\n<meta property=\"og:description\" content=\"Nos boutons graphiques vous permettent de diriger vos visiteurs vers les questionnaires\u00a0gratuits en ligne des Parcours guid\u00e9s afin de remplir des\" \/>\n<meta property=\"og:url\" content=\"https:\/\/stepstojustice.ca\/fr\/pour-incorporer-et-diffuser-du-contenu\/ajoutez-des-boutons-parcours-guides-a-votre-site-web\/\" \/>\n<meta property=\"og:site_name\" content=\"Justice pas-\u00e0-pas\" \/>\n<meta property=\"article:publisher\" content=\"https:\/\/www.facebook.com\/CLEOLegalRights\/\" \/>\n<meta property=\"article:modified_time\" content=\"2022-09-23T07:20:04+00:00\" \/>\n<meta property=\"og:image\" content=\"https:\/\/stepstojustice.ca\/wp-content\/uploads\/Steps-to-Justice-logo.jpg\" \/>\n\t<meta property=\"og:image:width\" content=\"1200\" \/>\n\t<meta property=\"og:image:height\" content=\"650\" \/>\n\t<meta property=\"og:image:type\" content=\"image\/jpeg\" \/>\n<meta name=\"twitter:card\" content=\"summary_large_image\" \/>\n<meta name=\"twitter:site\" content=\"@CLEOLegalRights\" \/>\n<meta name=\"twitter:label1\" content=\"Est. reading time\" \/>\n\t<meta name=\"twitter:data1\" content=\"1 minute\" \/>\n<script type=\"application\/ld+json\" class=\"yoast-schema-graph\">{\"@context\":\"https:\/\/schema.org\",\"@graph\":[{\"@type\":\"WebPage\",\"@id\":\"https:\/\/stepstojustice.ca\/fr\/pour-incorporer-et-diffuser-du-contenu\/ajoutez-des-boutons-parcours-guides-a-votre-site-web\/\",\"url\":\"https:\/\/stepstojustice.ca\/fr\/pour-incorporer-et-diffuser-du-contenu\/ajoutez-des-boutons-parcours-guides-a-votre-site-web\/\",\"name\":\"Ajoutez des boutons Parcours guid\u00e9s \u00e0 votre site web - Justice pas-\u00e0-pas\",\"isPartOf\":{\"@id\":\"https:\/\/stepstojustice.ca\/fr\/#website\"},\"datePublished\":\"2022-09-21T08:12:55+00:00\",\"dateModified\":\"2022-09-23T07:20:04+00:00\",\"description\":\"Nos boutons graphiques vous permettent de diriger vos visiteurs vers les questionnaires\u00a0gratuits en ligne des Parcours guid\u00e9s afin de remplir des\",\"breadcrumb\":{\"@id\":\"https:\/\/stepstojustice.ca\/fr\/pour-incorporer-et-diffuser-du-contenu\/ajoutez-des-boutons-parcours-guides-a-votre-site-web\/#breadcrumb\"},\"inLanguage\":\"fr-FR\",\"potentialAction\":[{\"@type\":\"ReadAction\",\"target\":[\"https:\/\/stepstojustice.ca\/fr\/pour-incorporer-et-diffuser-du-contenu\/ajoutez-des-boutons-parcours-guides-a-votre-site-web\/\"]}]},{\"@type\":\"BreadcrumbList\",\"@id\":\"https:\/\/stepstojustice.ca\/fr\/pour-incorporer-et-diffuser-du-contenu\/ajoutez-des-boutons-parcours-guides-a-votre-site-web\/#breadcrumb\",\"itemListElement\":[{\"@type\":\"ListItem\",\"position\":1,\"name\":\"Home\",\"item\":\"https:\/\/stepstojustice.ca\/fr\/\"},{\"@type\":\"ListItem\",\"position\":2,\"name\":\"Pour incorporer et diffuser du contenu\",\"item\":\"https:\/\/stepstojustice.ca\/fr\/pour-incorporer-et-diffuser-du-contenu\/\"},{\"@type\":\"ListItem\",\"position\":3,\"name\":\"Ajoutez des boutons Parcours guid\u00e9s \u00e0 votre site web\"}]},{\"@type\":\"WebSite\",\"@id\":\"https:\/\/stepstojustice.ca\/fr\/#website\",\"url\":\"https:\/\/stepstojustice.ca\/fr\/\",\"name\":\"Justice pas-\u00e0-pas\",\"description\":\"Step-by-step information about legal problems\",\"publisher\":{\"@id\":\"https:\/\/stepstojustice.ca\/fr\/#organization\"},\"potentialAction\":[{\"@type\":\"SearchAction\",\"target\":{\"@type\":\"EntryPoint\",\"urlTemplate\":\"https:\/\/stepstojustice.ca\/fr\/?s={search_term_string}\"},\"query-input\":{\"@type\":\"PropertyValueSpecification\",\"valueRequired\":true,\"valueName\":\"search_term_string\"}}],\"inLanguage\":\"fr-FR\"},{\"@type\":\"Organization\",\"@id\":\"https:\/\/stepstojustice.ca\/fr\/#organization\",\"name\":\"Justice pas-\u00e0-pas\",\"url\":\"https:\/\/stepstojustice.ca\/fr\/\",\"logo\":{\"@type\":\"ImageObject\",\"inLanguage\":\"fr-FR\",\"@id\":\"https:\/\/stepstojustice.ca\/fr\/#\/schema\/logo\/image\/\",\"url\":\"https:\/\/stepstojustice.ca\/wp-content\/uploads\/2020\/10\/logo-s2j.png\",\"contentUrl\":\"https:\/\/stepstojustice.ca\/wp-content\/uploads\/2020\/10\/logo-s2j.png\",\"width\":1000,\"height\":146,\"caption\":\"Justice pas-\u00e0-pas\"},\"image\":{\"@id\":\"https:\/\/stepstojustice.ca\/fr\/#\/schema\/logo\/image\/\"},\"sameAs\":[\"https:\/\/www.facebook.com\/CLEOLegalRights\/\",\"https:\/\/x.com\/CLEOLegalRights\",\"https:\/\/www.instagram.com\/communitylegaleducationon\/\"]}]}<\/script>\n<!-- \/ Yoast SEO Premium plugin. -->","yoast_head_json":{"title":"Ajoutez des boutons Parcours guid\u00e9s \u00e0 votre site web - Justice pas-\u00e0-pas","description":"Nos boutons graphiques vous permettent de diriger vos visiteurs vers les questionnaires\u00a0gratuits en ligne des Parcours guid\u00e9s afin de remplir des","robots":{"index":"index","follow":"follow","max-snippet":"max-snippet:-1","max-image-preview":"max-image-preview:large","max-video-preview":"max-video-preview:-1"},"canonical":"https:\/\/stepstojustice.ca\/fr\/pour-incorporer-et-diffuser-du-contenu\/ajoutez-des-boutons-parcours-guides-a-votre-site-web\/","og_locale":"fr_FR","og_type":"article","og_title":"Ajoutez des boutons Parcours guid\u00e9s \u00e0 votre site web - Justice pas-\u00e0-pas","og_description":"Nos boutons graphiques vous permettent de diriger vos visiteurs vers les questionnaires\u00a0gratuits en ligne des Parcours guid\u00e9s afin de remplir des","og_url":"https:\/\/stepstojustice.ca\/fr\/pour-incorporer-et-diffuser-du-contenu\/ajoutez-des-boutons-parcours-guides-a-votre-site-web\/","og_site_name":"Justice pas-\u00e0-pas","article_publisher":"https:\/\/www.facebook.com\/CLEOLegalRights\/","article_modified_time":"2022-09-23T07:20:04+00:00","og_image":[{"width":1200,"height":650,"url":"https:\/\/stepstojustice.ca\/wp-content\/uploads\/Steps-to-Justice-logo.jpg","type":"image\/jpeg"}],"twitter_card":"summary_large_image","twitter_site":"@CLEOLegalRights","twitter_misc":{"Est. reading time":"1 minute"},"schema":{"@context":"https:\/\/schema.org","@graph":[{"@type":"WebPage","@id":"https:\/\/stepstojustice.ca\/fr\/pour-incorporer-et-diffuser-du-contenu\/ajoutez-des-boutons-parcours-guides-a-votre-site-web\/","url":"https:\/\/stepstojustice.ca\/fr\/pour-incorporer-et-diffuser-du-contenu\/ajoutez-des-boutons-parcours-guides-a-votre-site-web\/","name":"Ajoutez des boutons Parcours guid\u00e9s \u00e0 votre site web - Justice pas-\u00e0-pas","isPartOf":{"@id":"https:\/\/stepstojustice.ca\/fr\/#website"},"datePublished":"2022-09-21T08:12:55+00:00","dateModified":"2022-09-23T07:20:04+00:00","description":"Nos boutons graphiques vous permettent de diriger vos visiteurs vers les questionnaires\u00a0gratuits en ligne des Parcours guid\u00e9s afin de remplir des","breadcrumb":{"@id":"https:\/\/stepstojustice.ca\/fr\/pour-incorporer-et-diffuser-du-contenu\/ajoutez-des-boutons-parcours-guides-a-votre-site-web\/#breadcrumb"},"inLanguage":"fr-FR","potentialAction":[{"@type":"ReadAction","target":["https:\/\/stepstojustice.ca\/fr\/pour-incorporer-et-diffuser-du-contenu\/ajoutez-des-boutons-parcours-guides-a-votre-site-web\/"]}]},{"@type":"BreadcrumbList","@id":"https:\/\/stepstojustice.ca\/fr\/pour-incorporer-et-diffuser-du-contenu\/ajoutez-des-boutons-parcours-guides-a-votre-site-web\/#breadcrumb","itemListElement":[{"@type":"ListItem","position":1,"name":"Home","item":"https:\/\/stepstojustice.ca\/fr\/"},{"@type":"ListItem","position":2,"name":"Pour incorporer et diffuser du contenu","item":"https:\/\/stepstojustice.ca\/fr\/pour-incorporer-et-diffuser-du-contenu\/"},{"@type":"ListItem","position":3,"name":"Ajoutez des boutons Parcours guid\u00e9s \u00e0 votre site web"}]},{"@type":"WebSite","@id":"https:\/\/stepstojustice.ca\/fr\/#website","url":"https:\/\/stepstojustice.ca\/fr\/","name":"Justice pas-\u00e0-pas","description":"Step-by-step information about legal problems","publisher":{"@id":"https:\/\/stepstojustice.ca\/fr\/#organization"},"potentialAction":[{"@type":"SearchAction","target":{"@type":"EntryPoint","urlTemplate":"https:\/\/stepstojustice.ca\/fr\/?s={search_term_string}"},"query-input":{"@type":"PropertyValueSpecification","valueRequired":true,"valueName":"search_term_string"}}],"inLanguage":"fr-FR"},{"@type":"Organization","@id":"https:\/\/stepstojustice.ca\/fr\/#organization","name":"Justice pas-\u00e0-pas","url":"https:\/\/stepstojustice.ca\/fr\/","logo":{"@type":"ImageObject","inLanguage":"fr-FR","@id":"https:\/\/stepstojustice.ca\/fr\/#\/schema\/logo\/image\/","url":"https:\/\/stepstojustice.ca\/wp-content\/uploads\/2020\/10\/logo-s2j.png","contentUrl":"https:\/\/stepstojustice.ca\/wp-content\/uploads\/2020\/10\/logo-s2j.png","width":1000,"height":146,"caption":"Justice pas-\u00e0-pas"},"image":{"@id":"https:\/\/stepstojustice.ca\/fr\/#\/schema\/logo\/image\/"},"sameAs":["https:\/\/www.facebook.com\/CLEOLegalRights\/","https:\/\/x.com\/CLEOLegalRights","https:\/\/www.instagram.com\/communitylegaleducationon\/"]}]}},"meta_box":{"contact_shortcode":"","contact_address":"","contact_address_details":"","contact_map":{"latitude":"","longitude":"","zoom":""},"remove_map":"","contact_company_name":"","contact_company_phones":[],"contact_company_email":"","contact_textarea":"","contact_other_text_block":"","contact_other_locations_show":"","contact_other_locations_title":"","contact_other_locations_type":"","contact_other_locations":[],"contact_gmaps_zoom_control":"","contact_gmaps_map_type_control":"","contact_gmaps_scaleControl":"","contact_gmaps_streetViewControl":"","contact_gmaps_rotateControl":"","contact_gmaps_fullscreenControl":"","location_gmaps_zoom_control":"","location_gmaps_map_type_control":"","location_gmaps_scaleControl":"","location_gmaps_streetViewControl":"","location_gmaps_rotateControl":"","location_gmaps_fullscreenControl":"","menu_page_links_type":"","menu_page_links":[],"menu_page_links_bottom_content":"","external_links_type":"","external_links":[],"external_sublinks":[],"private_staff_information_blocks":[],"private_staff_links_title":"","private_staff_links":[],"legal_topic_menu":[],"sb_display_type":"","sb_people_block":[],"homepage_partners_title":"","homepage_partners_button_text":"","homepage_partners_button_url":"","homepage_partners_menu":"","homepage_gp_title":"","homepage_gp_description":"","homepage_gp_menu":"","homepage_announcements_title":"","homepage_announcements_button_text":"","homepage_announcements_button_url":"","announcements":[],"homepage_topics_menu":"","homepage_position_of_illustration":"","homepage_top_section_title":"","homepage_top_section_description":"","homepage_top_section_search_placeholder":"","header_subtitle":"","header_image":[],"header_content":"","page_icon":[]},"_links":{"self":[{"href":"https:\/\/stepstojustice.ca\/fr\/wp-json\/wp\/v2\/pages\/1242852","targetHints":{"allow":["GET"]}}],"collection":[{"href":"https:\/\/stepstojustice.ca\/fr\/wp-json\/wp\/v2\/pages"}],"about":[{"href":"https:\/\/stepstojustice.ca\/fr\/wp-json\/wp\/v2\/types\/page"}],"author":[{"embeddable":true,"href":"https:\/\/stepstojustice.ca\/fr\/wp-json\/wp\/v2\/users\/2"}],"replies":[{"embeddable":true,"href":"https:\/\/stepstojustice.ca\/fr\/wp-json\/wp\/v2\/comments?post=1242852"}],"version-history":[{"count":3,"href":"https:\/\/stepstojustice.ca\/fr\/wp-json\/wp\/v2\/pages\/1242852\/revisions"}],"predecessor-version":[{"id":1243029,"href":"https:\/\/stepstojustice.ca\/fr\/wp-json\/wp\/v2\/pages\/1242852\/revisions\/1243029"}],"up":[{"embeddable":true,"href":"https:\/\/stepstojustice.ca\/fr\/wp-json\/wp\/v2\/pages\/1122602"}],"wp:attachment":[{"href":"https:\/\/stepstojustice.ca\/fr\/wp-json\/wp\/v2\/media?parent=1242852"}],"curies":[{"name":"wp","href":"https:\/\/api.w.org\/{rel}","templated":true}]}}