{"id":1254299,"date":"2023-07-24T08:44:54","date_gmt":"2023-07-24T12:44:54","guid":{"rendered":"https:\/\/stepstojustice.ca\/?page_id=1254299"},"modified":"2024-04-18T11:44:06","modified_gmt":"2024-04-18T15:44:06","slug":"commencer","status":"publish","type":"page","link":"https:\/\/stepstojustice.ca\/fr\/organigramme-famille\/commencer\/","title":{"rendered":"\u00c9tapes d\u2019une affaire de droit de la famille&nbsp;: Avant que vous commenciez"},"content":{"rendered":"\n\n\n<div class=\"flowchart-text-and-legend-container\">\n      <div class=\"flowchart-text-container\">\n          <p>Le pr\u00e9sent organigramme vous montre les \u00e9tapes possibles d\u2019une affaire de droit de la famille en Ontario.<\/p>\n          <p>Il ne s\u2019applique qu\u2019aux affaires judiciaires portant sur la garde d\u2019enfants et le droit de visite, les aliments pour les enfants, les aliments pour le conjoint et le partage des biens. Il vous fournit aussi des renseignements de base sur ce qui se passe et ce que vous pourriez devoir faire \u00e0 chaque \u00e9tape. Votre situation pourrait \u00eatre diff\u00e9rente.\n          <\/p>\n      <\/div>\n\n      <div class=\"flowchart-legend-container\">\n          <p class=\"flowchart-legend-purple\">L\u2019un ou l\u2019autre des conjoints<\/p>\n          <p class=\"flowchart-legend-red\">Le requ\u00e9rant<\/p>\n          <p class=\"flowchart-legend-green\">L\u2019intim\u00e9<\/p>\n          <p class=\"flowchart-legend-dotted\">\u00c9tape facultative<\/p>\n      <\/div>\n  <\/div>\n                        \n  <p>&nbsp;<\/p>\n                        \n  <!-- FRAMEWORK FLOWCHART -->\n\n  <nav class=\"flowchart-nav flowchart-before-start-wrapper\">\n    <ul class=\"flowchart-start\">\n      <li class=\"flowchart-start\">\n        <a\n          href=\"\/fr\/organigrammes-famille\/commencer\/quelles-questions-juridiques-devez-vous-examiner\/\"\n          class=\"flowchart-item flowchart-item-large\"\n        >\n          <p>Quelles questions juridiques devez-vous examiner?<\/p>\n        <\/a>\n\n        <ul class=\"flowchart-childrens\">\n          <li class=\"flowchart-list-element\">\n            <a\n              href=\"\/fr\/organigrammes-famille\/commencer\/si-votre-conjoint-et-vous-etes-daccord-sur-certaines-questions-ou-sur-toutes-les\/\"\n              class=\"flowchart-item flowchart-item-medium\"\n            >\n              <p>\n                Si votre conjoint et vous \u00eates d\u2019accord sur<br \/>\n                certaines questions ou sur toutes les questions\n              <\/p>\n            <\/a>\n\n            <ul class=\"flowchart-childrens\">\n              <li class=\"flowchart-list-element\">\n                <a\n                  href=\"\/fr\/organigrammes-famille\/commencer\/concluez-un-accord-de-separation\/\"\n                  class=\"flowchart-item flowchart-item-small flowchart-item-left\"\n                >\n                  <p>Concluez un accord de s\u00e9paration<\/p>\n                <\/a>\n\n                <ul\n                  class=\"flowchart-childrens flowchart-dotted-child\"\n                >\n                  <li class=\"flowchart-list-element flowchart-dotted\">\n                    <a\n                      href=\"\/fr\/organigrammes-famille\/commencer\/deposez-votre-accord-de-separation-aupres-du-tribunal\/\"\n                      class=\"flowchart-item flowchart-item-small flowchart-item-left\"\n                    >\n                      <p>\n                        D\u00e9posez votre accord de s\u00e9paration aupr\u00e8s du\n                        tribunal\n                      <\/p>\n                    <\/a>\n                  <\/li>\n                <\/ul>\n              <\/li>\n            <\/ul>\n          <\/li>\n\n          <li class=\"flowchart-list-element\">\n            <a\n              href=\"\/fr\/organigrammes-famille\/commencer\/si-votre-conjoint-et-vous-netes-pas-daccord-sur-ce-qui-devrait-se-passer\/\"\n              class=\"flowchart-item flowchart-item-medium\"\n            >\n              <p>\n                Si votre conjoint et vous n\u2019\u00eates pas d\u2019accord<br \/>\n                sur ce qui devrait se passer\n              <\/p>\n            <\/a>\n\n            <ul class=\"flowchart-childrens\">\n              <li class=\"flowchart-list-element\">\n                <a\n                  href=\"\/fr\/organigrammes-famille\/commencer\/devant-quel-tribunal-devez-vous-vous-presenter\/\"\n                  class=\"flowchart-item flowchart-item-small\"\n                >\n                  <p>\n                    Devant quel tribunal devez-vous vous pr\u00e9senter?\n                  <\/p>\n                <\/a>\n              <\/li>\n\n              <li class=\"flowchart-list-element\">\n                <a\n                  href=\"\/fr\/organigrammes-famille\/commencer\/obtenez-de-laide-dun-professionnel-en-droit-de-la-famille\/\"\n                  class=\"flowchart-item flowchart-item-small\"\n                >\n                  <p>\n                    Obtenez de l\u2019aide d\u2019un professionnel en droit de\n                    la famille\n                  <\/p>\n                <\/a>\n              <\/li>\n            <\/ul>\n          <\/li>\n        <\/ul>\n      <\/li>\n\n      <li class=\"flowchart-start specific-flowchart\">\n        <ul class=\"flowchart-childrens\">\n          <li class=\"flowchart-list-element\">\n            <a\n              href=\"\/fr\/organigrammes-famille\/commencer\/vous-introduisez-une-instance-en-droit-de-la-famille\/\"\n              class=\"flowchart-item-red flowchart-item flowchart-item-medium\"\n            >\n              <p>\n                Vous introduisez une instance en droit<br \/>\n                de la famille. Vous \u00eates le\n                <strong>requ\u00e9rant<\/strong>.\n              <\/p>\n            <\/a>\n\n            <ul class=\"flowchart-childrens\">\n              <li class=\"flowchart-list-element\">\n                <a\n                  href=\"\/fr\/organigramme-famille\/requerant\/\"\n                  class=\"flowchart-item-full-red flowchart-item flowchart-item-medium\"\n                >\n                  <p>Organigramme du requ\u00e9rant<\/p>\n                <\/a>\n              <\/li>\n            <\/ul>\n          <\/li>\n\n          <li class=\"flowchart-list-element\">\n            <a\n              href=\"\/fr\/organigrammes-famille\/commencer\/votre-conjoint-introduit-une-instance-en-droit-de-la-famille\/\"\n              class=\"flowchart-item-green flowchart-item flowchart-item-medium\"\n            >\n              <p>\n                Votre conjoint a introduit une instance en<br \/>\n                droit de la famille. Vous \u00eates\n                l\u2019<strong>intim\u00e9<\/strong>.\n              <\/p>\n            <\/a>\n\n            <ul class=\"flowchart-childrens\">\n              <li class=\"flowchart-list-element\">\n                <a\n                  href=\"\/fr\/organigramme-famille\/intime\/\"\n                  class=\"flowchart-item-full-green flowchart-item flowchart-item-medium\"\n                >\n                  <p>Organigramme de l\u2019intim\u00e9<\/p>\n                <\/a>\n              <\/li>\n            <\/ul>\n          <\/li>\n        <\/ul>\n      <\/li>\n    <\/ul>\n  <\/nav>\n\n<p>&nbsp;<\/p>\n<div class=\"flowchart-footer\">\n<p>Le pr\u00e9sent organigramme contient des renseignements juridiques \u00e0 caract\u00e8re g\u00e9n\u00e9ral pour les personnes qui r\u00e9sident en Ontario, au Canada. Ces renseignements ne doivent pas servir de conseils juridiques face \u00e0 des probl\u00e8mes juridiques particuliers.<\/p>\n<\/div>\n<p>Mis \u00e0 jour le: mars 2023<\/p>\n<!-- AddThis Advanced Settings generic via filter on the_content --><!-- AddThis Share Buttons generic via filter on the_content -->","protected":false},"excerpt":{"rendered":"<p>Le pr\u00e9sent organigramme vous montre les \u00e9tapes possibles d\u2019une affaire de droit de la famille en Ontario.<br \/>\n          Il ne s\u2019applique qu\u2019aux affaires judiciaires portant sur la garde d\u2019enfants et le droit de visite, les aliments pour les enfants, les aliments pour le conjoint et le partage des biens. Il vous fournit aussi des renseignements de base sur ce qui se passe et ce que vous pourriez devoir faire \u00e0 chaque \u00e9tape.<!-- AddThis Advanced Settings generic via filter on get_the_excerpt --><!-- AddThis Share Buttons generic via filter on get_the_excerpt --><\/p>\n","protected":false},"author":2,"featured_media":0,"parent":1254295,"menu_order":0,"comment_status":"closed","ping_status":"closed","template":"template-flowchart.php","meta":{"ub_ctt_via":"","inline_featured_image":false,"footnotes":""},"class_list":["post-1254299","page","type-page","status-publish","hentry"],"featured_image_src":null,"yoast_head":"<!-- This site is optimized with the Yoast SEO Premium plugin v23.9 (Yoast SEO v23.9) - https:\/\/yoast.com\/wordpress\/plugins\/seo\/ -->\n<title>\u00c9tapes d\u2019une affaire de droit de la famille&nbsp;: Avant que vous commenciez - Justice pas-\u00e0-pas<\/title>\n<meta name=\"description\" content=\"Le pr\u00e9sent organigramme vous montre les \u00e9tapes possibles d\u2019une affaire de droit de la famille en Ontario. Il ne s\u2019applique qu\u2019aux affaires judiciaires\" \/>\n<meta name=\"robots\" content=\"index, follow, max-snippet:-1, max-image-preview:large, max-video-preview:-1\" \/>\n<link rel=\"canonical\" href=\"https:\/\/stepstojustice.ca\/fr\/organigramme-famille\/commencer\/\" \/>\n<meta property=\"og:locale\" content=\"fr_FR\" \/>\n<meta property=\"og:type\" content=\"article\" \/>\n<meta property=\"og:title\" content=\"\u00c9tapes d\u2019une affaire de droit de la famille&nbsp;: Avant que vous commenciez - Justice pas-\u00e0-pas\" \/>\n<meta property=\"og:description\" content=\"Le pr\u00e9sent organigramme vous montre les \u00e9tapes possibles d\u2019une affaire de droit de la famille en Ontario. Il ne s\u2019applique qu\u2019aux affaires judiciaires\" \/>\n<meta property=\"og:url\" content=\"https:\/\/stepstojustice.ca\/fr\/organigramme-famille\/commencer\/\" \/>\n<meta property=\"og:site_name\" content=\"Justice pas-\u00e0-pas\" \/>\n<meta property=\"article:publisher\" content=\"https:\/\/www.facebook.com\/CLEOLegalRights\/\" \/>\n<meta property=\"article:modified_time\" content=\"2024-04-18T15:44:06+00:00\" \/>\n<meta property=\"og:image\" content=\"https:\/\/stepstojustice.ca\/wp-content\/uploads\/Steps-to-Justice-logo.jpg\" \/>\n\t<meta property=\"og:image:width\" content=\"1200\" \/>\n\t<meta property=\"og:image:height\" content=\"650\" \/>\n\t<meta property=\"og:image:type\" content=\"image\/jpeg\" \/>\n<meta name=\"twitter:card\" content=\"summary_large_image\" \/>\n<meta name=\"twitter:site\" content=\"@CLEOLegalRights\" \/>\n<meta name=\"twitter:label1\" content=\"Est. reading time\" \/>\n\t<meta name=\"twitter:data1\" content=\"1 minute\" \/>\n<script type=\"application\/ld+json\" class=\"yoast-schema-graph\">{\"@context\":\"https:\/\/schema.org\",\"@graph\":[{\"@type\":\"WebPage\",\"@id\":\"https:\/\/stepstojustice.ca\/fr\/organigramme-famille\/commencer\/\",\"url\":\"https:\/\/stepstojustice.ca\/fr\/organigramme-famille\/commencer\/\",\"name\":\"\u00c9tapes d\u2019une affaire de droit de la famille&nbsp;: Avant que vous commenciez - Justice pas-\u00e0-pas\",\"isPartOf\":{\"@id\":\"https:\/\/stepstojustice.ca\/fr\/#website\"},\"datePublished\":\"2023-07-24T12:44:54+00:00\",\"dateModified\":\"2024-04-18T15:44:06+00:00\",\"description\":\"Le pr\u00e9sent organigramme vous montre les \u00e9tapes possibles d\u2019une affaire de droit de la famille en Ontario. Il ne s\u2019applique qu\u2019aux affaires judiciaires\",\"breadcrumb\":{\"@id\":\"https:\/\/stepstojustice.ca\/fr\/organigramme-famille\/commencer\/#breadcrumb\"},\"inLanguage\":\"fr-FR\",\"potentialAction\":[{\"@type\":\"ReadAction\",\"target\":[\"https:\/\/stepstojustice.ca\/fr\/organigramme-famille\/commencer\/\"]}]},{\"@type\":\"BreadcrumbList\",\"@id\":\"https:\/\/stepstojustice.ca\/fr\/organigramme-famille\/commencer\/#breadcrumb\",\"itemListElement\":[{\"@type\":\"ListItem\",\"position\":1,\"name\":\"Home\",\"item\":\"https:\/\/stepstojustice.ca\/fr\/\"},{\"@type\":\"ListItem\",\"position\":2,\"name\":\"Organigrammes en mati\u00e8re de droit de la famille\",\"item\":\"https:\/\/stepstojustice.ca\/fr\/organigramme-famille\/\"},{\"@type\":\"ListItem\",\"position\":3,\"name\":\"\u00c9tapes d\u2019une affaire de droit de la famille&nbsp;: Avant que vous commenciez\"}]},{\"@type\":\"WebSite\",\"@id\":\"https:\/\/stepstojustice.ca\/fr\/#website\",\"url\":\"https:\/\/stepstojustice.ca\/fr\/\",\"name\":\"Justice pas-\u00e0-pas\",\"description\":\"Step-by-step information about legal problems\",\"publisher\":{\"@id\":\"https:\/\/stepstojustice.ca\/fr\/#organization\"},\"potentialAction\":[{\"@type\":\"SearchAction\",\"target\":{\"@type\":\"EntryPoint\",\"urlTemplate\":\"https:\/\/stepstojustice.ca\/fr\/?s={search_term_string}\"},\"query-input\":{\"@type\":\"PropertyValueSpecification\",\"valueRequired\":true,\"valueName\":\"search_term_string\"}}],\"inLanguage\":\"fr-FR\"},{\"@type\":\"Organization\",\"@id\":\"https:\/\/stepstojustice.ca\/fr\/#organization\",\"name\":\"Justice pas-\u00e0-pas\",\"url\":\"https:\/\/stepstojustice.ca\/fr\/\",\"logo\":{\"@type\":\"ImageObject\",\"inLanguage\":\"fr-FR\",\"@id\":\"https:\/\/stepstojustice.ca\/fr\/#\/schema\/logo\/image\/\",\"url\":\"https:\/\/stepstojustice.ca\/wp-content\/uploads\/2020\/10\/logo-s2j.png\",\"contentUrl\":\"https:\/\/stepstojustice.ca\/wp-content\/uploads\/2020\/10\/logo-s2j.png\",\"width\":1000,\"height\":146,\"caption\":\"Justice pas-\u00e0-pas\"},\"image\":{\"@id\":\"https:\/\/stepstojustice.ca\/fr\/#\/schema\/logo\/image\/\"},\"sameAs\":[\"https:\/\/www.facebook.com\/CLEOLegalRights\/\",\"https:\/\/x.com\/CLEOLegalRights\",\"https:\/\/www.instagram.com\/communitylegaleducationon\/\"]}]}<\/script>\n<!-- \/ Yoast SEO Premium plugin. -->","yoast_head_json":{"title":"\u00c9tapes d\u2019une affaire de droit de la famille&nbsp;: Avant que vous commenciez - Justice pas-\u00e0-pas","description":"Le pr\u00e9sent organigramme vous montre les \u00e9tapes possibles d\u2019une affaire de droit de la famille en Ontario. Il ne s\u2019applique qu\u2019aux affaires judiciaires","robots":{"index":"index","follow":"follow","max-snippet":"max-snippet:-1","max-image-preview":"max-image-preview:large","max-video-preview":"max-video-preview:-1"},"canonical":"https:\/\/stepstojustice.ca\/fr\/organigramme-famille\/commencer\/","og_locale":"fr_FR","og_type":"article","og_title":"\u00c9tapes d\u2019une affaire de droit de la famille&nbsp;: Avant que vous commenciez - Justice pas-\u00e0-pas","og_description":"Le pr\u00e9sent organigramme vous montre les \u00e9tapes possibles d\u2019une affaire de droit de la famille en Ontario. Il ne s\u2019applique qu\u2019aux affaires judiciaires","og_url":"https:\/\/stepstojustice.ca\/fr\/organigramme-famille\/commencer\/","og_site_name":"Justice pas-\u00e0-pas","article_publisher":"https:\/\/www.facebook.com\/CLEOLegalRights\/","article_modified_time":"2024-04-18T15:44:06+00:00","og_image":[{"width":1200,"height":650,"url":"https:\/\/stepstojustice.ca\/wp-content\/uploads\/Steps-to-Justice-logo.jpg","type":"image\/jpeg"}],"twitter_card":"summary_large_image","twitter_site":"@CLEOLegalRights","twitter_misc":{"Est. reading time":"1 minute"},"schema":{"@context":"https:\/\/schema.org","@graph":[{"@type":"WebPage","@id":"https:\/\/stepstojustice.ca\/fr\/organigramme-famille\/commencer\/","url":"https:\/\/stepstojustice.ca\/fr\/organigramme-famille\/commencer\/","name":"\u00c9tapes d\u2019une affaire de droit de la famille&nbsp;: Avant que vous commenciez - Justice pas-\u00e0-pas","isPartOf":{"@id":"https:\/\/stepstojustice.ca\/fr\/#website"},"datePublished":"2023-07-24T12:44:54+00:00","dateModified":"2024-04-18T15:44:06+00:00","description":"Le pr\u00e9sent organigramme vous montre les \u00e9tapes possibles d\u2019une affaire de droit de la famille en Ontario. Il ne s\u2019applique qu\u2019aux affaires judiciaires","breadcrumb":{"@id":"https:\/\/stepstojustice.ca\/fr\/organigramme-famille\/commencer\/#breadcrumb"},"inLanguage":"fr-FR","potentialAction":[{"@type":"ReadAction","target":["https:\/\/stepstojustice.ca\/fr\/organigramme-famille\/commencer\/"]}]},{"@type":"BreadcrumbList","@id":"https:\/\/stepstojustice.ca\/fr\/organigramme-famille\/commencer\/#breadcrumb","itemListElement":[{"@type":"ListItem","position":1,"name":"Home","item":"https:\/\/stepstojustice.ca\/fr\/"},{"@type":"ListItem","position":2,"name":"Organigrammes en mati\u00e8re de droit de la famille","item":"https:\/\/stepstojustice.ca\/fr\/organigramme-famille\/"},{"@type":"ListItem","position":3,"name":"\u00c9tapes d\u2019une affaire de droit de la famille&nbsp;: Avant que vous commenciez"}]},{"@type":"WebSite","@id":"https:\/\/stepstojustice.ca\/fr\/#website","url":"https:\/\/stepstojustice.ca\/fr\/","name":"Justice pas-\u00e0-pas","description":"Step-by-step information about legal problems","publisher":{"@id":"https:\/\/stepstojustice.ca\/fr\/#organization"},"potentialAction":[{"@type":"SearchAction","target":{"@type":"EntryPoint","urlTemplate":"https:\/\/stepstojustice.ca\/fr\/?s={search_term_string}"},"query-input":{"@type":"PropertyValueSpecification","valueRequired":true,"valueName":"search_term_string"}}],"inLanguage":"fr-FR"},{"@type":"Organization","@id":"https:\/\/stepstojustice.ca\/fr\/#organization","name":"Justice pas-\u00e0-pas","url":"https:\/\/stepstojustice.ca\/fr\/","logo":{"@type":"ImageObject","inLanguage":"fr-FR","@id":"https:\/\/stepstojustice.ca\/fr\/#\/schema\/logo\/image\/","url":"https:\/\/stepstojustice.ca\/wp-content\/uploads\/2020\/10\/logo-s2j.png","contentUrl":"https:\/\/stepstojustice.ca\/wp-content\/uploads\/2020\/10\/logo-s2j.png","width":1000,"height":146,"caption":"Justice pas-\u00e0-pas"},"image":{"@id":"https:\/\/stepstojustice.ca\/fr\/#\/schema\/logo\/image\/"},"sameAs":["https:\/\/www.facebook.com\/CLEOLegalRights\/","https:\/\/x.com\/CLEOLegalRights","https:\/\/www.instagram.com\/communitylegaleducationon\/"]}]}},"meta_box":{"contact_shortcode":"","contact_address":"","contact_address_details":"","contact_map":{"latitude":"","longitude":"","zoom":""},"remove_map":"","contact_company_name":"","contact_company_phones":[],"contact_company_email":"","contact_textarea":"","contact_other_text_block":"","contact_other_locations_show":"","contact_other_locations_title":"","contact_other_locations_type":"","contact_other_locations":[],"contact_gmaps_zoom_control":"","contact_gmaps_map_type_control":"","contact_gmaps_scaleControl":"","contact_gmaps_streetViewControl":"","contact_gmaps_rotateControl":"","contact_gmaps_fullscreenControl":"","location_gmaps_zoom_control":"","location_gmaps_map_type_control":"","location_gmaps_scaleControl":"","location_gmaps_streetViewControl":"","location_gmaps_rotateControl":"","location_gmaps_fullscreenControl":"","menu_page_links_type":"","menu_page_links":[],"menu_page_links_bottom_content":"","external_links_type":"","external_links":[],"external_sublinks":[],"private_staff_information_blocks":[],"private_staff_links_title":"","private_staff_links":[],"legal_topic_menu":[],"sb_display_type":"","sb_people_block":[],"homepage_partners_title":"","homepage_partners_button_text":"","homepage_partners_button_url":"","homepage_partners_menu":"","homepage_gp_title":"","homepage_gp_description":"","homepage_gp_menu":"","homepage_announcements_title":"","homepage_announcements_button_text":"","homepage_announcements_button_url":"","announcements":[],"homepage_topics_menu":"","homepage_position_of_illustration":"","homepage_top_section_title":"","homepage_top_section_description":"","homepage_top_section_search_placeholder":"","header_subtitle":"","header_image":[],"header_content":"","page_icon":[]},"_links":{"self":[{"href":"https:\/\/stepstojustice.ca\/fr\/wp-json\/wp\/v2\/pages\/1254299","targetHints":{"allow":["GET"]}}],"collection":[{"href":"https:\/\/stepstojustice.ca\/fr\/wp-json\/wp\/v2\/pages"}],"about":[{"href":"https:\/\/stepstojustice.ca\/fr\/wp-json\/wp\/v2\/types\/page"}],"author":[{"embeddable":true,"href":"https:\/\/stepstojustice.ca\/fr\/wp-json\/wp\/v2\/users\/2"}],"replies":[{"embeddable":true,"href":"https:\/\/stepstojustice.ca\/fr\/wp-json\/wp\/v2\/comments?post=1254299"}],"version-history":[{"count":10,"href":"https:\/\/stepstojustice.ca\/fr\/wp-json\/wp\/v2\/pages\/1254299\/revisions"}],"predecessor-version":[{"id":1263506,"href":"https:\/\/stepstojustice.ca\/fr\/wp-json\/wp\/v2\/pages\/1254299\/revisions\/1263506"}],"up":[{"embeddable":true,"href":"https:\/\/stepstojustice.ca\/fr\/wp-json\/wp\/v2\/pages\/1254295"}],"wp:attachment":[{"href":"https:\/\/stepstojustice.ca\/fr\/wp-json\/wp\/v2\/media?parent=1254299"}],"curies":[{"name":"wp","href":"https:\/\/api.w.org\/{rel}","templated":true}]}}